{"id":7842,"date":"2025-09-17T11:57:58","date_gmt":"2025-09-17T09:57:58","guid":{"rendered":"https:\/\/boreait.com\/hu\/?post_type=product&#038;p=7842"},"modified":"2025-09-17T11:58:04","modified_gmt":"2025-09-17T09:58:04","slug":"14-led-fhd-ips-matt-kepernyo-lp140wfa-spm1-1920x1080-30-tus-tukrozodesmentes","status":"publish","type":"product","link":"https:\/\/boreait.com\/hu\/termek\/14-led-fhd-ips-matt-kepernyo-lp140wfa-spm1-1920x1080-30-tus-tukrozodesmentes\/","title":{"rendered":"14&#8243; LED FHD IPS matt k\u00e9perny\u0151 LP140WFA-SPM1, 1920&#215;1080, 30 t\u0171s, t\u00fckr\u00f6z\u0151d\u00e9smentes"},"content":{"rendered":"<p><strong>T\u00e9nyleges k\u00e9perny\u0151s modell: B140HAN04.D \/ B140HA07.1 \/NV140FHM-N4T V8.2 \/ N140HCA-EEK \u2013 teljes m\u00e9rt\u00e9kben kompatibilis az LLP140WFA-SPM1-gyel.<\/strong><\/p>\n<p>Bemutatjuk az LP140WFA-SPM1-et \u2013 egy pr\u00e9mium 14 h\u00fcvelykes LED Full HD IPS-kijelz\u0151t, amelyet arra terveztek, hogy \u00faj magass\u00e1gokba emelje a megtekint\u00e9si \u00e9lm\u00e9nyt. 1920&#215;1080-as felbont\u00e1s\u00e1val ez a k\u00e9perny\u0151 p\u00e1ratlan tisztas\u00e1got \u00e9s \u00e9l\u00e9nk sz\u00edneket biztos\u00edt, \u00edgy ide\u00e1lis friss\u00edt\u00e9s a szakemberek \u00e9s a rajong\u00f3k sz\u00e1m\u00e1ra egyar\u00e1nt.<\/p>\n<p><strong>F\u0151bb jellemz\u0151k:<\/strong><\/p>\n<ul>\n<li><strong>Full HD felbont\u00e1s:<\/strong> \u00c9lvezze a l\u00e9legzetel\u00e1ll\u00edt\u00f3 tisztas\u00e1got \u00e9s r\u00e9szleteket \u00e9l\u00e9nk sz\u00ednekkel \u00e9s m\u00e9ly kontrasztokkal. A Full HD felbont\u00e1s gondoskodik arr\u00f3l, hogy minden pixel sz\u00e1m\u00edtson, \u00e9s mag\u00e1val ragad\u00f3 megtekint\u00e9si \u00e9lm\u00e9nyt ny\u00fajt \u00d6nnek, ak\u00e1r dolgozik, j\u00e1tszik, ak\u00e1r n\u00e9z.<\/li>\n<li><strong>IPS technol\u00f3gia:<\/strong> Haszn\u00e1lja ki az egyenletes sz\u00ednvisszaad\u00e1st \u00e9s a sz\u00e9les betekint\u00e9si sz\u00f6geket. Az IPS technol\u00f3gia lehet\u0151v\u00e9 teszi, hogy b\u00e1rmilyen szemsz\u00f6gb\u0151l ugyanolyan min\u0151s\u00e9g\u0171 l\u00e1tv\u00e1nyt \u00e9lvezhessen, \u00edgy t\u00f6k\u00e9letes a k\u00e9perny\u0151 m\u00e1sokkal val\u00f3 megoszt\u00e1s\u00e1hoz.<\/li>\n<li><strong>Matt t\u00fckr\u00f6z\u0151d\u00e9smentes bevonat:<\/strong> Mondjon b\u00facs\u00fat a zavar\u00f3 t\u00fckr\u00f6z\u0151d\u00e9seknek. A matt fel\u00fclet cs\u00f6kkenti a t\u00fckr\u00f6z\u0151d\u00e9st, \u00e9s k\u00e9nyelmes munk\u00e1t tesz lehet\u0151v\u00e9 b\u00e1rmilyen f\u00e9nyviszonyok k\u00f6z\u00f6tt, cs\u00f6kkentve a szem meger\u0151ltet\u00e9s\u00e9t hosszabb haszn\u00e1lat sor\u00e1n.<\/li>\n<li><strong>30 t\u0171s csatlakoz\u00f3:<\/strong> a kompatibilit\u00e1s kulcsfontoss\u00e1g\u00fa. Ez a kijelz\u0151 30 t\u0171s csatlakoz\u00f3val rendelkezik, amely egyszer\u0171 telep\u00edt\u00e9st \u00e9s sokf\u00e9le eszk\u00f6zzel val\u00f3 kompatibilit\u00e1st biztos\u00edt.<\/li>\n<\/ul>\n<p>Az LP140WFA-SPM1 nem csak egy kijelz\u0151; ez egy befektet\u00e9s a termel\u00e9kenys\u00e9gbe \u00e9s a sz\u00f3rakoztat\u00e1sba. Legyen sz\u00f3 nagy felbont\u00e1s\u00fa k\u00e9pek szerkeszt\u00e9s\u00e9r\u0151l, sz\u00e1mok ropogtat\u00e1s\u00e1r\u00f3l, vagy kedvenc filmjeibe \u00e9s j\u00e1t\u00e9kaiba mer\u00fcl\u00e9sr\u0151l, ezt a k\u00e9perny\u0151t \u00fagy tervezt\u00e9k, hogy p\u00e1ratlan vizu\u00e1lis \u00e9lm\u00e9nyben legyen r\u00e9sze. Eleg\u00e1ns kialak\u00edt\u00e1sa \u00e9s t\u00fckr\u00f6z\u0151d\u00e9sg\u00e1tl\u00f3 tulajdons\u00e1gai sokoldal\u00fa v\u00e1laszt\u00e1ss\u00e1 teszik b\u00e1rmilyen k\u00f6rnyezetben. Friss\u00edtse eszk\u00f6z\u00e9t az LP140WFA-SPM1-gyel, \u00e9s tapasztalja meg a k\u00fcl\u00f6nbs\u00e9get minden pixelben.<\/p>\n","protected":false},"excerpt":{"rendered":"<p>L\u00e9pjen be a krist\u00e1lytiszta k\u00e9pek vil\u00e1g\u00e1ba az LP140WFA-SPM1, egy 14 h\u00fcvelykes LED FHD IPS matt k\u00e9perny\u0151vel. Ez az 1920&#215;1080-as felbont\u00e1s\u00fa kijelz\u0151 30 t\u0171s csatlakoz\u00f3val \u00e9s t\u00fckr\u00f6z\u0151d\u00e9smentes fel\u00fclettel rendelkezik, amely t\u00f6k\u00e9letes a megtekint\u00e9si \u00e9lm\u00e9ny fokoz\u00e1s\u00e1hoz b\u00e1rmilyen megvil\u00e1g\u00edt\u00e1s mellett.<\/p>\n","protected":false},"featured_media":7864,"template":"","meta":[],"product_brand":[],"product_cat":[74,71],"product_tag":[],"class_list":{"0":"post-7842","1":"product","2":"type-product","3":"status-publish","4":"has-post-thumbnail","6":"product_cat-14-new-laptop-screens-lcd-panels","7":"product_cat-new-laptop-screens-lcd-panels","9":"first","10":"instock","11":"taxable","12":"shipping-taxable","13":"purchasable","14":"product-type-simple"},"_links":{"self":[{"href":"https:\/\/boreait.com\/hu\/wp-json\/wp\/v2\/product\/7842","targetHints":{"allow":["GET"]}}],"collection":[{"href":"https:\/\/boreait.com\/hu\/wp-json\/wp\/v2\/product"}],"about":[{"href":"https:\/\/boreait.com\/hu\/wp-json\/wp\/v2\/types\/product"}],"wp:featuredmedia":[{"embeddable":true,"href":"https:\/\/boreait.com\/hu\/wp-json\/wp\/v2\/media\/7864"}],"wp:attachment":[{"href":"https:\/\/boreait.com\/hu\/wp-json\/wp\/v2\/media?parent=7842"}],"wp:term":[{"taxonomy":"product_brand","embeddable":true,"href":"https:\/\/boreait.com\/hu\/wp-json\/wp\/v2\/product_brand?post=7842"},{"taxonomy":"product_cat","embeddable":true,"href":"https:\/\/boreait.com\/hu\/wp-json\/wp\/v2\/product_cat?post=7842"},{"taxonomy":"product_tag","embeddable":true,"href":"https:\/\/boreait.com\/hu\/wp-json\/wp\/v2\/product_tag?post=7842"}],"curies":[{"name":"wp","href":"https:\/\/api.w.org\/{rel}","templated":true}]}}