{"id":7841,"date":"2025-09-17T11:57:58","date_gmt":"2025-09-17T09:57:58","guid":{"rendered":"https:\/\/boreait.com\/hu\/?post_type=product&#038;p=7841"},"modified":"2025-09-17T11:58:04","modified_gmt":"2025-09-17T09:58:04","slug":"14-fhd-ips-kepernyo-dell-latitude-5400-5410-5420-5440-7468-0hn4tm-0d5mvf","status":"publish","type":"product","link":"https:\/\/boreait.com\/hu\/termek\/14-fhd-ips-kepernyo-dell-latitude-5400-5410-5420-5440-7468-0hn4tm-0d5mvf\/","title":{"rendered":"14&#8243; FHD IPS k\u00e9perny\u0151 Dell Latitude 5400 5410 5420 5440 7468 0hn4tm 0D5MVF"},"content":{"rendered":"<p><strong>T\u00e9nyleges k\u00e9perny\u0151s modell: B140HAN04.D \/ B140HA07.1 \/NV140FHM-N4T V8.2 \/ N140HCA-EEK \u2013 teljes m\u00e9rt\u00e9kben kompatibilis a Dell Latitude 5400 5410 5420 5440 7468 \/ 0hDn4tm. A f\u00e9m tart\u00f3konzolok lev\u00e1laszthat\u00f3k az eredeti k\u00e9perny\u0151r\u0151l.<\/strong><\/p>\n<p>Friss\u00edtse Dell Latitude k\u00e9sz\u00fcl\u00e9k\u00e9t a szem\u00e9lyre szabott, 14 h\u00fcvelykes LED FHD IPS matt k\u00e9perny\u0151vel, amely t\u00f6k\u00e9letesen illeszkedik az 5400, 5401, 5410, 5420, 5440 \u00e9s 7468 modellekhez (Dell cikksz\u00e1mok: 0hn4tm 0D5MVF). A leny\u0171g\u00f6z\u0151, 1920&#215;1080-as Full HD felbont\u00e1s\u00fa kijelz\u0151 \u00e9l\u00e9nk sz\u00ednekkel \u00e9s \u00e9les r\u00e9szletekkel kelt \u00e9letre tartalmait. Az IPS technol\u00f3gia sz\u00e9les betekint\u00e9si sz\u00f6geket \u00e9s egyenletes sz\u00ednpontoss\u00e1got biztos\u00edt, \u00edgy ide\u00e1lis grafikusok, fot\u00f3sok \u00e9s mindenki sz\u00e1m\u00e1ra, aki munk\u00e1juk sor\u00e1n pontoss\u00e1got k\u00f6vetel.<\/p>\n<p>F\u0151bb el\u0151ny\u00f6k:<\/p>\n<ul>\n<li><strong>FHD-felbont\u00e1s:<\/strong> Tapasztalja meg az FHD m\u00e9lys\u00e9g\u00e9t \u00e9s tisztas\u00e1g\u00e1t \u00e9l\u00e9nk sz\u00ednekkel \u00e9s \u00e9les k\u00e9pekkel, fokozva a termel\u00e9kenys\u00e9get \u00e9s a sz\u00f3rakoz\u00e1st.<\/li>\n<li><strong>IPS technol\u00f3gia:<\/strong> \u00c9lvezze a konzisztens sz\u00edneket \u00e9s a sz\u00e9les betekint\u00e9si sz\u00f6geket, biztos\u00edtva a t\u00f6k\u00e9letes l\u00e1tv\u00e1nyt b\u00e1rmilyen perspekt\u00edv\u00e1b\u00f3l.<\/li>\n<li><strong>Matt fel\u00fclet:<\/strong> A t\u00fckr\u00f6z\u0151d\u00e9smentes matt fel\u00fclet hosszan tart\u00f3 haszn\u00e1latot tesz lehet\u0151v\u00e9 szem meger\u0151ltet\u00e9se n\u00e9lk\u00fcl, ide\u00e1lis er\u0151sen megvil\u00e1g\u00edtott k\u00f6rnyezetben.<\/li>\n<li><strong>30 t\u0171s csatlakoz\u00f3:<\/strong> A Dell Latitude 5400-as, 5401-es, 5410-es, 5420-as, 5440-es \u00e9s 7468-as modelljeivel val\u00f3 egyszer\u0171 integr\u00e1ci\u00f3ra tervezett k\u00e9perny\u0151 z\u00f6kken\u0151mentes friss\u00edt\u00e9st tesz lehet\u0151v\u00e9 kompatibilit\u00e1si probl\u00e9m\u00e1k n\u00e9lk\u00fcl.<\/li>\n<\/ul>\n<p>Ak\u00e1r r\u00e9szletes terveken dolgozik, ak\u00e1r sz\u00e1mokat keres, ak\u00e1r kedvenc filmjeit \u00e9s j\u00e1t\u00e9kait \u00e9lvezi, ez a kijelz\u0151 feldobja a megtekint\u00e9si \u00e9lm\u00e9nyt. Csillog\u00e1sg\u00e1tl\u00f3 funkci\u00f3ja lehet\u0151v\u00e9 teszi a k\u00e9nyelmes megtekint\u00e9st b\u00e1rmilyen f\u00e9nyviszonyok k\u00f6z\u00f6tt, cs\u00f6kkentve a szem meger\u0151ltet\u00e9s\u00e9t hossz\u00fa munkav\u00e9gz\u00e9s vagy sz\u00f3rakoztat\u00f3 maratonok sor\u00e1n. Friss\u00edtsen erre a 14 h\u00fcvelykes LED FHD IPS matt k\u00e9perny\u0151re, \u00e9s tapasztalja meg a k\u00fcl\u00f6nbs\u00e9get a napi sz\u00e1m\u00edt\u00e1stechnika ter\u00e9n Dell Latitude k\u00e9sz\u00fcl\u00e9k\u00e9n.<\/p>\n","protected":false},"excerpt":{"rendered":"<p>Alak\u00edtsa \u00e1t Dell Latitude \u00e9lm\u00e9ny\u00e9t a 14 h\u00fcvelykes LED FHD IPS matt k\u00e9perny\u0151vel, amelyet kifejezetten az 5400-as, 5401-es, 5410-es, 5420-as, 5440-es \u00e9s 7468-as modellekhez terveztek. Ez a 30 t\u0171s, nagy felbont\u00e1s\u00fa, 1920&#215;1080-as kijelz\u0151 nem csak a k\u00e9nyelmes, professzion\u00e1lis k\u00e9pmin\u0151s\u00e9get \u00e9s a csillog\u00e1st cs\u00f6kkenti. sz\u00f3rakoz\u00e1s ir\u00e1nt \u00e9rdekl\u0151d\u0151k egyar\u00e1nt.<\/p>\n","protected":false},"featured_media":7864,"template":"","meta":[],"product_brand":[],"product_cat":[74,71],"product_tag":[17],"class_list":{"0":"post-7841","1":"product","2":"type-product","3":"status-publish","4":"has-post-thumbnail","6":"product_cat-14-new-laptop-screens-lcd-panels","7":"product_cat-new-laptop-screens-lcd-panels","8":"product_tag-dell","10":"first","11":"instock","12":"taxable","13":"shipping-taxable","14":"purchasable","15":"product-type-simple"},"_links":{"self":[{"href":"https:\/\/boreait.com\/hu\/wp-json\/wp\/v2\/product\/7841","targetHints":{"allow":["GET"]}}],"collection":[{"href":"https:\/\/boreait.com\/hu\/wp-json\/wp\/v2\/product"}],"about":[{"href":"https:\/\/boreait.com\/hu\/wp-json\/wp\/v2\/types\/product"}],"wp:featuredmedia":[{"embeddable":true,"href":"https:\/\/boreait.com\/hu\/wp-json\/wp\/v2\/media\/7864"}],"wp:attachment":[{"href":"https:\/\/boreait.com\/hu\/wp-json\/wp\/v2\/media?parent=7841"}],"wp:term":[{"taxonomy":"product_brand","embeddable":true,"href":"https:\/\/boreait.com\/hu\/wp-json\/wp\/v2\/product_brand?post=7841"},{"taxonomy":"product_cat","embeddable":true,"href":"https:\/\/boreait.com\/hu\/wp-json\/wp\/v2\/product_cat?post=7841"},{"taxonomy":"product_tag","embeddable":true,"href":"https:\/\/boreait.com\/hu\/wp-json\/wp\/v2\/product_tag?post=7841"}],"curies":[{"name":"wp","href":"https:\/\/api.w.org\/{rel}","templated":true}]}}