{"id":7812,"date":"2025-09-17T11:57:35","date_gmt":"2025-09-17T09:57:35","guid":{"rendered":"https:\/\/boreait.com\/hu\/?post_type=product&#038;p=7812"},"modified":"2025-09-17T11:58:04","modified_gmt":"2025-09-17T09:58:04","slug":"14-nv140fhm-n4f-ips-led-matt-kijelzo-1920x1080-fhd-30-tus-tukrozodesmentes","status":"publish","type":"product","link":"https:\/\/boreait.com\/hu\/termek\/14-nv140fhm-n4f-ips-led-matt-kijelzo-1920x1080-fhd-30-tus-tukrozodesmentes\/","title":{"rendered":"14&#8243; NV140FHM-N4F IPS LED matt kijelz\u0151 1920&#215;1080 FHD, 30 t\u0171s, t\u00fckr\u00f6z\u0151d\u00e9smentes"},"content":{"rendered":"<p><strong>T\u00e9nyleges k\u00e9perny\u0151s modell: B140HAN04.D \/ B140HA07.1 \/NV140FHM-N4T V8.2 \/ N140HCA-EEK \u2013 teljes m\u00e9rt\u00e9kben kompatibilis az NV140FHM-N4F modellel.<\/strong><\/p>\n<p>Bemutatkozik az \u00e9lvonalbeli NV140FHM-N4F \u2013 az \u00d6n \u00e1tj\u00e1r\u00f3ja a kiv\u00e1l\u00f3 vizu\u00e1lis \u00e9lm\u00e9nyhez. Ez a 14 h\u00fcvelykes, Full HD (1920&#215;1080) felbont\u00e1s\u00fa LED-k\u00e9perny\u0151 \u00e9les, \u00e9l\u00e9nk l\u00e1tv\u00e1nyvil\u00e1ggal kelt \u00e9letre tartalmait. A magj\u00e1ban l\u00e9v\u0151 IPS technol\u00f3gia sz\u00e9les betekint\u00e9si sz\u00f6geket \u00e9s kiv\u00e9teles sz\u00ednpontoss\u00e1got biztos\u00edt, \u00edgy ide\u00e1lis v\u00e1laszt\u00e1s a grafikai tervez\u00e9s, fot\u00f3z\u00e1s \u00e9s vide\u00f3szerkeszt\u00e9s professzion\u00e1lis szakemberei sz\u00e1m\u00e1ra, valamint mindazok sz\u00e1m\u00e1ra, akik \u00e9lvezik a kiv\u00e1l\u00f3 min\u0151s\u00e9g\u0171 streamel\u00e9st \u00e9s j\u00e1t\u00e9kot.<\/p>\n<p><strong>F\u0151bb jellemz\u0151k:<\/strong><\/p>\n<ul>\n<li><strong>Full HD felbont\u00e1s:<\/strong> \u00c9les, r\u00e9szletgazdag k\u00e9peket \u00e9s \u00e9l\u00e9nk sz\u00edneket biztos\u00edt a mag\u00e1val ragad\u00f3 megtekint\u00e9si \u00e9lm\u00e9ny \u00e9rdek\u00e9ben.<\/li>\n<li><strong>IPS technol\u00f3gia:<\/strong> Sz\u00e9les l\u00e1t\u00f3sz\u00f6get \u00e9s egyenletes sz\u00ednvisszaad\u00e1st k\u00edn\u00e1l, t\u00f6k\u00e9letes a k\u00e9perny\u0151 megoszt\u00e1s\u00e1hoz.<\/li>\n<li><strong>Matt t\u00fckr\u00f6z\u0151d\u00e9smentes bevonat:<\/strong> \u00c9lvezze k\u00e9perny\u0151j\u00e9t b\u00e1rmilyen k\u00f6rnyezetben a t\u00fckr\u00f6z\u0151d\u00e9s vagy t\u00fckr\u00f6z\u0151d\u00e9s okozta k\u00e9nyelmetlens\u00e9g n\u00e9lk\u00fcl.<\/li>\n<li><strong>30 t\u0171s csatlakoz\u00e1s:<\/strong> K\u00f6nnyen telep\u00edthet\u0151 kompatibilis eszk\u00f6z\u00f6kkel, \u00edgy a rendszer probl\u00e9mamentesen friss\u00edthet\u0151.<\/li>\n<\/ul>\n<p>Az NV140FHM-N4F nem csak egy k\u00e9perny\u0151; ez jelent\u0151s fejleszt\u00e9st jelent a napi sz\u00e1m\u00edt\u00e1stechnikai \u00e9s sz\u00f3rakoz\u00e1si sz\u00fcks\u00e9gleteihez. Matt fel\u00fclet\u00e9nek \u00e9s t\u00fckr\u00f6z\u0151d\u00e9sg\u00e1tl\u00f3 tulajdons\u00e1gainak k\u00f6sz\u00f6nhet\u0151en k\u00e9nyelmesen dolgozhat \u00f3r\u00e1kon \u00e1t, vagy h\u00f3dolhat kedvenc m\u0171sorainak \u00e9s j\u00e1t\u00e9kainak an\u00e9lk\u00fcl, hogy meger\u0151lten\u00e9 a szem\u00e9t. Friss\u00edtse eszk\u00f6z\u00e9t ezzel a kijelz\u0151vel, \u00e9s l\u00e9pjen be a tiszta, \u00e9l\u00e9nk k\u00e9pek vil\u00e1g\u00e1ba.<\/p>\n","protected":false},"excerpt":{"rendered":"<p>N\u00f6velje vizu\u00e1lis \u00e9lm\u00e9ny\u00e9t az NV140FHM-N4F, a 14 h\u00fcvelykes LED IPS matt k\u00e9perny\u0151vel, amely leny\u0171g\u00f6z\u0151 Full HD tisztas\u00e1got biztos\u00edt. Az 1920&#215;1080-as felbont\u00e1ssal \u00e9s a 30 \u00e9rintkez\u0151s csatlakoz\u00f3val ez a t\u00fckr\u00f6z\u0151d\u00e9smentes kijelz\u0151 \u00e9l\u00e9nk l\u00e1tv\u00e1nyt ny\u00fajt a t\u00fckr\u00f6z\u0151d\u00e9sek elvon\u00e1sa n\u00e9lk\u00fcl, \u00edgy t\u00f6k\u00e9letes a munk\u00e1hoz \u00e9s a sz\u00f3rakoz\u00e1shoz.<\/p>\n","protected":false},"featured_media":7864,"template":"","meta":[],"product_brand":[],"product_cat":[74,71],"product_tag":[],"class_list":{"0":"post-7812","1":"product","2":"type-product","3":"status-publish","4":"has-post-thumbnail","6":"product_cat-14-new-laptop-screens-lcd-panels","7":"product_cat-new-laptop-screens-lcd-panels","9":"first","10":"instock","11":"taxable","12":"shipping-taxable","13":"purchasable","14":"product-type-simple"},"_links":{"self":[{"href":"https:\/\/boreait.com\/hu\/wp-json\/wp\/v2\/product\/7812","targetHints":{"allow":["GET"]}}],"collection":[{"href":"https:\/\/boreait.com\/hu\/wp-json\/wp\/v2\/product"}],"about":[{"href":"https:\/\/boreait.com\/hu\/wp-json\/wp\/v2\/types\/product"}],"wp:featuredmedia":[{"embeddable":true,"href":"https:\/\/boreait.com\/hu\/wp-json\/wp\/v2\/media\/7864"}],"wp:attachment":[{"href":"https:\/\/boreait.com\/hu\/wp-json\/wp\/v2\/media?parent=7812"}],"wp:term":[{"taxonomy":"product_brand","embeddable":true,"href":"https:\/\/boreait.com\/hu\/wp-json\/wp\/v2\/product_brand?post=7812"},{"taxonomy":"product_cat","embeddable":true,"href":"https:\/\/boreait.com\/hu\/wp-json\/wp\/v2\/product_cat?post=7812"},{"taxonomy":"product_tag","embeddable":true,"href":"https:\/\/boreait.com\/hu\/wp-json\/wp\/v2\/product_tag?post=7812"}],"curies":[{"name":"wp","href":"https:\/\/api.w.org\/{rel}","templated":true}]}}