{"id":7811,"date":"2025-09-17T11:57:35","date_gmt":"2025-09-17T09:57:35","guid":{"rendered":"https:\/\/boreait.com\/hu\/?post_type=product&#038;p=7811"},"modified":"2025-09-17T11:58:04","modified_gmt":"2025-09-17T09:58:04","slug":"14-fhd-ips-matt-led-kijelzo-lp140wf9-spd1-1920x1080-30-tus-uj","status":"publish","type":"product","link":"https:\/\/boreait.com\/hu\/termek\/14-fhd-ips-matt-led-kijelzo-lp140wf9-spd1-1920x1080-30-tus-uj\/","title":{"rendered":"14&#8243; FHD IPS matt LED kijelz\u0151 LP140WF9-SPD1, 1920&#215;1080, 30 t\u0171s \u00daJ"},"content":{"rendered":"<p><strong>T\u00e9nyleges k\u00e9perny\u0151modell: B140HAN04.D \/ B140HA07.1 \/NV140FHM-N4T V8.2 \/ N140HCA-EEK \u2013 teljes m\u00e9rt\u00e9kben kompatibilis az <span data-sheets-root=\"1\">LP140WF9-SPD1<\/span><\/strong><\/p>\n<p>Bemutatkozik az <span data-sheets-root=\"1\">LP140WF9-SPD1<\/span> \u2013 egy pr\u00e9mium 14 h\u00fcvelykes LED Full HD (1920&#215;1080) IPS-kijelz\u0151, amely \u00e1talak\u00edtja a vizu\u00e1lis \u00e9lm\u00e9nyt. Ez a k\u00e9perny\u0151 matt fel\u00fclet\u00e9vel cs\u00f6kkenti a t\u00fckr\u00f6z\u0151d\u00e9st, \u00edgy m\u00e9g er\u0151s f\u00e9nyviszonyok k\u00f6z\u00f6tt is \u00e9lvezheti a tartalmat. Az IPS technol\u00f3gia pontos sz\u00edneket \u00e9s sz\u00e9les betekint\u00e9si sz\u00f6geket biztos\u00edt, \u00edgy t\u00f6k\u00e9letes grafikai tervez\u00e9shez, streaminghez \u00e9s t\u00f6bbfeladatos munkav\u00e9gz\u00e9shez.<\/p>\n<p>A funkci\u00f3k k\u00f6z\u00e9 tartozik:<\/p>\n<ul>\n<li><strong>Full HD felbont\u00e1s:<\/strong> \u00c9lvezze a krist\u00e1lytiszta k\u00e9peket \u00e9l\u00e9nk sz\u00ednekkel \u00e9s m\u00e9ly kontrasztokkal.<\/li>\n<li><strong>IPS technol\u00f3gia:<\/strong> Tapasztalja meg az egyenletes sz\u00ednpontoss\u00e1got \u00e9s a sz\u00e9les betekint\u00e9si sz\u00f6geket, ide\u00e1lis professzion\u00e1lis \u00e9s szabadid\u0151s haszn\u00e1latra egyar\u00e1nt.<\/li>\n<li><strong>Matt fel\u00fclet:<\/strong> Mondjon b\u00facs\u00fat a t\u00fckr\u00f6z\u0151d\u00e9seknek \u00e9s a t\u00fckr\u00f6z\u0151d\u00e9snek, \u00edgy hosszabb ideig k\u00e9nyelmes megtekint\u00e9si \u00e9lm\u00e9nyben lesz r\u00e9sze.<\/li>\n<li><strong>30 t\u0171s csatlakoz\u00f3:<\/strong> Egyszer\u0171 integr\u00e1ci\u00f3 kompatibilis laptopokkal, z\u00f6kken\u0151mentes friss\u00edt\u00e9st biztos\u00edtva.<\/li>\n<\/ul>\n<p>Ak\u00e1r professzion\u00e1lis, aki pontoss\u00e1gra \u00e9s precizit\u00e1sra v\u00e1gyik, vagy h\u00e9tk\u00f6znapi felhaszn\u00e1l\u00f3, aki jobb megtekint\u00e9si \u00e9lm\u00e9nyt keres, az <span data-sheets-root=\"1\">LP140WF9-SPD1<\/span> a teljes\u00edtm\u00e9ny \u00e9s a funkcionalit\u00e1s t\u00f6k\u00e9letes kever\u00e9k\u00e9t k\u00edn\u00e1lja. Friss\u00edtse k\u00e9perny\u0151j\u00e9t, \u00e9s jav\u00edtsa vizu\u00e1lis \u00e9lm\u00e9ny\u00e9t.<\/p>\n","protected":false},"excerpt":{"rendered":"<p>N\u00f6velje megtekint\u00e9si \u00e9lm\u00e9ny\u00e9t az eleg\u00e1ns, 14 h\u00fcvelykes LED FHD IPS matt k\u00e9perny\u0151vel, amelynek modellje <span data-sheets-root=\"1\">LP140WF9-SPD1<\/span>. \u00c9l\u00e9nk sz\u00edneket \u00e9s \u00e9les r\u00e9szleteket k\u00edn\u00e1l 1920&#215;1080 felbont\u00e1ssal, ez a 30 t\u0171s kijelz\u0151 \u00e9letre kelti a k\u00e9peket. Ide\u00e1lis munk\u00e1hoz \u00e9s j\u00e1t\u00e9khoz egyar\u00e1nt.<\/p>\n","protected":false},"featured_media":7864,"template":"","meta":[],"product_brand":[],"product_cat":[74,71],"product_tag":[],"class_list":{"0":"post-7811","1":"product","2":"type-product","3":"status-publish","4":"has-post-thumbnail","6":"product_cat-14-new-laptop-screens-lcd-panels","7":"product_cat-new-laptop-screens-lcd-panels","9":"first","10":"instock","11":"taxable","12":"shipping-taxable","13":"purchasable","14":"product-type-simple"},"_links":{"self":[{"href":"https:\/\/boreait.com\/hu\/wp-json\/wp\/v2\/product\/7811","targetHints":{"allow":["GET"]}}],"collection":[{"href":"https:\/\/boreait.com\/hu\/wp-json\/wp\/v2\/product"}],"about":[{"href":"https:\/\/boreait.com\/hu\/wp-json\/wp\/v2\/types\/product"}],"wp:featuredmedia":[{"embeddable":true,"href":"https:\/\/boreait.com\/hu\/wp-json\/wp\/v2\/media\/7864"}],"wp:attachment":[{"href":"https:\/\/boreait.com\/hu\/wp-json\/wp\/v2\/media?parent=7811"}],"wp:term":[{"taxonomy":"product_brand","embeddable":true,"href":"https:\/\/boreait.com\/hu\/wp-json\/wp\/v2\/product_brand?post=7811"},{"taxonomy":"product_cat","embeddable":true,"href":"https:\/\/boreait.com\/hu\/wp-json\/wp\/v2\/product_cat?post=7811"},{"taxonomy":"product_tag","embeddable":true,"href":"https:\/\/boreait.com\/hu\/wp-json\/wp\/v2\/product_tag?post=7811"}],"curies":[{"name":"wp","href":"https:\/\/api.w.org\/{rel}","templated":true}]}}