{"id":7810,"date":"2025-09-17T11:57:35","date_gmt":"2025-09-17T09:57:35","guid":{"rendered":"https:\/\/boreait.com\/hu\/?post_type=product&#038;p=7810"},"modified":"2025-09-17T11:58:03","modified_gmt":"2025-09-17T09:58:03","slug":"17-fhd-ips-matt-laptop-kepernyo-asus-vivobook-k712e-hez-30-tus-konzol-nelkul","status":"publish","type":"product","link":"https:\/\/boreait.com\/hu\/termek\/17-fhd-ips-matt-laptop-kepernyo-asus-vivobook-k712e-hez-30-tus-konzol-nelkul\/","title":{"rendered":"17&#8243; FHD IPS matt laptop k\u00e9perny\u0151 ASUS VivoBook K712E-hez, 30 t\u0171s, konzol n\u00e9lk\u00fcl"},"content":{"rendered":"<p><strong>T\u00e9nyleges modell: NV173FHM-N49 v8.0 \/ NV173FHM-N4L \/ N173HCE-E3C<\/strong><\/p>\n<p>Bemutatjuk leg\u00fajabb innov\u00e1ci\u00f3nkat \u2013 egy 17 h\u00fcvelykes Full HD IPS matt k\u00e9perny\u0151t, amelyet kiz\u00e1r\u00f3lag az ASUS VivoBook K712E sz\u00e1m\u00e1ra terveztek. Ez a kijelz\u0151 \u00fajradefini\u00e1lja a vizu\u00e1lis kiv\u00e1l\u00f3s\u00e1got, egyes\u00edti az \u00e9lvonalbeli IPS technol\u00f3gi\u00e1t a matt fel\u00fclettel, hogy cs\u00f6kkentse a t\u00fckr\u00f6z\u0151d\u00e9st, mindezt egy konzol n\u00e9lk\u00fcli kialak\u00edt\u00e1sban az egyszer\u0171 telep\u00edt\u00e9si folyamat \u00e9rdek\u00e9ben. A 30 t\u0171s csatlakoz\u00f3val ez a k\u00e9perny\u0151 kifog\u00e1stalan kompatibilit\u00e1st \u00edg\u00e9r VivoBookoddal, \u00e9s probl\u00e9mamentes friss\u00edt\u00e9st tesz lehet\u0151v\u00e9.<\/p>\n<p><strong>F\u0151bb jellemz\u0151k:<\/strong><\/p>\n<ul>\n<li><strong>Full HD felbont\u00e1s:<\/strong> Mer\u00fclj\u00f6n el az 1920&#215;1080-as felbont\u00e1s ragyog\u00e1s\u00e1ban, ahol minden r\u00e9szlet \u00e9les, \u00e9s minden sz\u00edn felbukkan, jav\u00edtva ezzel a munka vagy a j\u00e1t\u00e9k k\u00f6zbeni megtekint\u00e9si \u00e9lm\u00e9ny\u00e9t.<\/li>\n<li><strong>IPS technol\u00f3gia:<\/strong> Haszn\u00e1lja ki az IPS panel sz\u00e9les l\u00e1t\u00f3sz\u00f6g\u00e9t \u00e9s egyenletes sz\u00ednvisszaad\u00e1s\u00e1t. Ak\u00e1r f\u00e9nyk\u00e9peket szerkeszt, filmeket n\u00e9z, ak\u00e1r j\u00e1tszik, a min\u0151s\u00e9g v\u00e1ltozatlan marad, tekintet n\u00e9lk\u00fcl is.<\/li>\n<li><strong>Csillog\u00e1smentes matt bevonat:<\/strong> A matt fel\u00fclet jelent\u0151sen cs\u00f6kkenti a t\u00fckr\u00f6z\u0151d\u00e9st \u00e9s a t\u00fckr\u00f6z\u0151d\u00e9st, k\u00e9nyelmes megtekint\u00e9si \u00e9lm\u00e9nyt k\u00edn\u00e1lva m\u00e9g er\u0151sen megvil\u00e1g\u00edtott k\u00f6rnyezetben is, \u00edgy hossz\u00fa id\u0151n kereszt\u00fcl is k\u00f6nnyebb\u00e9 v\u00e1lik a szemnek.<\/li>\n<li><strong>Szem\u00e9lyre szabott illeszked\u00e9s az ASUS VivoBook K712E sz\u00e1m\u00e1ra:<\/strong> Az ASUS VivoBook K712E sz\u00e1m\u00e1ra prec\u00edzen tervezett k\u00e9perny\u0151 nemcsak a t\u00f6k\u00e9letes illeszked\u00e9st, hanem az optimaliz\u00e1lt teljes\u00edtm\u00e9nyt is biztos\u00edtja, jav\u00edtva a laptop vizu\u00e1lis k\u00e9pess\u00e9geit.<\/li>\n<li><strong>Egyszer\u0171 telep\u00edt\u00e9s:<\/strong> A konzolok hi\u00e1nya \u00e9s az egyszer\u0171 30 t\u0171s csatlakoz\u00f3 megl\u00e9te leegyszer\u0171s\u00edti a k\u00e9perny\u0151friss\u00edt\u00e9si folyamatot, \u00edgy minden felhaszn\u00e1l\u00f3 sz\u00e1m\u00e1ra el\u00e9rhet\u0151v\u00e9 v\u00e1lik laptopja megjelen\u00edt\u00e9si min\u0151s\u00e9g\u00e9nek jav\u00edt\u00e1sa.<\/li>\n<\/ul>\n<p>Ez a 17 h\u00fcvelykes FHD IPS matt k\u00e9perny\u0151 t\u00f6k\u00e9letes v\u00e1laszt\u00e1s azoknak az ASUS VivoBook K712E felhaszn\u00e1l\u00f3knak, akik laptopjuk kijelz\u0151j\u00e9t szeretn\u00e9k feldobni. Legyen sz\u00f3 professzion\u00e1lis, aki pontoss\u00e1got ig\u00e9nyel a l\u00e1tv\u00e1nyban, egy di\u00e1k, aki vil\u00e1gos tanulm\u00e1nyokat ig\u00e9nyel, vagy egy rajong\u00f3, aki jobb j\u00e1t\u00e9k- \u00e9s sz\u00f3rakoztat\u00e1si \u00e9lm\u00e9nyt keres, ez a k\u00e9perny\u0151 p\u00e1ratlan teljes\u00edtm\u00e9nyt \u00e9s egyszer\u0171 haszn\u00e1latot biztos\u00edt.<\/p>\n","protected":false},"excerpt":{"rendered":"<p>Emelje fel ASUS VivoBook K712E-j\u00e9t \u00faj, 17 h\u00fcvelykes Full HD IPS matt kijelz\u0151nkkel. Ez a konzol n\u00e9lk\u00fcli k\u00e9perny\u0151 30 t\u0171s csatlakoz\u00f3val rendelkezik, amely z\u00f6kken\u0151mentes kompatibilit\u00e1st \u00e9s t\u00fckr\u00f6z\u0151d\u00e9smentes megtekint\u00e9si \u00e9lm\u00e9nyt biztos\u00edt. T\u00f6k\u00e9letes a l\u00e1tv\u00e1ny t\u00f6k\u00e9letes\u00edt\u00e9s\u00e9re t\u00f6meg n\u00e9lk\u00fcl, kiv\u00e1l\u00f3 tisztas\u00e1got \u00e9s egyszer\u0171 telep\u00edt\u00e9st k\u00edn\u00e1l.<\/p>\n","protected":false},"featured_media":7298,"template":"","meta":[],"product_brand":[],"product_cat":[72,71],"product_tag":[30],"class_list":{"0":"post-7810","1":"product","2":"type-product","3":"status-publish","4":"has-post-thumbnail","6":"product_cat-17-3","7":"product_cat-new-laptop-screens-lcd-panels","8":"product_tag-asus","10":"first","11":"instock","12":"taxable","13":"shipping-taxable","14":"purchasable","15":"product-type-simple"},"_links":{"self":[{"href":"https:\/\/boreait.com\/hu\/wp-json\/wp\/v2\/product\/7810","targetHints":{"allow":["GET"]}}],"collection":[{"href":"https:\/\/boreait.com\/hu\/wp-json\/wp\/v2\/product"}],"about":[{"href":"https:\/\/boreait.com\/hu\/wp-json\/wp\/v2\/types\/product"}],"wp:featuredmedia":[{"embeddable":true,"href":"https:\/\/boreait.com\/hu\/wp-json\/wp\/v2\/media\/7298"}],"wp:attachment":[{"href":"https:\/\/boreait.com\/hu\/wp-json\/wp\/v2\/media?parent=7810"}],"wp:term":[{"taxonomy":"product_brand","embeddable":true,"href":"https:\/\/boreait.com\/hu\/wp-json\/wp\/v2\/product_brand?post=7810"},{"taxonomy":"product_cat","embeddable":true,"href":"https:\/\/boreait.com\/hu\/wp-json\/wp\/v2\/product_cat?post=7810"},{"taxonomy":"product_tag","embeddable":true,"href":"https:\/\/boreait.com\/hu\/wp-json\/wp\/v2\/product_tag?post=7810"}],"curies":[{"name":"wp","href":"https:\/\/api.w.org\/{rel}","templated":true}]}}