{"id":7809,"date":"2025-09-17T11:57:35","date_gmt":"2025-09-17T09:57:35","guid":{"rendered":"https:\/\/boreait.com\/hu\/?post_type=product&#038;p=7809"},"modified":"2025-09-17T11:58:03","modified_gmt":"2025-09-17T09:58:03","slug":"17-fhd-ips-matt-kijelzo-asus-rog-g731g-hez-30-tus-tarto-nelkul-vadonatuj","status":"publish","type":"product","link":"https:\/\/boreait.com\/hu\/termek\/17-fhd-ips-matt-kijelzo-asus-rog-g731g-hez-30-tus-tarto-nelkul-vadonatuj\/","title":{"rendered":"17&#8243; FHD IPS matt kijelz\u0151 Asus Rog G731G-hez, 30 t\u0171s, tart\u00f3 n\u00e9lk\u00fcl, vadonat\u00faj"},"content":{"rendered":"<p><strong>T\u00e9nyleges modell: NV173FHM-N49 v8.0 \/ NV173FHM-N4L \/ N173HCE-E3C<\/strong><\/p>\n<p>Bemutatjuk pr\u00e9mium 17 h\u00fcvelykes Full HD IPS matt k\u00e9perny\u0151nket, amely az Asus Rog G731G t\u00f6k\u00e9letes tov\u00e1bbfejleszt\u00e9se. Ezt a cs\u00facstechnol\u00f3gi\u00e1s kijelz\u0151t \u00fagy tervezt\u00e9k, hogy z\u00f6kken\u0151mentesen olvadjon \u00f6ssze az \u00d6n k\u00e9sz\u00fcl\u00e9k\u00e9vel, \u00e9s kiv\u00e1l\u00f3 vizu\u00e1lis friss\u00edt\u00e9st k\u00edn\u00e1l, an\u00e9lk\u00fcl, hogy konzolokra lenne sz\u00fcks\u00e9ge. 30 t\u0171s csatlakoz\u00f3ja probl\u00e9mamentes telep\u00edt\u00e9st tesz lehet\u0151v\u00e9, p\u00e1ratlan tisztas\u00e1ggal \u00e9s k\u00e9nyelemmel \u00faj magass\u00e1gokba emelve a j\u00e1t\u00e9k- \u00e9s munkameneteidet.<\/p>\n<p><strong>Kiemelked\u0151 funkci\u00f3k:<\/strong><\/p>\n<ul>\n<li><strong>Full HD tisztas\u00e1g:<\/strong> Mer\u00fclj\u00f6n el a Full HD (1920 x 1080) felbont\u00e1s m\u00e9lys\u00e9geiben, ahol minden r\u00e9szlet prec\u00edzen jelenik meg, \u00e9letre keltve j\u00e1t\u00e9kait, filmjeit \u00e9s projektjeit.<\/li>\n<li><strong>IPS technol\u00f3gia:<\/strong> Tapasztalja meg a konzisztens, \u00e9l\u00e9nk sz\u00edneket b\u00e1rmilyen l\u00e1t\u00f3sz\u00f6gb\u0151l a fejlett IPS technol\u00f3gi\u00e1nak k\u00f6sz\u00f6nhet\u0151en, amely kiemelked\u0151 sz\u00ednpontoss\u00e1ggal \u00e9s sz\u00e9les betekint\u00e9si sz\u00f6gekkel jav\u00edtja a megtekint\u00e9si folyamatokat.<\/li>\n<li><strong>Matt fel\u00fclet:<\/strong> Speci\u00e1lisan tervezett matt fel\u00fclet\u00fcnk cs\u00f6kkenti a k\u00e9perny\u0151 t\u00fckr\u00f6z\u0151d\u00e9s\u00e9t \u00e9s visszaver\u0151d\u00e9s\u00e9t, lehet\u0151v\u00e9 t\u00e9ve, hogy b\u00e1rmilyen megvil\u00e1g\u00edt\u00e1si k\u00f6r\u00fclm\u00e9nyek k\u00f6z\u00f6tt, meger\u0151ltet\u00e9s n\u00e9lk\u00fcl \u00e9lvezhesse a k\u00e9perny\u0151t.<\/li>\n<li><strong>Z\u00f6kken\u0151mentes kompatibilit\u00e1s:<\/strong> Az Asus Rog G731G-hez szem\u00e9lyre szabott k\u00e9perny\u0151 t\u00f6k\u00e9letes illeszked\u00e9st \u00e9s optim\u00e1lis teljes\u00edtm\u00e9nyt biztos\u00edt a prec\u00edz kompatibilit\u00e1snak \u00e9s a 30 t\u0171s csatlakoz\u00e1snak k\u00f6sz\u00f6nhet\u0151en.<\/li>\n<li><strong>Konzol n\u00e9lk\u00fcli kialak\u00edt\u00e1s:<\/strong> \u00c9lvezze az \u00e1ramvonalas telep\u00edt\u00e9si folyamatot a konzol n\u00e9lk\u00fcli kialak\u00edt\u00e1sunkkal, amely minden eddigin\u00e9l egyszer\u0171bb\u00e9 teszi laptopja kijelz\u0151j\u00e9nek friss\u00edt\u00e9s\u00e9t.<\/li>\n<\/ul>\n<p>Ide\u00e1lis azoknak az Asus Rog G731G felhaszn\u00e1l\u00f3knak, akik szeretn\u00e9nek jav\u00edtani a kijelz\u0151j\u00fck teljes\u00edtm\u00e9ny\u00e9n \u00e9s vizu\u00e1lis min\u0151s\u00e9g\u00e9n. A 17 h\u00fcvelykes FHD IPS matt k\u00e9perny\u0151nk \u00e1tform\u00e1l\u00f3 megtekint\u00e9si \u00e9lm\u00e9nyt k\u00edn\u00e1l. Ak\u00e1r nagy felbont\u00e1s\u00fa j\u00e1t\u00e9kokban k\u00fczd, ak\u00e1r vide\u00f3kat szerkeszt, ak\u00e1r egyszer\u0171en csak \u00e9lvezi kedvenc tartalmait, ez a k\u00e9perny\u0151 az \u00e1tj\u00e1r\u00f3 a kiv\u00e1l\u00f3 tisztas\u00e1ghoz \u00e9s k\u00e9nyelemhez.<\/p>\n","protected":false},"excerpt":{"rendered":"<p>N\u00f6velje Asus Rog G731G \u00e9lm\u00e9ny\u00e9t \u00faj, 17 h\u00fcvelykes Full HD IPS matt k\u00e9perny\u0151nkkel. A hib\u00e1tlan kompatibilit\u00e1sra tervezett 30 t\u0171s, konzol n\u00e9lk\u00fcli kijelz\u0151 krist\u00e1lytiszta k\u00e9pekkel \u00e9s cs\u00f6kkentett t\u00fckr\u00f6z\u0151d\u00e9ssel fokozza a vizu\u00e1lis \u00e9lm\u00e9nyt, \u00edgy t\u00f6k\u00e9letes a j\u00e1t\u00e9khoz \u00e9s a termel\u00e9kenys\u00e9ghez.<\/p>\n","protected":false},"featured_media":7298,"template":"","meta":[],"product_brand":[],"product_cat":[72,71],"product_tag":[30],"class_list":{"0":"post-7809","1":"product","2":"type-product","3":"status-publish","4":"has-post-thumbnail","6":"product_cat-17-3","7":"product_cat-new-laptop-screens-lcd-panels","8":"product_tag-asus","10":"first","11":"instock","12":"taxable","13":"shipping-taxable","14":"purchasable","15":"product-type-simple"},"_links":{"self":[{"href":"https:\/\/boreait.com\/hu\/wp-json\/wp\/v2\/product\/7809","targetHints":{"allow":["GET"]}}],"collection":[{"href":"https:\/\/boreait.com\/hu\/wp-json\/wp\/v2\/product"}],"about":[{"href":"https:\/\/boreait.com\/hu\/wp-json\/wp\/v2\/types\/product"}],"wp:featuredmedia":[{"embeddable":true,"href":"https:\/\/boreait.com\/hu\/wp-json\/wp\/v2\/media\/7298"}],"wp:attachment":[{"href":"https:\/\/boreait.com\/hu\/wp-json\/wp\/v2\/media?parent=7809"}],"wp:term":[{"taxonomy":"product_brand","embeddable":true,"href":"https:\/\/boreait.com\/hu\/wp-json\/wp\/v2\/product_brand?post=7809"},{"taxonomy":"product_cat","embeddable":true,"href":"https:\/\/boreait.com\/hu\/wp-json\/wp\/v2\/product_cat?post=7809"},{"taxonomy":"product_tag","embeddable":true,"href":"https:\/\/boreait.com\/hu\/wp-json\/wp\/v2\/product_tag?post=7809"}],"curies":[{"name":"wp","href":"https:\/\/api.w.org\/{rel}","templated":true}]}}