{"id":7807,"date":"2025-09-17T11:57:35","date_gmt":"2025-09-17T09:57:35","guid":{"rendered":"https:\/\/boreait.com\/hu\/?post_type=product&#038;p=7807"},"modified":"2026-01-14T12:47:08","modified_gmt":"2026-01-14T11:47:08","slug":"17-fhd-ips-matt-kepernyo-30-tus-konzolok-nelkul-kompatibilis-a-kovetkezovel-nv173fhm-n4g-uj","status":"publish","type":"product","link":"https:\/\/boreait.com\/hu\/termek\/17-fhd-ips-matt-kepernyo-30-tus-konzolok-nelkul-kompatibilis-a-kovetkezovel-nv173fhm-n4g-uj\/","title":{"rendered":"17&#8243; FHD IPS matt k\u00e9perny\u0151, 30 t\u0171s, konzolok n\u00e9lk\u00fcl, kompatibilis a k\u00f6vetkez\u0151vel: NV173FHM-N4G \u00daj"},"content":{"rendered":"<p><strong>T\u00e9nyleges modell: NV173FHM-N49 v8.0 \/ NV173FHM-N4L \/ N173HCE-E3C<\/strong><\/p>\n<p>Leg\u00fajabb, 17 h\u00fcvelykes Full HD IPS matt k\u00e9perny\u0151nk j\u00e1t\u00e9kot jelent mindenki sz\u00e1m\u00e1ra, aki valami igaz\u00e1n figyelemre m\u00e9lt\u00f3ra szeretn\u00e9 friss\u00edteni a kijelz\u0151j\u00e9t. Az NV173FHM-N4G-vel teljes m\u00e9rt\u00e9kben kompatibilis k\u00e9perny\u0151 leny\u0171g\u00f6z\u0151, nagyfelbont\u00e1s\u00fa l\u00e1tv\u00e1nyt ny\u00fajt nem k\u00edv\u00e1nt t\u00fckr\u00f6z\u0151d\u00e9s n\u00e9lk\u00fcl, kifinomult matt fel\u00fclet\u00e9nek k\u00f6sz\u00f6nhet\u0151en. A konzolok hi\u00e1nya \u00e9s a 30 t\u0171s csatlakoz\u00f3 biztos\u00edtja a z\u00f6kken\u0151mentes, probl\u00e9mamentes telep\u00edt\u00e9si folyamatot, lehet\u0151v\u00e9 t\u00e9ve, hogy azonnal \u00e9lvezze a tov\u00e1bbfejlesztett l\u00e1tv\u00e1nyt.<\/p>\n<p><strong>F\u0151bb jellemz\u0151k:<\/strong><\/p>\n<ul>\n<li><strong>Full HD felbont\u00e1s:<\/strong> Mer\u00fclj\u00f6n el a Full HD (1920&#215;1080) felbont\u00e1s m\u00e9lys\u00e9g\u00e9ben az \u00e9les, r\u00e9szletgazdag k\u00e9pek\u00e9rt, amelyek \u00e9letre keltik tartalmait, legyen sz\u00f3 j\u00e1t\u00e9kr\u00f3l, streamel\u00e9sr\u0151l vagy professzion\u00e1lis grafikai munk\u00e1r\u00f3l.<\/li>\n<li><strong>IPS technol\u00f3gia:<\/strong> Tapasztalja meg a konzisztens, pontos sz\u00edneket sz\u00e9les betekint\u00e9si sz\u00f6gekb\u0151l a legmodernebb IPS technol\u00f3gi\u00e1nak k\u00f6sz\u00f6nhet\u0151en. \u00c9lvezze az \u00e9l\u00e9nk l\u00e1tv\u00e1nyt sz\u00edntorzul\u00e1s n\u00e9lk\u00fcl, b\u00e1rhonnan is n\u00e9zi.<\/li>\n<li><strong>Matt f\u00e9nyez\u00e9s a t\u00fckr\u00f6z\u0151d\u00e9smentess\u00e9g\u00e9rt:<\/strong> Mondjon b\u00facs\u00fat a zavar\u00f3 t\u00fckr\u00f6z\u0151d\u00e9seknek a matt fel\u00fclet\u00fcnkkel. Cs\u00f6kkenti a visszaver\u0151d\u00e9st, \u00edgy a k\u00e9perny\u0151 f\u00e9nyes k\u00f6rnyezetben is k\u00f6nnyebben l\u00e1that\u00f3, \u00e9s hossz\u00fa id\u0151n kereszt\u00fcl l\u00e1gyabb\u00e1 teszi a szemet.<\/li>\n<li><strong>Z\u00f6kken\u0151mentes kompatibilit\u00e1s:<\/strong> Kifejezetten az NV173FHM-N4G-vel val\u00f3 kompatibilit\u00e1sra tervezve, t\u00f6k\u00e9letes illeszked\u00e9st \u00e9s optim\u00e1lis teljes\u00edtm\u00e9nyt biztos\u00edtva, tov\u00e1bbi m\u00f3dos\u00edt\u00e1sok vagy konzolok n\u00e9lk\u00fcl.<\/li>\n<li><strong>K\u00f6nny\u0171 telep\u00edt\u00e9s:<\/strong> Az egyszer\u0171, 30 t\u0171s csatlakoz\u00f3 kialak\u00edt\u00e1s megk\u00f6nny\u00edti az egyszer\u0171 be\u00e1ll\u00edt\u00e1si folyamatot, lehet\u0151v\u00e9 t\u00e9ve az eszk\u00f6z megjelen\u00edt\u00e9si k\u00e9pess\u00e9geinek gyors fejleszt\u00e9s\u00e9t.<\/li>\n<\/ul>\n<p>Ez a 17 h\u00fcvelykes FHD IPS matt k\u00e9perny\u0151 nem csak egy friss\u00edt\u00e9s; ez egy \u00e1talakul\u00e1s a megtekint\u00e9si \u00e9lm\u00e9nyben. Legyen sz\u00f3 pontos sz\u00ednmegjelen\u00edt\u00e9st ig\u00e9nyl\u0151 professzion\u00e1lisr\u00f3l, hossz\u00fa \u00f3r\u00e1kon \u00e1t tart\u00f3 kutat\u00f3munk\u00e1val rendelkez\u0151 hallgat\u00f3r\u00f3l vagy mag\u00e1val ragad\u00f3 j\u00e1t\u00e9k- \u00e9s vide\u00f3\u00e9lm\u00e9nyekre v\u00e1gy\u00f3 rajong\u00f3r\u00f3l, ezt a kijelz\u0151t az \u00d6n ig\u00e9nyeire szabtuk, a kiv\u00e1l\u00f3 min\u0151s\u00e9g\u0171 l\u00e1tv\u00e1nyt a t\u00fckr\u00f6z\u0151d\u00e9smentes technol\u00f3gia k\u00e9nyelm\u00e9vel kombin\u00e1lva.<\/p>\n","protected":false},"excerpt":{"rendered":"<p>Fokozza a megtekint\u00e9st 17 h\u00fcvelykes Full HD IPS matt kijelz\u0151nkkel, amely t\u00f6k\u00e9letesen kompatibilis az NV173FHM-N4G-vel. Ez a konzol n\u00e9lk\u00fcli, 30 t\u0171s csatlakoz\u00f3s k\u00e9perny\u0151 \u00e9les, tiszta k\u00e9pet biztos\u00edt csillog\u00e1s n\u00e9lk\u00fcl, \u00edgy ide\u00e1lis munk\u00e1hoz \u00e9s szabadid\u0151h\u00f6z egyar\u00e1nt. B\u0151v\u00edtse a kiv\u00e1l\u00f3 tisztas\u00e1g \u00e9s k\u00e9nyelem \u00e9rdek\u00e9ben.<\/p>\n","protected":false},"featured_media":7298,"template":"","meta":[],"product_brand":[],"product_cat":[72,71],"product_tag":[],"class_list":{"0":"post-7807","1":"product","2":"type-product","3":"status-publish","4":"has-post-thumbnail","6":"product_cat-17-3","7":"product_cat-new-laptop-screens-lcd-panels","9":"first","10":"instock","11":"taxable","12":"shipping-taxable","13":"purchasable","14":"product-type-simple"},"_links":{"self":[{"href":"https:\/\/boreait.com\/hu\/wp-json\/wp\/v2\/product\/7807","targetHints":{"allow":["GET"]}}],"collection":[{"href":"https:\/\/boreait.com\/hu\/wp-json\/wp\/v2\/product"}],"about":[{"href":"https:\/\/boreait.com\/hu\/wp-json\/wp\/v2\/types\/product"}],"wp:featuredmedia":[{"embeddable":true,"href":"https:\/\/boreait.com\/hu\/wp-json\/wp\/v2\/media\/7298"}],"wp:attachment":[{"href":"https:\/\/boreait.com\/hu\/wp-json\/wp\/v2\/media?parent=7807"}],"wp:term":[{"taxonomy":"product_brand","embeddable":true,"href":"https:\/\/boreait.com\/hu\/wp-json\/wp\/v2\/product_brand?post=7807"},{"taxonomy":"product_cat","embeddable":true,"href":"https:\/\/boreait.com\/hu\/wp-json\/wp\/v2\/product_cat?post=7807"},{"taxonomy":"product_tag","embeddable":true,"href":"https:\/\/boreait.com\/hu\/wp-json\/wp\/v2\/product_tag?post=7807"}],"curies":[{"name":"wp","href":"https:\/\/api.w.org\/{rel}","templated":true}]}}