{"id":7806,"date":"2025-09-17T11:57:34","date_gmt":"2025-09-17T09:57:34","guid":{"rendered":"https:\/\/boreait.com\/hu\/?post_type=product&#038;p=7806"},"modified":"2025-09-17T11:58:02","modified_gmt":"2025-09-17T09:58:02","slug":"17-es-fhd-ips-matt-kepernyo-lenovo-legion-y540-17irh-hoz-30-tus-uj-konzolok-nelkul","status":"publish","type":"product","link":"https:\/\/boreait.com\/hu\/termek\/17-es-fhd-ips-matt-kepernyo-lenovo-legion-y540-17irh-hoz-30-tus-uj-konzolok-nelkul\/","title":{"rendered":"17&#8243;-es FHD IPS matt k\u00e9perny\u0151 Lenovo Legion Y540-17IRH-hoz, 30 t\u0171s, \u00faj, konzolok n\u00e9lk\u00fcl"},"content":{"rendered":"<p><strong>T\u00e9nyleges modell: NV173FHM-N49 v8.0 \/ NV173FHM-N4L \/ N173HCE-E3C<\/strong><\/p>\n<div class=\"flex flex-grow flex-col max-w-full\">\n<div class=\"min-h-[20px] text-message flex flex-col items-start gap-3 whitespace-pre-wrap break-words [.text-message+&amp;]:mt-5 overflow-x-auto\" dir=\"auto\" data-message-author-role=\"assistant\" data-message-id=\"72005717-acb1-4989-a0d3-9d5b7018ada7\">\n<div class=\"markdown prose w-full break-words dark:prose-invert light\">\n<p>Bemutatjuk pr\u00e9mium 17 h\u00fcvelykes Full HD IPS matt k\u00e9perny\u0151nket, amelyet kifejezetten a Lenovo Legion Y540-17IRH sz\u00e1m\u00e1ra terveztek. Ezt az \u00e9lvonalbeli kijelz\u0151t \u00fagy tervezt\u00e9k, hogy jav\u00edtsa laptopja vizu\u00e1lis teljes\u00edtm\u00e9ny\u00e9t, krist\u00e1lytiszta, t\u00fckr\u00f6z\u0151d\u00e9smentes megtekint\u00e9si \u00e9lm\u00e9nyt biztos\u00edtva, amely elengedhetetlen mind a magas szint\u0171 j\u00e1t\u00e9khoz, mind a professzion\u00e1lis feladatokhoz. 30 t\u0171s csatlakoz\u00f3j\u00e1nak k\u00f6sz\u00f6nhet\u0151en egyszer\u0171 kompatibilit\u00e1st \u00e9s egyszer\u0171 telep\u00edt\u00e9si folyamatot k\u00edn\u00e1l, mindezt konzolok n\u00e9lk\u00fcl.<\/p>\n<p><strong>Kiv\u00e9teles szolg\u00e1ltat\u00e1sok:<\/strong><\/p>\n<ul>\n<li><strong>Leny\u0171g\u00f6z\u0151 Full HD felbont\u00e1s:<\/strong> Mer\u00fclj\u00f6n el a Full HD (1920&#215;1080) felbont\u00e1s \u00e9les, \u00e9l\u00e9nk r\u00e9szleteiben, amely ide\u00e1lis a j\u00e1t\u00e9kok, filmek \u00e9s professzion\u00e1lis alkalmaz\u00e1sok p\u00e1ratlan tisztas\u00e1g\u00e1nak meg\u00e9l\u00e9s\u00e9hez.<\/li>\n<li><strong>Tov\u00e1bbfejlesztett IPS technol\u00f3gia:<\/strong> Az IPS technol\u00f3gi\u00e1nak k\u00f6sz\u00f6nhet\u0151en a k\u00e9perny\u0151 egyenletes sz\u00ednpontoss\u00e1got \u00e9s sz\u00e9les betekint\u00e9si sz\u00f6get garant\u00e1l, \u00edgy a vizu\u00e1lis tartalom minden n\u00e9z\u0151pontb\u00f3l nagyszer\u0171en n\u00e9z ki.<\/li>\n<li><strong>Matt fel\u00fclet a k\u00e9nyelmes n\u00e9z\u00e9shez:<\/strong> Matt fel\u00fclet\u00fcnk jelent\u0151sen cs\u00f6kkenti a t\u00fckr\u00f6z\u0151d\u00e9st \u00e9s a t\u00fckr\u00f6z\u0151d\u00e9st, \u00edgy k\u00e9nyelmes megtekint\u00e9st tesz lehet\u0151v\u00e9 b\u00e1rmilyen f\u00e9nyviszonyok k\u00f6z\u00f6tt, \u00edgy minim\u00e1lisra cs\u00f6kkenti a szem meger\u0151ltet\u00e9s\u00e9t a hosszabb haszn\u00e1lat sor\u00e1n.<\/li>\n<li><strong>Testreszabott kompatibilit\u00e1s:<\/strong> A prec\u00edzen a Lenovo Legion Y540-17IRH-hoz tervezett k\u00e9perny\u0151 z\u00f6kken\u0151mentes illeszked\u00e9st \u00e9s optim\u00e1lis funkcionalit\u00e1st biztos\u00edt, jav\u00edtva az eszk\u00f6z kijelz\u0151j\u00e9t an\u00e9lk\u00fcl, hogy z\u00e1r\u00f3jeleket kellene haszn\u00e1lni.<\/li>\n<li><strong>K\u00f6nny\u0171 telep\u00edt\u00e9s:<\/strong> A konzol n\u00e9lk\u00fcli kialak\u00edt\u00e1s \u00e9s a 30 t\u0171s csatlakoz\u00f3 probl\u00e9mamentes telep\u00edt\u00e9st tesz lehet\u0151v\u00e9, \u00edgy egyszer\u0171en friss\u00edtheti laptopja kijelz\u0151j\u00e9t, \u00e9s azonnal \u00e9lvezheti a tov\u00e1bbfejlesztett l\u00e1tv\u00e1nyt.<\/li>\n<\/ul>\n<p>Ak\u00e1r belemer\u00fcl a j\u00e1t\u00e9kmenetbe, a vide\u00f3k szerkeszt\u00e9s\u00e9be vagy a sz\u00e1mok ropogtat\u00e1s\u00e1ba, a Lenovo Legion Y540-17IRH-hoz k\u00e9sz\u00fclt, 17 h\u00fcvelykes FHD IPS matt k\u00e9perny\u0151nk a t\u00f6k\u00e9letes friss\u00edt\u00e9s a vizu\u00e1lis \u00e9lm\u00e9ny fokoz\u00e1s\u00e1ra. Rendk\u00edv\u00fcli tisztas\u00e1got, sz\u00ednpontoss\u00e1got \u00e9s egyszer\u0171 telep\u00edt\u00e9st k\u00edn\u00e1l, \u00edgy a laptop kijelz\u0151j\u00e9t a k\u00f6vetkez\u0151 szintre emeli.<\/p>\n<\/div>\n<\/div>\n<\/div>\n<div class=\"mt-1 flex gap-3 empty:hidden\">\n<div class=\"text-gray-400 flex self-end lg:self-center items-center justify-center lg:justify-start mt-0 -ml-1 h-7 gap-[2px] l\u00e1that\u00f3\"><\/div>\n<\/div>\n<div class=\"flex\"><\/div>\n","protected":false},"excerpt":{"rendered":"<p>N\u00f6velje Lenovo Legion Y540-17IRH \u00e9lm\u00e9ny\u00e9t \u00faj, 17 h\u00fcvelykes Full HD IPS matt k\u00e9perny\u0151nkkel. A z\u00f6kken\u0151mentes kompatibilit\u00e1s \u00e9rdek\u00e9ben ez a 30 t\u0171s, konzol n\u00e9lk\u00fcli kijelz\u0151 kiv\u00e1l\u00f3 vizu\u00e1lis tisztas\u00e1got \u00e9s t\u00fckr\u00f6z\u0151d\u00e9smentes megtekint\u00e9si \u00e9lm\u00e9nyt biztos\u00edt, \u00edgy t\u00f6k\u00e9letes j\u00e1t\u00e9khoz \u00e9s professzion\u00e1lis haszn\u00e1latra.<\/p>\n","protected":false},"featured_media":7298,"template":"","meta":[],"product_brand":[],"product_cat":[72,71],"product_tag":[26],"class_list":{"0":"post-7806","1":"product","2":"type-product","3":"status-publish","4":"has-post-thumbnail","6":"product_cat-17-3","7":"product_cat-new-laptop-screens-lcd-panels","8":"product_tag-lenovo","10":"first","11":"instock","12":"taxable","13":"shipping-taxable","14":"purchasable","15":"product-type-simple"},"_links":{"self":[{"href":"https:\/\/boreait.com\/hu\/wp-json\/wp\/v2\/product\/7806","targetHints":{"allow":["GET"]}}],"collection":[{"href":"https:\/\/boreait.com\/hu\/wp-json\/wp\/v2\/product"}],"about":[{"href":"https:\/\/boreait.com\/hu\/wp-json\/wp\/v2\/types\/product"}],"wp:featuredmedia":[{"embeddable":true,"href":"https:\/\/boreait.com\/hu\/wp-json\/wp\/v2\/media\/7298"}],"wp:attachment":[{"href":"https:\/\/boreait.com\/hu\/wp-json\/wp\/v2\/media?parent=7806"}],"wp:term":[{"taxonomy":"product_brand","embeddable":true,"href":"https:\/\/boreait.com\/hu\/wp-json\/wp\/v2\/product_brand?post=7806"},{"taxonomy":"product_cat","embeddable":true,"href":"https:\/\/boreait.com\/hu\/wp-json\/wp\/v2\/product_cat?post=7806"},{"taxonomy":"product_tag","embeddable":true,"href":"https:\/\/boreait.com\/hu\/wp-json\/wp\/v2\/product_tag?post=7806"}],"curies":[{"name":"wp","href":"https:\/\/api.w.org\/{rel}","templated":true}]}}