{"id":7805,"date":"2025-09-17T11:57:34","date_gmt":"2025-09-17T09:57:34","guid":{"rendered":"https:\/\/boreait.com\/hu\/?post_type=product&#038;p=7805"},"modified":"2025-09-17T11:57:55","modified_gmt":"2025-09-17T09:57:55","slug":"17-fhd-ips-matt-kijelzo-acer-nitro-an517-52-52t3-hoz-30-tus-konzolok-nelkul-uj","status":"publish","type":"product","link":"https:\/\/boreait.com\/hu\/termek\/17-fhd-ips-matt-kijelzo-acer-nitro-an517-52-52t3-hoz-30-tus-konzolok-nelkul-uj\/","title":{"rendered":"17&#8243; FHD IPS matt kijelz\u0151 Acer Nitro AN517-52-52T3-hoz, 30 t\u0171s, konzolok n\u00e9lk\u00fcl, \u00faj"},"content":{"rendered":"<p><strong>T\u00e9nyleges modell: NV173FHM-N49 v8.0 \/ NV173FHM-N4L \/ N173HCE-E3C<\/strong><\/p>\n<p>Fokozza j\u00e1t\u00e9kg\u00e9p\u00e9t pr\u00e9mium 17 h\u00fcvelykes Full HD IPS matt k\u00e9perny\u0151nkkel, amelyet az Acer Nitro AN517-52-52T3-hoz szabtak. A z\u00f6kken\u0151mentes illeszked\u00e9st \u00e9s az egyszer\u0171 friss\u00edt\u00e9st biztos\u00edt\u00f3 kijelz\u0151t a 30 t\u0171s csatlakoz\u00f3nak \u00e9s a konzol n\u00e9lk\u00fcli kialak\u00edt\u00e1snak k\u00f6sz\u00f6nhet\u0151en k\u00f6nnyed\u00e9n integr\u00e1lhat\u00f3 laptopj\u00e1val. Mer\u00fclj\u00f6n el az \u00e9l\u00e9nk sz\u00ednek, az \u00e9les r\u00e9szletek \u00e9s a sz\u00e9les betekint\u00e9si sz\u00f6gek vil\u00e1g\u00e1ban, mindezt t\u00fckr\u00f6z\u0151d\u00e9smentes matt fel\u00fcleten, amely m\u00e9g er\u0151s f\u00e9nyviszonyok mellett is zavartalan j\u00e1t\u00e9kot biztos\u00edt.<\/p>\n<p><strong>F\u0151bb jellemz\u0151k:<\/strong><\/p>\n<ul>\n<li><strong>Kiv\u00e9teles Full HD min\u0151s\u00e9g:<\/strong> Tapasztalja meg a k\u00e9perny\u0151 tisztas\u00e1g\u00e1nak cs\u00facs\u00e1t a Full HD (1920&#215;1080) felbont\u00e1ssal, amely t\u00f6k\u00e9letes a j\u00e1t\u00e9kok, vide\u00f3k \u00e9s k\u00e9pek minden r\u00e9szlet\u00e9nek meg\u00f6r\u00f6k\u00edt\u00e9s\u00e9re.<\/li>\n<li><strong>Tov\u00e1bbfejlesztett IPS technol\u00f3gia:<\/strong> \u00c9lvezze az egyenletes, pontos sz\u00edneket b\u00e1rmilyen l\u00e1t\u00f3sz\u00f6gb\u0151l, k\u00f6sz\u00f6nhet\u0151en az IPS panel sz\u00e9les l\u00e1t\u00f3sz\u00f6g\u00e9nek \u00e9s kiv\u00e1l\u00f3 sz\u00ednvisszaad\u00e1snak, amely minden vizu\u00e1lis \u00e9lm\u00e9nyt fokoz.<\/li>\n<li><strong>Matt fel\u00fclet az optim\u00e1lis n\u00e9z\u00e9shez:<\/strong> Mondjon b\u00facs\u00fat a zavar\u00f3 t\u00fckr\u00f6z\u0151d\u00e9seknek matt fel\u00fclet\u00fcnkkel, amely cs\u00f6kkenti a t\u00fckr\u00f6z\u0151d\u00e9st, \u00e9s lehet\u0151v\u00e9 teszi, hogy a k\u00e9perny\u0151 tartalm\u00e1ra \u00f6sszpontos\u00edtson, a k\u00f6rnyezett\u0151l f\u00fcggetlen\u00fcl.<\/li>\n<li><strong>T\u00f6k\u00e9letes kompatibilit\u00e1s:<\/strong> Kifejezetten az Acer Nitro AN517-52-52T3-hoz tervezett k\u00e9perny\u0151 t\u00f6k\u00e9letes illeszked\u00e9st \u00e9s optim\u00e1lis funkcionalit\u00e1st garant\u00e1l, n\u00f6velve a laptop teljes\u00edtm\u00e9ny\u00e9t an\u00e9lk\u00fcl, hogy tov\u00e1bbi konzolokra lenne sz\u00fcks\u00e9ge.<\/li>\n<li><strong>Egyszer\u0171 telep\u00edt\u00e9s:<\/strong> Kijelz\u0151nk konzol n\u00e9lk\u00fcli kialak\u00edt\u00e1sa \u00e9s 30 t\u0171s csatlakoz\u00f3ja probl\u00e9mamentes telep\u00edt\u00e9st tesz lehet\u0151v\u00e9, lehet\u0151v\u00e9 t\u00e9ve a laptop vizu\u00e1lis \u00e9lm\u00e9ny\u00e9nek egyszer\u0171 fejleszt\u00e9s\u00e9t.<\/li>\n<\/ul>\n<p>Ak\u00e1r versenyszer\u0171en j\u00e1tsz\u00f3 j\u00e1t\u00e9kos, ak\u00e1r multim\u00e9di\u00e1s rajong\u00f3, ak\u00e1r pontos sz\u00ednmegjelen\u00edt\u00e9st ig\u00e9nyl\u0151 profi, a 17 h\u00fcvelykes FHD IPS matt k\u00e9perny\u0151nk ide\u00e1lis v\u00e1laszt\u00e1s az Acer Nitro AN517-52-52T3 friss\u00edt\u00e9s\u00e9hez. Kiv\u00e1l\u00f3 vizu\u00e1lis teljes\u00edtm\u00e9nyt \u00e9s egyszer\u0171 telep\u00edt\u00e9st k\u00edn\u00e1l, \u00e9s \u00fagy tervezt\u00e9k, hogy \u00faj magass\u00e1gokba emelje a megtekint\u00e9si \u00e9lm\u00e9nyt, \u00e9s a tisztas\u00e1g, a sz\u00ednpontoss\u00e1g \u00e9s a k\u00e9nyelem verhetetlen kombin\u00e1ci\u00f3j\u00e1t ny\u00fajtja.<\/p>\n","protected":false},"excerpt":{"rendered":"<p>Engedje szabadj\u00e1ra Acer Nitro AN517-52-52T3-ban rejl\u0151 lehet\u0151s\u00e9geket a legmodernebb, 17 h\u00fcvelykes Full HD IPS matt k\u00e9perny\u0151nkkel. Ez a konzol n\u00e9lk\u00fcli, 30 t\u0171s kijelz\u0151 nem csak z\u00f6kken\u0151mentes kompatibilit\u00e1st \u00e9s egyszer\u0171 telep\u00edt\u00e9st k\u00edn\u00e1l, hanem leny\u0171g\u00f6z\u0151 vizu\u00e1lis tisztas\u00e1got \u00e9s t\u00fckr\u00f6z\u0151d\u00e9smentes \u00e9lm\u00e9nyt is ny\u00fajt, jav\u00edtva a j\u00e1t\u00e9k- \u00e9s multim\u00e9di\u00e1s munkameneteket.<\/p>\n","protected":false},"featured_media":7298,"template":"","meta":[],"product_brand":[],"product_cat":[72,71],"product_tag":[29],"class_list":{"0":"post-7805","1":"product","2":"type-product","3":"status-publish","4":"has-post-thumbnail","6":"product_cat-17-3","7":"product_cat-new-laptop-screens-lcd-panels","8":"product_tag-acer","10":"first","11":"instock","12":"taxable","13":"shipping-taxable","14":"purchasable","15":"product-type-simple"},"_links":{"self":[{"href":"https:\/\/boreait.com\/hu\/wp-json\/wp\/v2\/product\/7805","targetHints":{"allow":["GET"]}}],"collection":[{"href":"https:\/\/boreait.com\/hu\/wp-json\/wp\/v2\/product"}],"about":[{"href":"https:\/\/boreait.com\/hu\/wp-json\/wp\/v2\/types\/product"}],"wp:featuredmedia":[{"embeddable":true,"href":"https:\/\/boreait.com\/hu\/wp-json\/wp\/v2\/media\/7298"}],"wp:attachment":[{"href":"https:\/\/boreait.com\/hu\/wp-json\/wp\/v2\/media?parent=7805"}],"wp:term":[{"taxonomy":"product_brand","embeddable":true,"href":"https:\/\/boreait.com\/hu\/wp-json\/wp\/v2\/product_brand?post=7805"},{"taxonomy":"product_cat","embeddable":true,"href":"https:\/\/boreait.com\/hu\/wp-json\/wp\/v2\/product_cat?post=7805"},{"taxonomy":"product_tag","embeddable":true,"href":"https:\/\/boreait.com\/hu\/wp-json\/wp\/v2\/product_tag?post=7805"}],"curies":[{"name":"wp","href":"https:\/\/api.w.org\/{rel}","templated":true}]}}