{"id":7804,"date":"2025-09-17T11:57:34","date_gmt":"2025-09-17T09:57:34","guid":{"rendered":"https:\/\/boreait.com\/hu\/?post_type=product&#038;p=7804"},"modified":"2025-09-17T11:57:54","modified_gmt":"2025-09-17T09:57:54","slug":"17-es-fhd-ips-matt-kijelzo-acer-aspire-3-n20c6-hoz-30-tus-konzolok-nelkul-vadonatuj","status":"publish","type":"product","link":"https:\/\/boreait.com\/hu\/termek\/17-es-fhd-ips-matt-kijelzo-acer-aspire-3-n20c6-hoz-30-tus-konzolok-nelkul-vadonatuj\/","title":{"rendered":"17&#8243;-es FHD IPS matt kijelz\u0151 Acer Aspire 3 n20c6-hoz, 30 t\u0171s, konzolok n\u00e9lk\u00fcl, vadonat\u00faj"},"content":{"rendered":"<p><strong>T\u00e9nyleges modell: NV173FHM-N49 v8.0 \/ NV173FHM-N4L \/ N173HCE-E3C<\/strong><\/p>\n<p>N\u00f6velje meg az Acer Aspire 3 n20c6 \u00e9lm\u00e9ny\u00e9t az apr\u00f3l\u00e9kosan kidolgozott 17 h\u00fcvelykes Full HD IPS matt k\u00e9perny\u0151nkkel. Ez a kifejezetten az \u00d6n k\u00e9sz\u00fcl\u00e9k\u00e9hez tervezett pr\u00e9mium kijelz\u0151 egyes\u00edti a fejlett technol\u00f3gi\u00e1t az eleg\u00e1ns, felhaszn\u00e1l\u00f3bar\u00e1t kialak\u00edt\u00e1ssal. A 30 t\u0171s csatlakoz\u00f3val z\u00f6kken\u0151mentes kompatibilit\u00e1st \u00e9s egyszer\u0171 telep\u00edt\u00e9si folyamatot k\u00edn\u00e1l, tart\u00f3konzolok n\u00e9lk\u00fcl. Kijelz\u0151nk nemcsak a vizu\u00e1lis \u00e9lm\u00e9nyt jav\u00edtja, hanem a vak\u00edt\u00e1st cs\u00f6kkent\u0151 matt fel\u00fclet\u00e9nek k\u00f6sz\u00f6nhet\u0151en cs\u00f6kkenti a szem meger\u0151ltet\u00e9s\u00e9t is hosszan tart\u00f3 haszn\u00e1lat sor\u00e1n.<\/p>\n<p><strong>Exkluz\u00edv szolg\u00e1ltat\u00e1sok:<\/strong><\/p>\n<ul>\n<li><strong>Kiv\u00e9teles Full HD felbont\u00e1s:<\/strong> Mer\u00fclj\u00f6n el az 1920&#215;1080-as felbont\u00e1s tisztas\u00e1g\u00e1ban, ahol minden k\u00e9ppont \u00e9les, \u00e9l\u00e9nk k\u00e9peket \u00e9s vide\u00f3kat biztos\u00edt \u00d6nnek, megv\u00e1ltoztatva a tartalmak, j\u00e1t\u00e9kok \u00e9s alkalmaz\u00e1sok megtekint\u00e9s\u00e9t.<\/li>\n<li><strong>Speci\u00e1lis IPS-panel:<\/strong> Az \u00e9lvonalbeli IPS-technol\u00f3gi\u00e1nak k\u00f6sz\u00f6nhet\u0151en b\u00e1rmilyen l\u00e1t\u00f3sz\u00f6gben egyenletes sz\u00ednt \u00e9s f\u00e9nyer\u0151t \u00e9lvezhet, \u00edgy a munka \u00e9s a sz\u00f3rakoz\u00e1s sz\u00e1m\u00e1ra egyar\u00e1nt kiv\u00e1l\u00f3 megtekint\u00e9si \u00e9lm\u00e9nyt biztos\u00edt.<\/li>\n<li><strong>Matt fel\u00fclet:<\/strong> Speci\u00e1lis matt fel\u00fclet\u00fcnk jelent\u0151sen cs\u00f6kkenti a k\u00e9perny\u0151 t\u00fckr\u00f6z\u0151d\u00e9s\u00e9t \u00e9s visszaver\u0151d\u00e9s\u00e9t, lehet\u0151v\u00e9 t\u00e9ve, hogy k\u00e9nyelmesen dolgozzon er\u0151s megvil\u00e1g\u00edt\u00e1s mellett vagy k\u00fclt\u00e9ri k\u00f6r\u00fclm\u00e9nyek k\u00f6z\u00f6tt is, an\u00e9lk\u00fcl, hogy a l\u00e1that\u00f3s\u00e1got vesz\u00e9lyeztetn\u00e9.<\/li>\n<li><strong>Az Acer Aspire 3 n20c6-hoz szabva:<\/strong> Ezt a k\u00e9perny\u0151t \u00fagy tervezt\u00e9k, hogy t\u00f6k\u00e9letes kompatibilit\u00e1st biztos\u00edtson az Acer Aspire 3 n20c6 k\u00e9sz\u00fcl\u00e9kkel, \u00edgy nem csak a t\u00f6k\u00e9letes illeszked\u00e9st, hanem az optim\u00e1lis teljes\u00edtm\u00e9nyt is biztos\u00edtja, jav\u00edtva laptopja haszn\u00e1lhat\u00f3s\u00e1g\u00e1t \u00e9s megjelen\u00edt\u00e9si min\u0151s\u00e9g\u00e9t.<\/li>\n<li><strong>Egyszer\u0171 telep\u00edt\u00e9s:<\/strong> A konzolok hi\u00e1nya \u00e9s a 30 t\u0171s csatlakoz\u00f3 megl\u00e9te leegyszer\u0171s\u00edti a telep\u00edt\u00e9si folyamatot, \u00edgy k\u00f6nnyen \u00e9s magabiztosan friss\u00edthet\u0151 a laptop kijelz\u0151je.<\/li>\n<\/ul>\n<p>A 17 h\u00fcvelykes FHD IPS matt k\u00e9perny\u0151nk az Acer Aspire 3 n20c6 t\u00f6k\u00e9letes friss\u00edt\u00e9se, amelyet \u00fagy terveztek, hogy kiv\u00e1l\u00f3 vizu\u00e1lis \u00e9lm\u00e9nyt ny\u00fajtson, ak\u00e1r magas okt\u00e1nsz\u00e1m\u00fa j\u00e1t\u00e9kot, ak\u00e1r professzion\u00e1lis szerkeszt\u00e9st folytat, vagy egyszer\u0171en csak \u00e9lvezi kedvenc multim\u00e9di\u00e1s tartalmait. Mer\u00fclj\u00f6n el a Full HD IPS m\u00e9lys\u00e9g\u00e9ben \u00e9s r\u00e9szleteiben, \u00e9s \u00e9lvezze a matt fel\u00fclet k\u00e9nyelm\u00e9t minden haszn\u00e1lat sor\u00e1n.<\/p>\n","protected":false},"excerpt":{"rendered":"<p>Alak\u00edtsa \u00e1t Acer Aspire 3 n20c6 k\u00e9sz\u00fcl\u00e9k\u00e9t \u00faj, 17 h\u00fcvelykes Full HD IPS matt k\u00e9perny\u0151nkkel. A t\u00f6k\u00e9letes kompatibilit\u00e1s \u00e9rdek\u00e9ben 30 t\u0171s csatlakoz\u00f3val b\u00fcszk\u00e9lked\u0151, tart\u00f3 n\u00e9lk\u00fcli, t\u00fckr\u00f6z\u0151d\u00e9smentes kijelz\u0151 p\u00e1ratlan tisztas\u00e1gra \u00e9s k\u00e9nyelemre emeli a megtekint\u00e9st, amely ide\u00e1lis a lelkes j\u00e1t\u00e9kosok \u00e9s a termel\u00e9kenys\u00e9get n\u00f6vel\u0151 felhaszn\u00e1l\u00f3k sz\u00e1m\u00e1ra.<\/p>\n","protected":false},"featured_media":7298,"template":"","meta":[],"product_brand":[],"product_cat":[72,71],"product_tag":[29],"class_list":{"0":"post-7804","1":"product","2":"type-product","3":"status-publish","4":"has-post-thumbnail","6":"product_cat-17-3","7":"product_cat-new-laptop-screens-lcd-panels","8":"product_tag-acer","10":"first","11":"instock","12":"taxable","13":"shipping-taxable","14":"purchasable","15":"product-type-simple"},"_links":{"self":[{"href":"https:\/\/boreait.com\/hu\/wp-json\/wp\/v2\/product\/7804","targetHints":{"allow":["GET"]}}],"collection":[{"href":"https:\/\/boreait.com\/hu\/wp-json\/wp\/v2\/product"}],"about":[{"href":"https:\/\/boreait.com\/hu\/wp-json\/wp\/v2\/types\/product"}],"wp:featuredmedia":[{"embeddable":true,"href":"https:\/\/boreait.com\/hu\/wp-json\/wp\/v2\/media\/7298"}],"wp:attachment":[{"href":"https:\/\/boreait.com\/hu\/wp-json\/wp\/v2\/media?parent=7804"}],"wp:term":[{"taxonomy":"product_brand","embeddable":true,"href":"https:\/\/boreait.com\/hu\/wp-json\/wp\/v2\/product_brand?post=7804"},{"taxonomy":"product_cat","embeddable":true,"href":"https:\/\/boreait.com\/hu\/wp-json\/wp\/v2\/product_cat?post=7804"},{"taxonomy":"product_tag","embeddable":true,"href":"https:\/\/boreait.com\/hu\/wp-json\/wp\/v2\/product_tag?post=7804"}],"curies":[{"name":"wp","href":"https:\/\/api.w.org\/{rel}","templated":true}]}}