{"id":7803,"date":"2025-09-17T11:57:34","date_gmt":"2025-09-17T09:57:34","guid":{"rendered":"https:\/\/boreait.com\/hu\/?post_type=product&#038;p=7803"},"modified":"2025-09-17T11:57:54","modified_gmt":"2025-09-17T09:57:54","slug":"17-es-fhd-ips-matt-kepernyo-asus-vivobook-17-m712d-a-hoz-30-tus-uj-konzolok-nelkul","status":"publish","type":"product","link":"https:\/\/boreait.com\/hu\/termek\/17-es-fhd-ips-matt-kepernyo-asus-vivobook-17-m712d-a-hoz-30-tus-uj-konzolok-nelkul\/","title":{"rendered":"17&#8243;-es FHD IPS matt k\u00e9perny\u0151 Asus VivoBook 17 M712D\/A-hoz, 30 t\u0171s, \u00faj, konzolok n\u00e9lk\u00fcl"},"content":{"rendered":"<p><strong>T\u00e9nyleges modell: NV173FHM-N49 v8.0 \/ NV173FHM-N4L \/ N173HCE-E3C<\/strong><\/p>\n<p>Bemutatjuk leg\u00fajabb, 17 h\u00fcvelykes Full HD IPS matt k\u00e9perny\u0151nket, amelyet kifejezetten az Asus VivoBook 17 M712D\/M712DA fejleszt\u00e9s\u00e9re terveztek. Ez a pr\u00e9mium min\u0151s\u00e9g\u0171, konzol n\u00e9lk\u00fcli kijelz\u0151 z\u00f6kken\u0151mentesen egyes\u00edti a cs\u00facstechnol\u00f3gi\u00e1t a felhaszn\u00e1l\u00f3bar\u00e1t funkci\u00f3kkal, \u00edgy k\u00f6nnyed\u00e9n friss\u00edtheti eszk\u00f6z\u00e9t. Tapasztalja meg a vizu\u00e1lis kiv\u00e1l\u00f3s\u00e1g cs\u00facs\u00e1t a konzolokkal val\u00f3 gond n\u00e9lk\u00fcl, egy 30 t\u0171s csatlakoz\u00f3val, amely biztos\u00edtja a sima, egyszer\u0171 telep\u00edt\u00e9st.<\/p>\n<p><strong>F\u0151bb jellemz\u0151k:<\/strong><\/p>\n<ul>\n<li><strong>Leny\u0171g\u00f6z\u0151 Full HD felbont\u00e1s:<\/strong> Az 1920&#215;1080-as felbont\u00e1snak k\u00f6sz\u00f6nhet\u0151en \u00e9les, \u00e9l\u00e9nk l\u00e1tv\u00e1nyt ny\u00fajt, amely \u00e9letre kelt tartalmait, legyen sz\u00f3 nagy t\u00e9ttel rendelkez\u0151 j\u00e1t\u00e9kr\u00f3l, professzion\u00e1lis tervez\u00e9si munk\u00e1r\u00f3l vagy kedvenc m\u0171sorainak streamel\u00e9s\u00e9r\u0151l.<\/li>\n<li><strong>Fejlett IPS technol\u00f3gia:<\/strong> Haszn\u00e1lja ki a konzisztens, pontos sz\u00ednvisszaad\u00e1st \u00e9s a sz\u00e9les betekint\u00e9si sz\u00f6geket. Az IPS technol\u00f3gia fokozza a megtekint\u00e9si \u00e9lm\u00e9nyt, \u00e9s b\u00e1rmilyen szemsz\u00f6gb\u0151l \u00e9l\u00e9nk l\u00e1tv\u00e1nyt biztos\u00edt.<\/li>\n<li><strong>Matt fel\u00fclet a k\u00e9nyelmes n\u00e9z\u00e9shez:<\/strong> A k\u00e9perny\u0151 matt fel\u00fclete cs\u00f6kkenti a t\u00fckr\u00f6z\u0151d\u00e9st \u00e9s a t\u00fckr\u00f6z\u0151d\u00e9st, \u00edgy m\u00e9g er\u0151sen megvil\u00e1g\u00edtott k\u00f6rnyezetben is k\u00f6nnyebb\u00e9 v\u00e1lik a szemek hosszan tart\u00f3 munkav\u00e9gz\u00e9s vagy intenz\u00edv j\u00e1t\u00e9kmaratonok sor\u00e1n.<\/li>\n<li><strong>T\u00f6k\u00e9letes illeszked\u00e9s az Asus VivoBook 17 M712D\/M712DA-hoz:<\/strong> A pontos kompatibilit\u00e1st szem el\u0151tt tartva tervezt\u00e9k, ez a k\u00e9perny\u0151 megfelel az Asus VivoBook 17 M712D\/M712DA specifik\u00e1ci\u00f3inak, \u00edgy biztos\u00edtva a z\u00f6kken\u0151mentes illeszked\u00e9st \u00e9s az optim\u00e1lis teljes\u00edtm\u00e9nyt konzolok n\u00e9lk\u00fcl.<\/li>\n<li><strong>Egyszer\u0171 telep\u00edt\u00e9s:<\/strong> A 30 t\u0171s csatlakoz\u00f3nak \u00e9s a neh\u00e9zkes konzolok hi\u00e1ny\u00e1nak k\u00f6sz\u00f6nhet\u0151en a k\u00e9perny\u0151 felszerel\u00e9se gyerekj\u00e1t\u00e9k, \u00edgy gyorsan jav\u00edthatja laptopja megjelen\u00edt\u00e9si min\u0151s\u00e9g\u00e9t.<\/li>\n<\/ul>\n<p>Friss\u00edtse Asus VivoBook 17 M712D\/M712DA k\u00e9sz\u00fcl\u00e9k\u00e9t 17 h\u00fcvelykes FHD IPS matt k\u00e9perny\u0151nkkel, \u00e9s tapasztalja meg a tisztas\u00e1g \u00e9s a k\u00e9nyelem \u00faj szintj\u00e9t. Legyen sz\u00f3 munk\u00e1r\u00f3l, j\u00e1t\u00e9kr\u00f3l vagy b\u00e1rmi m\u00e1sr\u00f3l, ezt a kijelz\u0151t \u00fagy tervezt\u00e9k, hogy fokozza a megtekint\u00e9si \u00e9lm\u00e9nyt, \u00e9s a kiv\u00e1l\u00f3 min\u0151s\u00e9get p\u00e1ratlanul egyszer\u0171 haszn\u00e1lattal \u00f6tv\u00f6zi.<\/p>\n","protected":false},"excerpt":{"rendered":"<p>Revitaliz\u00e1lja Asus VivoBook 17 M712D\/M712DA k\u00e9sz\u00fcl\u00e9k\u00e9t a legmodernebb, 17 h\u00fcvelykes Full HD IPS matt k\u00e9perny\u0151nkkel. A 30 t\u0171s csatlakoz\u00f3val a k\u00f6nny\u0171 kompatibilit\u00e1s \u00e9rdek\u00e9ben ez a konzol n\u00e9lk\u00fcli kijelz\u0151 p\u00e1ratlan vizu\u00e1lis tisztas\u00e1got \u00e9s t\u00fckr\u00f6z\u0151d\u00e9smentes megtekint\u00e9si \u00e9lm\u00e9nyt biztos\u00edt, amely t\u00f6k\u00e9letes a termel\u00e9kenys\u00e9g \u00e9s a sz\u00f3rakoz\u00e1s szempontj\u00e1b\u00f3l.<\/p>\n","protected":false},"featured_media":7298,"template":"","meta":[],"product_brand":[],"product_cat":[72,71],"product_tag":[30],"class_list":{"0":"post-7803","1":"product","2":"type-product","3":"status-publish","4":"has-post-thumbnail","6":"product_cat-17-3","7":"product_cat-new-laptop-screens-lcd-panels","8":"product_tag-asus","10":"first","11":"instock","12":"taxable","13":"shipping-taxable","14":"purchasable","15":"product-type-simple"},"_links":{"self":[{"href":"https:\/\/boreait.com\/hu\/wp-json\/wp\/v2\/product\/7803","targetHints":{"allow":["GET"]}}],"collection":[{"href":"https:\/\/boreait.com\/hu\/wp-json\/wp\/v2\/product"}],"about":[{"href":"https:\/\/boreait.com\/hu\/wp-json\/wp\/v2\/types\/product"}],"wp:featuredmedia":[{"embeddable":true,"href":"https:\/\/boreait.com\/hu\/wp-json\/wp\/v2\/media\/7298"}],"wp:attachment":[{"href":"https:\/\/boreait.com\/hu\/wp-json\/wp\/v2\/media?parent=7803"}],"wp:term":[{"taxonomy":"product_brand","embeddable":true,"href":"https:\/\/boreait.com\/hu\/wp-json\/wp\/v2\/product_brand?post=7803"},{"taxonomy":"product_cat","embeddable":true,"href":"https:\/\/boreait.com\/hu\/wp-json\/wp\/v2\/product_cat?post=7803"},{"taxonomy":"product_tag","embeddable":true,"href":"https:\/\/boreait.com\/hu\/wp-json\/wp\/v2\/product_tag?post=7803"}],"curies":[{"name":"wp","href":"https:\/\/api.w.org\/{rel}","templated":true}]}}