{"id":7802,"date":"2025-09-17T11:57:34","date_gmt":"2025-09-17T09:57:34","guid":{"rendered":"https:\/\/boreait.com\/hu\/?post_type=product&#038;p=7802"},"modified":"2025-09-17T11:57:54","modified_gmt":"2025-09-17T09:57:54","slug":"17-fhd-ips-matt-laptop-kepernyo-30-tus-konzol-nelkuli-n173hce-e3a-teljesen-uj","status":"publish","type":"product","link":"https:\/\/boreait.com\/hu\/termek\/17-fhd-ips-matt-laptop-kepernyo-30-tus-konzol-nelkuli-n173hce-e3a-teljesen-uj\/","title":{"rendered":"17&#8243; FHD IPS matt laptop k\u00e9perny\u0151 30 t\u0171s, konzol n\u00e9lk\u00fcli, N173HCE-E3A, teljesen \u00faj"},"content":{"rendered":"<p><strong>T\u00e9nyleges modell: NV173FHM-N49 v8.0 \/ NV173FHM-N4L \/ N173HCE-E3C<\/strong><\/p>\n<p>Emelje fel laptopja kijelz\u0151j\u00e9t innovat\u00edv, 17 h\u00fcvelykes Full HD IPS matt k\u00e9perny\u0151nkkel, amely kiv\u00e1l\u00f3 kieg\u00e9sz\u00edt\u0151je a vizu\u00e1lis \u00e9lm\u00e9nyt fokozni v\u00e1gy\u00f3 felhaszn\u00e1l\u00f3knak. Az N173HCE-E3A modellre szabott k\u00e9perny\u0151 nagy felbont\u00e1s\u00fa tisztas\u00e1got, jobb sz\u00ednpontoss\u00e1got \u00e9s t\u00fckr\u00f6z\u0151d\u00e9smentes matt fel\u00fcletet biztos\u00edt a p\u00e1ratlan vizu\u00e1lis \u00e9lm\u00e9ny \u00e9rdek\u00e9ben.<\/p>\n<p><strong>Kiemel\u00e9sek:<\/strong><\/p>\n<ul>\n<li><strong>Full HD felbont\u00e1s:<\/strong> Mer\u00fclj\u00f6n el az \u00e9l\u00e9nk sz\u00ednek \u00e9s a krist\u00e1lytiszta k\u00e9pek vil\u00e1g\u00e1ban a Full HD (1920&#215;1080) felbont\u00e1ssal, amely munk\u00e1hoz \u00e9s j\u00e1t\u00e9khoz egyar\u00e1nt t\u00f6k\u00e9letes.<\/li>\n<li><strong>IPS technol\u00f3gia:<\/strong> Haszn\u00e1lja ki a sz\u00e9les betekint\u00e9si sz\u00f6geket \u00e9s az egyenletes sz\u00edneket az IPS technol\u00f3gi\u00e1nak k\u00f6sz\u00f6nhet\u0151en, \u00edgy a k\u00e9perny\u0151 nagyszer\u0171en n\u00e9z ki, b\u00e1rhonnan is n\u00e9zi.<\/li>\n<li><strong>Matt fel\u00fclet:<\/strong> Mondjon b\u00facs\u00fat a t\u00fckr\u00f6z\u0151d\u00e9snek matt kijelz\u0151nkkel, amelyet \u00fagy tervezt\u00fcnk, hogy cs\u00f6kkentse a t\u00fckr\u00f6z\u0151d\u00e9st, \u00e9s b\u00e1rmilyen f\u00e9nyviszonyok k\u00f6z\u00f6tt is j\u00f3l l\u00e1that\u00f3 legyen a k\u00e9perny\u0151.<\/li>\n<li><strong>K\u00f6nnyen csatlakoztathat\u00f3:<\/strong> A 30 t\u0171s csatlakoz\u00f3val rendelkez\u0151 k\u00e9perny\u0151 egyszer\u0171 telep\u00edt\u00e9si folyamatot tesz lehet\u0151v\u00e9, mentes a konzolok okozta bonyodalmakt\u00f3l.<\/li>\n<li><strong>Kompatibilit\u00e1sra tervezve:<\/strong> Kifejezetten az N173HCE-E3A sz\u00e1m\u00e1ra k\u00e9sz\u00fclt, \u00edgy biztos\u00edtva a z\u00f6kken\u0151mentes illeszked\u00e9st \u00e9s az optim\u00e1lis funkcionalit\u00e1st.<\/li>\n<\/ul>\n<p>Ak\u00e1r profi, aki pontoss\u00e1gra \u00e9s r\u00e9szletgazdags\u00e1gra t\u00f6rekszik a munk\u00e1j\u00e1ban, vagy egy j\u00e1t\u00e9kos, aki \u00e9les, \u00e9l\u00e9nk j\u00e1t\u00e9kmenetre v\u00e1gyik, a 17 h\u00fcvelykes FHD IPS matt k\u00e9perny\u0151nk a laptopja sz\u00e1m\u00e1ra sz\u00fcks\u00e9ges friss\u00edt\u00e9s. Fogadja el a kijelz\u0151technol\u00f3gia j\u00f6v\u0151j\u00e9t m\u00e9g ma, \u00e9s alak\u00edtsa \u00e1t a megtekint\u00e9si \u00e9lm\u00e9nyt a konzol n\u00e9lk\u00fcli, k\u00f6nnyen telep\u00edthet\u0151 \u00e9s l\u00e1tv\u00e1nyosan leny\u0171g\u00f6z\u0151 k\u00e9perny\u0151nkkel.<\/p>\n","protected":false},"excerpt":{"rendered":"<p>Fedezze fel vadonat\u00faj 17 h\u00fcvelykes Full HD IPS matt kijelz\u0151nk tisztas\u00e1g\u00e1t \u00e9s sokoldal\u00fas\u00e1g\u00e1t, amelyet az N173HCE-E3A modellel val\u00f3 t\u00f6k\u00e9letes kompatibilit\u00e1sra szabtunk. Ez a pr\u00e9mium min\u0151s\u00e9g\u0171, konzol n\u00e9lk\u00fcli k\u00e9perny\u0151 30 \u00e9rintkez\u0151s csatlakoz\u00e1ssal rendelkezik, \u00edgy ide\u00e1lis friss\u00edt\u00e9s a visszaver\u0151d\u00e9s n\u00e9lk\u00fcli tov\u00e1bbfejlesztett l\u00e1tv\u00e1nyhoz, amelyet a k\u00f6nny\u0171 integr\u00e1ci\u00f3 \u00e9s a kiv\u00e1l\u00f3 n\u00e9z\u00e9si \u00e9lm\u00e9ny \u00e9rdek\u00e9ben terveztek.<\/p>\n","protected":false},"featured_media":7298,"template":"","meta":[],"product_brand":[],"product_cat":[72,71],"product_tag":[],"class_list":{"0":"post-7802","1":"product","2":"type-product","3":"status-publish","4":"has-post-thumbnail","6":"product_cat-17-3","7":"product_cat-new-laptop-screens-lcd-panels","9":"first","10":"instock","11":"taxable","12":"shipping-taxable","13":"purchasable","14":"product-type-simple"},"_links":{"self":[{"href":"https:\/\/boreait.com\/hu\/wp-json\/wp\/v2\/product\/7802","targetHints":{"allow":["GET"]}}],"collection":[{"href":"https:\/\/boreait.com\/hu\/wp-json\/wp\/v2\/product"}],"about":[{"href":"https:\/\/boreait.com\/hu\/wp-json\/wp\/v2\/types\/product"}],"wp:featuredmedia":[{"embeddable":true,"href":"https:\/\/boreait.com\/hu\/wp-json\/wp\/v2\/media\/7298"}],"wp:attachment":[{"href":"https:\/\/boreait.com\/hu\/wp-json\/wp\/v2\/media?parent=7802"}],"wp:term":[{"taxonomy":"product_brand","embeddable":true,"href":"https:\/\/boreait.com\/hu\/wp-json\/wp\/v2\/product_brand?post=7802"},{"taxonomy":"product_cat","embeddable":true,"href":"https:\/\/boreait.com\/hu\/wp-json\/wp\/v2\/product_cat?post=7802"},{"taxonomy":"product_tag","embeddable":true,"href":"https:\/\/boreait.com\/hu\/wp-json\/wp\/v2\/product_tag?post=7802"}],"curies":[{"name":"wp","href":"https:\/\/api.w.org\/{rel}","templated":true}]}}