{"id":78,"date":"2025-09-17T09:21:17","date_gmt":"2025-09-17T07:21:17","guid":{"rendered":"https:\/\/boreait.com\/hu\/?post_type=product&#038;p=78"},"modified":"2025-09-17T09:22:12","modified_gmt":"2025-09-17T07:22:12","slug":"intel-dual-band-ac-8260-8260ngw-802-11ac-wifi-wlan-kartya-bluetooth-4-2-modul","status":"publish","type":"product","link":"https:\/\/boreait.com\/hu\/termek\/intel-dual-band-ac-8260-8260ngw-802-11ac-wifi-wlan-kartya-bluetooth-4-2-modul\/","title":{"rendered":"INTEL DUAL BAND AC 8260 8260NGW 802.11ac WIFI WLAN K\u00c1RTYA &#8211; bluetooth 4.2 modul"},"content":{"rendered":"<p>A 8260NGW egy Intel Wireless-AC h\u00e1l\u00f3zati adapter. Ez egy k\u00e9ts\u00e1vos adapter, amely t\u00e1mogatja a 2,4 GHz-es \u00e9s az 5 GHz-es frekvenci\u00e1kat is, \u00e9s kompatibilis a 802.11ac szabv\u00e1nnyal, gyors vezet\u00e9k n\u00e9lk\u00fcli sebess\u00e9get \u00e9s megn\u00f6velt h\u00e1l\u00f3zati kapacit\u00e1st biztos\u00edtva. Az adapter t\u00e1mogatja a Bluetooth 4.2-t is, amely lehet\u0151v\u00e9 teszi a k\u00f6nny\u0171 csatlakoz\u00e1st m\u00e1s Bluetooth-kompatibilis eszk\u00f6z\u00f6kh\u00f6z. \u00c1ltal\u00e1ban laptopokban \u00e9s m\u00e1s mobileszk\u00f6z\u00f6kben haszn\u00e1lj\u00e1k vezet\u00e9k n\u00e9lk\u00fcli kapcsolat biztos\u00edt\u00e1s\u00e1ra.<\/p>\n<p>Az al\u00e1bbiakban felsoroljuk azokat a laptopokat, amelyek kompatibilisek ezzel a WI-FI-k\u00e1rty\u00e1val:<\/p>\n<ol>\n<li>Dell XPS 13<\/li>\n<li>HP Spectre x360<\/li>\n<li>Lenovo ThinkPad T480<\/li>\n<li>Asus Zenbook UX305<\/li>\n<li>Acer Aspire R14<\/li>\n<li>MSI GS63VR Stealth Pro<\/li>\n<li>Razer Blade Stealth<\/li>\n<li>Alienware 13 R3<\/li>\n<li>Lenovo Yoga 720<\/li>\n<li>HP EliteBook x360<\/li>\n<li>Asus ROG Strix GL702VM<\/li>\n<li>Dell Inspiron 15 5000 sorozat<\/li>\n<li>Acer Swift 7<\/li>\n<li>MSI GP62MVRX Leopard Pro<\/li>\n<li>HP Omen 17<\/li>\n<li>LG Gram 15Z970<\/li>\n<li>Lenovo Legion Y520<\/li>\n<li>HP Pavilion 15<\/li>\n<li>Dell Latitude E7470<\/li>\n<li>Asus VivoBook Pro N580VD<\/li>\n<li>Acer Aspire E15<\/li>\n<li>MSI GE62VR Apache Pro<\/li>\n<li>LG Gram 14Z970<\/li>\n<li>Razer Blade Pro<\/li>\n<li>Dell Latitude E5270 E5470 E5570 E7270 E7470<\/li>\n<li>\n<div class=\"s-item__title\"><span role=\"heading\" aria-level=\"3\">Lenovo Thinkpad X1 YOGA Carbon X260 T460 T560<\/span><\/div>\n<\/li>\n<li>\n<div class=\"s-item__title\"><span role=\"heading\" aria-level=\"3\">Lenovo L460 L470 900-13\u00a0<\/span><\/div>\n<\/li>\n<\/ol>\n<p>A HP SPS a \u201eSpare Part Number\u201d r\u00f6vid\u00edt\u00e9se, \u00e9s arra a cikksz\u00e1mra utal, amelyet a HP a term\u00e9keiben haszn\u00e1lt egyes alkatr\u00e9szek azonos\u00edt\u00e1s\u00e1ra haszn\u00e1l. Az Intel 8260NGW h\u00e1l\u00f3zati adapterhez tartoz\u00f3 HP SPS a telep\u00edtett HP laptop t\u00edpus\u00e1t\u00f3l \u00e9s konfigur\u00e1ci\u00f3j\u00e1t\u00f3l f\u00fcgg\u0151en v\u00e1ltozik. \u00cdme n\u00e9h\u00e1ny p\u00e9lda az Intel 8260NGW HP SPS-sz\u00e1maira:<\/p>\n<ul>\n<li>806721-001<\/li>\n<li>8260NGWSPS<\/li>\n<li>792202-001<\/li>\n<li>793840-001<\/li>\n<li>831511-001<\/li>\n<li>806722-001<\/li>\n<li>793840-005<\/li>\n<li>806723-001<\/li>\n<li>806722-005<\/li>\n<li>8260NGWSNX<\/li>\n<li>806721-001<\/li>\n<\/ul>\n<p>Ne feledje, hogy ez a lista nem teljes, \u00e9s lehetnek m\u00e1s laptopok \u00e9s eszk\u00f6z\u00f6k is, amelyek kompatibilisek a 8260NGW k\u00e1rty\u00e1val.<\/p>\n","protected":false},"excerpt":{"rendered":"<p>A 8260NGW egy Intel vezet\u00e9k n\u00e9lk\u00fcli h\u00e1l\u00f3zati adapter, amely t\u00e1mogatja a k\u00e9ts\u00e1vos Wi-Fi- \u00e9s Bluetooth-kapcsolatot, amelyet \u00e1ltal\u00e1ban laptopokban \u00e9s mobileszk\u00f6z\u00f6kben haszn\u00e1lnak a gyors \u00e9s megb\u00edzhat\u00f3 vezet\u00e9k n\u00e9lk\u00fcli kommunik\u00e1ci\u00f3 \u00e9rdek\u00e9ben.<\/p>\n","protected":false},"featured_media":130,"template":"","meta":[],"product_brand":[],"product_cat":[27],"product_tag":[29,30,17,25,26],"class_list":{"0":"post-78","1":"product","2":"type-product","3":"status-publish","4":"has-post-thumbnail","6":"product_cat-motherboards-board-parts","7":"product_tag-acer","8":"product_tag-asus","9":"product_tag-dell","10":"product_tag-hp","11":"product_tag-lenovo","13":"first","14":"instock","15":"taxable","16":"shipping-taxable","17":"purchasable","18":"product-type-simple"},"_links":{"self":[{"href":"https:\/\/boreait.com\/hu\/wp-json\/wp\/v2\/product\/78","targetHints":{"allow":["GET"]}}],"collection":[{"href":"https:\/\/boreait.com\/hu\/wp-json\/wp\/v2\/product"}],"about":[{"href":"https:\/\/boreait.com\/hu\/wp-json\/wp\/v2\/types\/product"}],"wp:featuredmedia":[{"embeddable":true,"href":"https:\/\/boreait.com\/hu\/wp-json\/wp\/v2\/media\/130"}],"wp:attachment":[{"href":"https:\/\/boreait.com\/hu\/wp-json\/wp\/v2\/media?parent=78"}],"wp:term":[{"taxonomy":"product_brand","embeddable":true,"href":"https:\/\/boreait.com\/hu\/wp-json\/wp\/v2\/product_brand?post=78"},{"taxonomy":"product_cat","embeddable":true,"href":"https:\/\/boreait.com\/hu\/wp-json\/wp\/v2\/product_cat?post=78"},{"taxonomy":"product_tag","embeddable":true,"href":"https:\/\/boreait.com\/hu\/wp-json\/wp\/v2\/product_tag?post=78"}],"curies":[{"name":"wp","href":"https:\/\/api.w.org\/{rel}","templated":true}]}}