{"id":7799,"date":"2025-09-17T11:57:34","date_gmt":"2025-09-17T09:57:34","guid":{"rendered":"https:\/\/boreait.com\/hu\/?post_type=product&#038;p=7799"},"modified":"2026-01-27T10:27:33","modified_gmt":"2026-01-27T09:27:33","slug":"eredeti-hp-compaq-nc6320-nx6330-nx6325-memoria-ram-wifi-laptop-cserefedel","status":"publish","type":"product","link":"https:\/\/boreait.com\/hu\/termek\/eredeti-hp-compaq-nc6320-nx6330-nx6325-memoria-ram-wifi-laptop-cserefedel\/","title":{"rendered":"Eredeti HP Compaq nc6320 nx6330 nx6325 mem\u00f3ria RAM WiFi laptop cserefed\u00e9l"},"content":{"rendered":"<p>N\u00f6velje HP Compaq nc6320, nx6330 vagy nx6325 laptopja teljes\u00edtm\u00e9ny\u00e9t \u00e9s megjelen\u00e9s\u00e9t az eredeti Memory RAM WiFi cserefed\u00e9llel. A prec\u00edzen megalkotott \u00e9s kifejezetten ezekhez a laptopmodellekhez tervezett eredeti cserealkatr\u00e9sz nem csak eszk\u00f6ze eszt\u00e9tik\u00e1j\u00e1t jav\u00edtja, hanem funkcionalit\u00e1s\u00e1t is.<\/p>\n<p>F\u0151bb jellemz\u0151k:<\/p>\n<ul>\n<li>Eredeti HP csere: Biztos\u00edtsa a kompatibilit\u00e1st \u00e9s a megb\u00edzhat\u00f3s\u00e1got egy hiteles cserefed\u00e9llel.<\/li>\n<li>Egyszer\u0171 telep\u00edt\u00e9s: Egyszer\u0171 telep\u00edt\u00e9ssel k\u00f6nnyed\u00e9n friss\u00edtheti laptopj\u00e1t, nincs sz\u00fcks\u00e9g szakmai seg\u00edts\u00e9gre.<\/li>\n<li>Tov\u00e1bbfejlesztett funkcionalit\u00e1s: N\u00f6velje laptopja mem\u00f3ri\u00e1j\u00e1t \u00e9s WiFi-k\u00e9pess\u00e9g\u00e9t ezzel a cserefed\u00e9llel.<\/li>\n<\/ul>\n<p>Friss\u00edtse laptopj\u00e1t: Tapasztalja meg a jobb funkcionalit\u00e1st \u00e9s eszt\u00e9tik\u00e1t, ha laptopja burkolat\u00e1t erre az eredeti HP alkatr\u00e9szre cser\u00e9li.<\/p>\n<p>Min\u0151s\u00e9gbiztos\u00edt\u00e1s: Biztos lehet benne, hogy egy kiv\u00e1l\u00f3 min\u0151s\u00e9g\u0171 cserealkatr\u00e9szbe fektet be, amelyet a megb\u00edzhat\u00f3s\u00e1g \u00e9s a hossz\u00fa \u00e9lettartam \u00e9rdek\u00e9ben terveztek.<\/p>\n<p>K\u00e9rj\u00fck, vegye figyelembe, hogy b\u00e1r a r\u00e9szletes telep\u00edt\u00e9si utas\u00edt\u00e1sokat nem adjuk meg, nyugodtan forduljon hozz\u00e1nk, ha k\u00e9rd\u00e9se van, vagy seg\u00edts\u00e9gre van sz\u00fcks\u00e9ge. A list\u00e1n szerepl\u0151 val\u00f3di term\u00e9kfot\u00f3k pontosan le\u00edrj\u00e1k, hogy mit fog kapni, t\u00fckr\u00f6zve az \u00e1tl\u00e1that\u00f3s\u00e1g \u00e9s az \u00fcgyfelek el\u00e9gedetts\u00e9ge ir\u00e1nti elk\u00f6telezetts\u00e9g\u00fcnket.<\/p>\n<p>Friss\u00edtse HP Compaq laptopj\u00e1t m\u00e9g ma az eredeti Memory RAM WiFi cserefed\u00e9llel. V\u00e1s\u00e1roljon bizalommal, tudva, hogy laptopja min\u0151s\u00e9gi cserealkatr\u00e9sz\u00e9be fektet be. Ha k\u00e9rd\u00e9se van, vagy tov\u00e1bbi seg\u00edts\u00e9gre van sz\u00fcks\u00e9ge, ne habozzon kapcsolatba l\u00e9pni vel\u00fcnk. Az\u00e9rt vagyunk itt, hogy seg\u00edts\u00fcnk eszk\u00f6ze funkcionalit\u00e1s\u00e1nak \u00e9s megjelen\u00e9s\u00e9nek jav\u00edt\u00e1s\u00e1ban.<\/p>\n","protected":false},"excerpt":{"rendered":"<p>Friss\u00edtse HP Compaq nc6320, nx6330 vagy nx6325 laptopj\u00e1t ezzel az eredeti Memory RAM WiFi cserefed\u00e9llel. T\u00f6k\u00e9letes a funkcionalit\u00e1s \u00e9s az eszt\u00e9tika fokoz\u00e1s\u00e1ra. V\u00e1s\u00e1roljon most, \u00e9s adjon \u00faj k\u00fcls\u0151t laptopj\u00e1nak!<\/p>\n","protected":false},"featured_media":7839,"template":"","meta":[],"product_brand":[],"product_cat":[16],"product_tag":[25],"class_list":{"0":"post-7799","1":"product","2":"type-product","3":"status-publish","4":"has-post-thumbnail","6":"product_cat-laptop-housing","7":"product_tag-hp","9":"first","10":"instock","11":"taxable","12":"shipping-taxable","13":"purchasable","14":"product-type-simple"},"_links":{"self":[{"href":"https:\/\/boreait.com\/hu\/wp-json\/wp\/v2\/product\/7799","targetHints":{"allow":["GET"]}}],"collection":[{"href":"https:\/\/boreait.com\/hu\/wp-json\/wp\/v2\/product"}],"about":[{"href":"https:\/\/boreait.com\/hu\/wp-json\/wp\/v2\/types\/product"}],"wp:featuredmedia":[{"embeddable":true,"href":"https:\/\/boreait.com\/hu\/wp-json\/wp\/v2\/media\/7839"}],"wp:attachment":[{"href":"https:\/\/boreait.com\/hu\/wp-json\/wp\/v2\/media?parent=7799"}],"wp:term":[{"taxonomy":"product_brand","embeddable":true,"href":"https:\/\/boreait.com\/hu\/wp-json\/wp\/v2\/product_brand?post=7799"},{"taxonomy":"product_cat","embeddable":true,"href":"https:\/\/boreait.com\/hu\/wp-json\/wp\/v2\/product_cat?post=7799"},{"taxonomy":"product_tag","embeddable":true,"href":"https:\/\/boreait.com\/hu\/wp-json\/wp\/v2\/product_tag?post=7799"}],"curies":[{"name":"wp","href":"https:\/\/api.w.org\/{rel}","templated":true}]}}