{"id":7798,"date":"2025-09-17T11:57:34","date_gmt":"2025-09-17T09:57:34","guid":{"rendered":"https:\/\/boreait.com\/hu\/?post_type=product&#038;p=7798"},"modified":"2026-01-27T10:27:19","modified_gmt":"2026-01-27T09:27:19","slug":"eredeti-hp-compaq-nx6325-laptop-merevlemez-meghajto-fedele-cserealkatresz","status":"publish","type":"product","link":"https:\/\/boreait.com\/hu\/termek\/eredeti-hp-compaq-nx6325-laptop-merevlemez-meghajto-fedele-cserealkatresz\/","title":{"rendered":"Eredeti HP COMPAQ NX6325 laptop merevlemez-meghajt\u00f3 fedele \u2013 cserealkatr\u00e9sz"},"content":{"rendered":"<p>N\u00f6velje HP COMPAQ NX6325 laptopja t\u00e1rol\u00f3kapacit\u00e1s\u00e1t \u00e9s v\u00e9delm\u00e9t az eredeti merevlemez-meghajt\u00f3 fedel\u00e9vel. A prec\u00edzen megalkotott \u00e9s kifejezetten az \u00d6n laptopmodellj\u00e9hez tervezett eredeti cserealkatr\u00e9sz nemcsak a t\u00e1rol\u00e1si funkci\u00f3kat jav\u00edtja, hanem a merevlemez v\u00e9delm\u00e9t is biztos\u00edtja.<\/p>\n<p>F\u0151bb jellemz\u0151k:<\/p>\n<ul>\n<li>Eredeti HP csere: Biztos\u00edtsa a kompatibilit\u00e1st \u00e9s a megb\u00edzhat\u00f3s\u00e1got az eredeti cserealkatr\u00e9szekkel.<\/li>\n<li>Egyszer\u0171 telep\u00edt\u00e9s: Egyszer\u0171 telep\u00edt\u00e9ssel k\u00f6nnyed\u00e9n friss\u00edtheti laptopj\u00e1t, nincs sz\u00fcks\u00e9g szakmai seg\u00edts\u00e9gre.<\/li>\n<li>Tov\u00e1bbfejlesztett t\u00e1rhely: N\u00f6velje HP COMPAQ NX6325 laptopja t\u00e1rol\u00f3kapacit\u00e1s\u00e1t ezzel az er\u0151s alapburkolattal.<\/li>\n<li>Tov\u00e1bbi v\u00e9delem: Ezzel a tart\u00f3s alapburkolattal \u00f3vja merevlemez\u00e9t a port\u00f3l, t\u00f6rmel\u00e9kt\u0151l \u00e9s az esetleges s\u00e9r\u00fcl\u00e9sekt\u0151l.<\/li>\n<\/ul>\n<p>B\u0151v\u00edtse laptopja t\u00e1rhely\u00e9t: Tapasztalja meg a jobb t\u00e1rol\u00f3kapacit\u00e1st \u00e9s a nagyobb v\u00e9delmet azzal, hogy tov\u00e1bbfejleszti laptopja t\u00e1rol\u00e1si funkci\u00f3it ezzel az eredeti alapburkolattal.<\/p>\n<p>Egyszer\u0171 telep\u00edt\u00e9s: Egyszer\u0171 telep\u00edt\u00e9ssel k\u00f6nnyed\u00e9n b\u0151v\u00edtheti laptopja t\u00e1rhely\u00e9t, nincs sz\u00fcks\u00e9g szakmai seg\u00edts\u00e9gre.<\/p>\n<p>Min\u0151s\u00e9gbiztos\u00edt\u00e1s: Biztos lehet benne, hogy egy kiv\u00e1l\u00f3 min\u0151s\u00e9g\u0171, eredeti HP cserealkatr\u00e9szbe fektet be, amelyet a megb\u00edzhat\u00f3s\u00e1g \u00e9s a hossz\u00fa \u00e9lettartam \u00e9rdek\u00e9ben terveztek.<\/p>\n<p>K\u00e9rj\u00fck, vegye figyelembe, hogy b\u00e1r a r\u00e9szletes telep\u00edt\u00e9si utas\u00edt\u00e1sokat nem adjuk meg, nyugodtan forduljon hozz\u00e1nk, ha k\u00e9rd\u00e9se van, vagy seg\u00edts\u00e9gre van sz\u00fcks\u00e9ge. A list\u00e1n szerepl\u0151 val\u00f3di term\u00e9kfot\u00f3k pontosan le\u00edrj\u00e1k, hogy mit fog kapni, t\u00fckr\u00f6zve az \u00e1tl\u00e1that\u00f3s\u00e1g \u00e9s az \u00fcgyfelek el\u00e9gedetts\u00e9ge ir\u00e1nti elk\u00f6telezetts\u00e9g\u00fcnket.<\/p>\n<p>Friss\u00edtse HP COMPAQ NX6325 laptopj\u00e1t m\u00e9g ma az eredeti merevlemez-meghajt\u00f3 fedel\u00e9vel. V\u00e1s\u00e1roljon bizalommal, tudva, hogy laptopja min\u0151s\u00e9gi cserealkatr\u00e9sz\u00e9be fektet be. Ha k\u00e9rd\u00e9se van, vagy tov\u00e1bbi seg\u00edts\u00e9gre van sz\u00fcks\u00e9ge, ne habozzon kapcsolatba l\u00e9pni vel\u00fcnk. Az\u00e9rt vagyunk itt, hogy seg\u00edts\u00fcnk eszk\u00f6ze t\u00e1rol\u00e1si k\u00e9pess\u00e9geinek b\u0151v\u00edt\u00e9s\u00e9ben.<\/p>\n","protected":false},"excerpt":{"rendered":"<p>N\u00f6velje HP COMPAQ NX6325 laptopja t\u00e1rol\u00e1si funkci\u00f3it ezzel az eredeti merevlemez-meghajt\u00f3 fedel\u00e9vel. K\u00f6nnyen telep\u00edthet\u0151 \u00e9s kompatibilis kialak\u00edt\u00e1s\u00fa, ez a cserealkatr\u00e9sz megb\u00edzhat\u00f3 teljes\u00edtm\u00e9nyt biztos\u00edt. B\u0151v\u00edtse laptopja t\u00e1rhely\u00e9t m\u00e9g ma!<\/p>\n","protected":false},"featured_media":7837,"template":"","meta":[],"product_brand":[],"product_cat":[16],"product_tag":[25],"class_list":{"0":"post-7798","1":"product","2":"type-product","3":"status-publish","4":"has-post-thumbnail","6":"product_cat-laptop-housing","7":"product_tag-hp","9":"first","10":"instock","11":"taxable","12":"shipping-taxable","13":"purchasable","14":"product-type-simple"},"_links":{"self":[{"href":"https:\/\/boreait.com\/hu\/wp-json\/wp\/v2\/product\/7798","targetHints":{"allow":["GET"]}}],"collection":[{"href":"https:\/\/boreait.com\/hu\/wp-json\/wp\/v2\/product"}],"about":[{"href":"https:\/\/boreait.com\/hu\/wp-json\/wp\/v2\/types\/product"}],"wp:featuredmedia":[{"embeddable":true,"href":"https:\/\/boreait.com\/hu\/wp-json\/wp\/v2\/media\/7837"}],"wp:attachment":[{"href":"https:\/\/boreait.com\/hu\/wp-json\/wp\/v2\/media?parent=7798"}],"wp:term":[{"taxonomy":"product_brand","embeddable":true,"href":"https:\/\/boreait.com\/hu\/wp-json\/wp\/v2\/product_brand?post=7798"},{"taxonomy":"product_cat","embeddable":true,"href":"https:\/\/boreait.com\/hu\/wp-json\/wp\/v2\/product_cat?post=7798"},{"taxonomy":"product_tag","embeddable":true,"href":"https:\/\/boreait.com\/hu\/wp-json\/wp\/v2\/product_tag?post=7798"}],"curies":[{"name":"wp","href":"https:\/\/api.w.org\/{rel}","templated":true}]}}