{"id":7774,"date":"2025-09-17T11:57:11","date_gmt":"2025-09-17T09:57:11","guid":{"rendered":"https:\/\/boreait.com\/hu\/?post_type=product&#038;p=7774"},"modified":"2026-01-27T10:27:05","modified_gmt":"2026-01-27T09:27:05","slug":"eredeti-hp-compaq-nx6325-laptop-belso-hangszoro-cserealkatreszek","status":"publish","type":"product","link":"https:\/\/boreait.com\/hu\/termek\/eredeti-hp-compaq-nx6325-laptop-belso-hangszoro-cserealkatreszek\/","title":{"rendered":"Eredeti HP Compaq NX6325 laptop bels\u0151 hangsz\u00f3r\u00f3 \u2013 cserealkatr\u00e9szek"},"content":{"rendered":"<p>N\u00f6velje HP Compaq NX6325 laptopja audioteljes\u00edtm\u00e9ny\u00e9t ezzel az eredeti bels\u0151 hangsz\u00f3r\u00f3val. Ez a prec\u00edzen \u00e9s megb\u00edzhat\u00f3an kialak\u00edtott hiteles cserealkatr\u00e9sz optim\u00e1lis hangmin\u0151s\u00e9get biztos\u00edt az \u00d6n sz\u00e1m\u00edt\u00e1stechnikai ig\u00e9nyeinek.<\/p>\n<p>F\u0151bb jellemz\u0151k:<\/p>\n<ul>\n<li>Eredeti HP csere: Biztos\u00edtsa a kompatibilit\u00e1st \u00e9s a megb\u00edzhat\u00f3s\u00e1got az eredeti cserealkatr\u00e9szekkel.<\/li>\n<li>Egyszer\u0171 telep\u00edt\u00e9s: Egyszer\u0171 telep\u00edt\u00e9ssel k\u00f6nnyed\u00e9n friss\u00edtheti laptopja hangj\u00e1t, nincs sz\u00fcks\u00e9g szakmai seg\u00edts\u00e9gre.<\/li>\n<li>Jav\u00edtott hangmin\u0151s\u00e9g: \u00c9lvezze a tiszta \u00e9s \u00e9les hangot ezzel a kiv\u00e1l\u00f3 min\u0151s\u00e9g\u0171 bels\u0151 hangsz\u00f3r\u00f3val.<\/li>\n<li>Kompatibilit\u00e1s: kifejezetten a HP Compaq NX6325 laptophoz tervezve, t\u00f6k\u00e9letes illeszked\u00e9st \u00e9s z\u00f6kken\u0151mentes integr\u00e1ci\u00f3t biztos\u00edtva.<\/li>\n<\/ul>\n<p>Friss\u00edtse laptopja hang\u00e9lm\u00e9ny\u00e9t: Tapasztalja meg a jobb hangmin\u0151s\u00e9get \u00e9s az \u00e9lm\u00e9nyt, mik\u00f6zben filmeket n\u00e9z, zen\u00e9t hallgat vagy videoh\u00edv\u00e1sokban vesz r\u00e9szt ezzel az eredeti bels\u0151 hangsz\u00f3r\u00f3val.<\/p>\n<p>Egyszer\u0171 telep\u00edt\u00e9s: Egyszer\u0171 telep\u00edt\u00e9ssel k\u00f6nnyed\u00e9n friss\u00edtheti laptopja hangj\u00e1t, nincs sz\u00fcks\u00e9g szakmai seg\u00edts\u00e9gre.<\/p>\n<p>Min\u0151s\u00e9gbiztos\u00edt\u00e1s: Biztos lehet benne, hogy egy kiv\u00e1l\u00f3 min\u0151s\u00e9g\u0171, eredeti HP cserealkatr\u00e9szbe fektet be, amelyet a megb\u00edzhat\u00f3s\u00e1g \u00e9s a hossz\u00fa \u00e9lettartam \u00e9rdek\u00e9ben terveztek.<\/p>\n<p>K\u00e9rj\u00fck, vegye figyelembe, hogy b\u00e1r a r\u00e9szletes telep\u00edt\u00e9si utas\u00edt\u00e1sokat nem adjuk meg, nyugodtan forduljon hozz\u00e1nk, ha k\u00e9rd\u00e9se van, vagy seg\u00edts\u00e9gre van sz\u00fcks\u00e9ge. A list\u00e1n szerepl\u0151 val\u00f3di term\u00e9kfot\u00f3k pontosan le\u00edrj\u00e1k, hogy mit fog kapni, t\u00fckr\u00f6zve az \u00e1tl\u00e1that\u00f3s\u00e1g \u00e9s az \u00fcgyfelek el\u00e9gedetts\u00e9ge ir\u00e1nti elk\u00f6telezetts\u00e9g\u00fcnket.<\/p>\n<p>Friss\u00edtse HP Compaq NX6325 laptopj\u00e1t m\u00e9g ma az eredeti bels\u0151 hangsz\u00f3r\u00f3val. V\u00e1s\u00e1roljon bizalommal, tudva, hogy laptopja audiorendszer\u00e9nek min\u0151s\u00e9gi cserealkatr\u00e9sz\u00e9be fektet be. Ha k\u00e9rd\u00e9se van, vagy tov\u00e1bbi seg\u00edts\u00e9gre van sz\u00fcks\u00e9ge, ne habozzon kapcsolatba l\u00e9pni vel\u00fcnk. Az\u00e9rt vagyunk itt, hogy seg\u00edts\u00fcnk laptopja hang\u00e9lm\u00e9ny\u00e9nek jav\u00edt\u00e1s\u00e1ban.<\/p>\n","protected":false},"excerpt":{"rendered":"<p>N\u00f6velje HP Compaq NX6325 laptopja hang\u00e9lm\u00e9ny\u00e9t ezzel az eredeti bels\u0151 hangsz\u00f3r\u00f3val. K\u00f6nnyen telep\u00edthet\u0151 \u00e9s kompatibilis a k\u00e9sz\u00fcl\u00e9kkel. Friss\u00edtse laptopja hangmin\u0151s\u00e9g\u00e9t m\u00e9g ma!<\/p>\n","protected":false},"featured_media":7835,"template":"","meta":[],"product_brand":[],"product_cat":[18],"product_tag":[25],"class_list":{"0":"post-7774","1":"product","2":"type-product","3":"status-publish","4":"has-post-thumbnail","6":"product_cat-laptop-speakers","7":"product_tag-hp","9":"first","10":"instock","11":"taxable","12":"shipping-taxable","13":"purchasable","14":"product-type-simple"},"_links":{"self":[{"href":"https:\/\/boreait.com\/hu\/wp-json\/wp\/v2\/product\/7774","targetHints":{"allow":["GET"]}}],"collection":[{"href":"https:\/\/boreait.com\/hu\/wp-json\/wp\/v2\/product"}],"about":[{"href":"https:\/\/boreait.com\/hu\/wp-json\/wp\/v2\/types\/product"}],"wp:featuredmedia":[{"embeddable":true,"href":"https:\/\/boreait.com\/hu\/wp-json\/wp\/v2\/media\/7835"}],"wp:attachment":[{"href":"https:\/\/boreait.com\/hu\/wp-json\/wp\/v2\/media?parent=7774"}],"wp:term":[{"taxonomy":"product_brand","embeddable":true,"href":"https:\/\/boreait.com\/hu\/wp-json\/wp\/v2\/product_brand?post=7774"},{"taxonomy":"product_cat","embeddable":true,"href":"https:\/\/boreait.com\/hu\/wp-json\/wp\/v2\/product_cat?post=7774"},{"taxonomy":"product_tag","embeddable":true,"href":"https:\/\/boreait.com\/hu\/wp-json\/wp\/v2\/product_tag?post=7774"}],"curies":[{"name":"wp","href":"https:\/\/api.w.org\/{rel}","templated":true}]}}