{"id":7769,"date":"2025-09-17T11:56:41","date_gmt":"2025-09-17T09:56:41","guid":{"rendered":"https:\/\/boreait.com\/hu\/?post_type=product&#038;p=7769"},"modified":"2025-09-17T11:57:48","modified_gmt":"2025-09-17T09:57:48","slug":"eredeti-hp-compaq-nx6325-csuklotamasz-6070b0100101-laptop-cserealkatresz","status":"publish","type":"product","link":"https:\/\/boreait.com\/hu\/termek\/eredeti-hp-compaq-nx6325-csuklotamasz-6070b0100101-laptop-cserealkatresz\/","title":{"rendered":"Eredeti HP Compaq nx6325 csukl\u00f3t\u00e1masz 6070B0100101 &#8211; Laptop cserealkatr\u00e9sz"},"content":{"rendered":"<p>Fokozza HP Compaq nx6325 laptopja megjelen\u00e9s\u00e9t \u00e9s haszn\u00e1lhat\u00f3s\u00e1g\u00e1t az eredeti csukl\u00f3t\u00e1maszral, cikksz\u00e1m: 6070B0100101. A prec\u00edzen megalkotott \u00e9s kifejezetten az \u00d6n laptopmodellj\u00e9hez tervezett eredeti cserealkatr\u00e9sz nemcsak a laptop megjelen\u00e9s\u00e9t jav\u00edtja, hanem a haszn\u00e1lat sor\u00e1n is nagyobb k\u00e9nyelmet biztos\u00edt.<\/p>\n<p>F\u0151bb jellemz\u0151k:<\/p>\n<ul>\n<li>Eredeti HP csere: Biztos\u00edtsa a kompatibilit\u00e1st \u00e9s a megb\u00edzhat\u00f3s\u00e1got az eredeti cserealkatr\u00e9szekkel.<\/li>\n<li>Egyszer\u0171 telep\u00edt\u00e9s: k\u00f6nnyed\u00e9n friss\u00edtheti laptopj\u00e1t an\u00e9lk\u00fcl, hogy szakember seg\u00edts\u00e9g\u00e9re lenne sz\u00fcks\u00e9ge.<\/li>\n<li>Tov\u00e1bbfejlesztett megjelen\u00e9s: Alak\u00edtsa \u00e1t HP Compaq nx6325 megjelen\u00e9s\u00e9t ezzel a karcs\u00fa csukl\u00f3t\u00e1maszsal.<\/li>\n<li>Tov\u00e1bbi k\u00e9nyelem: Ezzel a tart\u00f3s csukl\u00f3t\u00e1maszsal jav\u00edthatja a g\u00e9pel\u00e9si \u00e9lm\u00e9nyt \u00e9s az \u00e1ltal\u00e1nos k\u00e9nyelmet.<\/li>\n<\/ul>\n<p>Friss\u00edtse laptopj\u00e1t m\u00e9g ma: Tapasztalja meg a jobb eszt\u00e9tik\u00e1t \u00e9s funkcionalit\u00e1st azzal, hogy HP Compaq nx6325 k\u00e9sz\u00fcl\u00e9k\u00e9t ezzel az eredeti csukl\u00f3t\u00e1maszsal tov\u00e1bbfejleszti.<\/p>\n<p>K\u00e9rj\u00fck, vegye figyelembe, hogy b\u00e1r a r\u00e9szletes telep\u00edt\u00e9si utas\u00edt\u00e1sokat nem adjuk meg, nyugodtan forduljon hozz\u00e1nk, ha k\u00e9rd\u00e9se van, vagy seg\u00edts\u00e9gre van sz\u00fcks\u00e9ge. A list\u00e1n szerepl\u0151 val\u00f3di term\u00e9kfot\u00f3k pontosan le\u00edrj\u00e1k, hogy mit fog kapni, t\u00fckr\u00f6zve az \u00e1tl\u00e1that\u00f3s\u00e1g \u00e9s az \u00fcgyfelek el\u00e9gedetts\u00e9ge ir\u00e1nti elk\u00f6telezetts\u00e9g\u00fcnket.<\/p>\n<p>Friss\u00edtse HP Compaq nx6325 laptopj\u00e1t m\u00e9g ma az eredeti csukl\u00f3t\u00e1masz seg\u00edts\u00e9g\u00e9vel. V\u00e1s\u00e1roljon bizalommal, tudva, hogy laptopja min\u0151s\u00e9gi cserealkatr\u00e9sz\u00e9be fektet be. Ha k\u00e9rd\u00e9se van, vagy tov\u00e1bbi seg\u00edts\u00e9gre van sz\u00fcks\u00e9ge, ne habozzon kapcsolatba l\u00e9pni vel\u00fcnk. Az\u00e9rt vagyunk itt, hogy seg\u00edts\u00fcnk eszk\u00f6ze eszt\u00e9tik\u00e1j\u00e1nak \u00e9s haszn\u00e1lhat\u00f3s\u00e1g\u00e1nak jav\u00edt\u00e1s\u00e1ban.<\/p>\n","protected":false},"excerpt":{"rendered":"<p>Friss\u00edtse HP Compaq nx6325 megjelen\u00e9s\u00e9t \u00e9s funkcionalit\u00e1s\u00e1t ezzel az eredeti csukl\u00f3t\u00e1maszsal. A 6070B0100101 cikksz\u00e1mmal kompatibilis, ez a p\u00f3talkatr\u00e9sz k\u00f6nnyen beszerelhet\u0151. Fejlessze laptopj\u00e1t m\u00e9g ma!<\/p>\n","protected":false},"featured_media":7832,"template":"","meta":[],"product_brand":[],"product_cat":[16],"product_tag":[25],"class_list":{"0":"post-7769","1":"product","2":"type-product","3":"status-publish","4":"has-post-thumbnail","6":"product_cat-laptop-housing","7":"product_tag-hp","9":"first","10":"instock","11":"taxable","12":"shipping-taxable","13":"purchasable","14":"product-type-simple"},"_links":{"self":[{"href":"https:\/\/boreait.com\/hu\/wp-json\/wp\/v2\/product\/7769","targetHints":{"allow":["GET"]}}],"collection":[{"href":"https:\/\/boreait.com\/hu\/wp-json\/wp\/v2\/product"}],"about":[{"href":"https:\/\/boreait.com\/hu\/wp-json\/wp\/v2\/types\/product"}],"wp:featuredmedia":[{"embeddable":true,"href":"https:\/\/boreait.com\/hu\/wp-json\/wp\/v2\/media\/7832"}],"wp:attachment":[{"href":"https:\/\/boreait.com\/hu\/wp-json\/wp\/v2\/media?parent=7769"}],"wp:term":[{"taxonomy":"product_brand","embeddable":true,"href":"https:\/\/boreait.com\/hu\/wp-json\/wp\/v2\/product_brand?post=7769"},{"taxonomy":"product_cat","embeddable":true,"href":"https:\/\/boreait.com\/hu\/wp-json\/wp\/v2\/product_cat?post=7769"},{"taxonomy":"product_tag","embeddable":true,"href":"https:\/\/boreait.com\/hu\/wp-json\/wp\/v2\/product_tag?post=7769"}],"curies":[{"name":"wp","href":"https:\/\/api.w.org\/{rel}","templated":true}]}}