{"id":7761,"date":"2025-09-17T11:56:16","date_gmt":"2025-09-17T09:56:16","guid":{"rendered":"https:\/\/boreait.com\/hu\/?post_type=product&#038;p=7761"},"modified":"2026-01-27T10:26:33","modified_gmt":"2026-01-27T09:26:33","slug":"eredeti-hp-compaq-nc6320-modem-kabel-eredeti-cserealkatreszek","status":"publish","type":"product","link":"https:\/\/boreait.com\/hu\/termek\/eredeti-hp-compaq-nc6320-modem-kabel-eredeti-cserealkatreszek\/","title":{"rendered":"Eredeti HP Compaq NC6320 modem + k\u00e1bel &#8211; Eredeti cserealkatr\u00e9szek"},"content":{"rendered":"<p>Fokozza HP Compaq NC6320 laptopja csatlakoztathat\u00f3s\u00e1g\u00e1t az eredeti modem + k\u00e1bellel. Ez a prec\u00edzen \u00e9s megb\u00edzhat\u00f3an kialak\u00edtott hiteles cserealkatr\u00e9sz z\u00f6kken\u0151mentes kompatibilit\u00e1st biztos\u00edt az \u00d6n k\u00e9sz\u00fcl\u00e9k\u00e9vel.<\/p>\n<p>F\u0151bb jellemz\u0151k:<\/p>\n<ul>\n<li>Eredeti HP Compaq csere: Biztos\u00edtsa a kompatibilit\u00e1st \u00e9s a megb\u00edzhat\u00f3s\u00e1got az eredeti cserealkatr\u00e9szekkel.<\/li>\n<li>Egyszer\u0171 telep\u00edt\u00e9s: k\u00f6nnyed\u00e9n friss\u00edtheti laptopj\u00e1t an\u00e9lk\u00fcl, hogy szakember seg\u00edts\u00e9g\u00e9re lenne sz\u00fcks\u00e9ge.<\/li>\n<li>Tov\u00e1bbfejlesztett csatlakoztathat\u00f3s\u00e1g: N\u00f6velje eszk\u00f6ze csatlakoz\u00e1si lehet\u0151s\u00e9geit ezzel az eredeti modemmel \u00e9s k\u00e1bellel.<\/li>\n<li>Kompatibilit\u00e1s: Kifejezetten a HP Compaq NC6320-hoz tervezt\u00e9k, t\u00f6k\u00e9letes illeszked\u00e9st \u00e9s z\u00f6kken\u0151mentes integr\u00e1ci\u00f3t biztos\u00edtva.<\/li>\n<\/ul>\n<p>Friss\u00edtse HP Compaq NC6320 laptopj\u00e1t m\u00e9g ma az eredeti modem + k\u00e1bellel \u2013 intelligens befektet\u00e9s a jobb csatlakoztathat\u00f3s\u00e1g \u00e9s funkcionalit\u00e1s \u00e9rdek\u00e9ben. V\u00e1s\u00e1roljon bizalommal, tudva, hogy laptopja min\u0151s\u00e9gi cserealkatr\u00e9szeibe fektet be. Ha k\u00e9rd\u00e9se van, vagy tov\u00e1bbi seg\u00edts\u00e9gre van sz\u00fcks\u00e9ge, ne habozzon kapcsolatba l\u00e9pni vel\u00fcnk. Az\u00e9rt vagyunk itt, hogy seg\u00edts\u00fcnk \u00d6nnek a sz\u00e1m\u00edt\u00e1stechnikai \u00e9lm\u00e9ny jav\u00edt\u00e1s\u00e1ban.<\/p>\n","protected":false},"excerpt":{"rendered":"<p>N\u00f6velje HP Compaq NC6320 csatlakoztathat\u00f3s\u00e1g\u00e1t ezzel az eredeti modem + k\u00e1bellel. K\u00f6nnyen telep\u00edthet\u0151 \u00e9s kompatibilis a laptop modellj\u00e9vel. Fokozza eszk\u00f6ze funkcionalit\u00e1s\u00e1t m\u00e9g ma!<\/p>\n","protected":false},"featured_media":7829,"template":"","meta":[],"product_brand":[],"product_cat":[20],"product_tag":[25],"class_list":{"0":"post-7761","1":"product","2":"type-product","3":"status-publish","4":"has-post-thumbnail","6":"product_cat-cables","7":"product_tag-hp","9":"first","10":"instock","11":"taxable","12":"shipping-taxable","13":"purchasable","14":"product-type-simple"},"_links":{"self":[{"href":"https:\/\/boreait.com\/hu\/wp-json\/wp\/v2\/product\/7761","targetHints":{"allow":["GET"]}}],"collection":[{"href":"https:\/\/boreait.com\/hu\/wp-json\/wp\/v2\/product"}],"about":[{"href":"https:\/\/boreait.com\/hu\/wp-json\/wp\/v2\/types\/product"}],"wp:featuredmedia":[{"embeddable":true,"href":"https:\/\/boreait.com\/hu\/wp-json\/wp\/v2\/media\/7829"}],"wp:attachment":[{"href":"https:\/\/boreait.com\/hu\/wp-json\/wp\/v2\/media?parent=7761"}],"wp:term":[{"taxonomy":"product_brand","embeddable":true,"href":"https:\/\/boreait.com\/hu\/wp-json\/wp\/v2\/product_brand?post=7761"},{"taxonomy":"product_cat","embeddable":true,"href":"https:\/\/boreait.com\/hu\/wp-json\/wp\/v2\/product_cat?post=7761"},{"taxonomy":"product_tag","embeddable":true,"href":"https:\/\/boreait.com\/hu\/wp-json\/wp\/v2\/product_tag?post=7761"}],"curies":[{"name":"wp","href":"https:\/\/api.w.org\/{rel}","templated":true}]}}