{"id":7759,"date":"2025-09-17T11:56:15","date_gmt":"2025-09-17T09:56:15","guid":{"rendered":"https:\/\/boreait.com\/hu\/?post_type=product&#038;p=7759"},"modified":"2026-01-27T10:26:04","modified_gmt":"2026-01-27T09:26:04","slug":"eredeti-bekapcsologomb-alaplap-es-kabel-hp-compaq-nx6325-laptophoz-cserealkatresz","status":"publish","type":"product","link":"https:\/\/boreait.com\/hu\/termek\/eredeti-bekapcsologomb-alaplap-es-kabel-hp-compaq-nx6325-laptophoz-cserealkatresz\/","title":{"rendered":"Eredeti bekapcsol\u00f3gomb alaplap \u00e9s k\u00e1bel HP Compaq NX6325 laptophoz \u2013 Cserealkatr\u00e9sz"},"content":{"rendered":"<p>Fokozza HP Compaq NX6325 laptopja funkcionalit\u00e1s\u00e1t \u00e9s haszn\u00e1lhat\u00f3s\u00e1g\u00e1t az eredeti Power Button Board &amp; K\u00e1bel. Ez a prec\u00edz \u00e9s megb\u00edzhat\u00f3 cserealkatr\u00e9sz z\u00f6kken\u0151mentes kompatibilit\u00e1st \u00e9s egyszer\u0171 telep\u00edt\u00e9st biztos\u00edt.<\/p>\n<p>F\u0151bb jellemz\u0151k:<\/p>\n<ul>\n<li>Eredeti HP csere: Biztos\u00edtsa a kompatibilit\u00e1st \u00e9s a megb\u00edzhat\u00f3s\u00e1got az eredeti cserealkatr\u00e9szekkel.<\/li>\n<li>Egyszer\u0171 telep\u00edt\u00e9s: Egyszer\u0171 telep\u00edt\u00e9ssel k\u00f6nnyed\u00e9n friss\u00edtheti laptopja funkci\u00f3it, nincs sz\u00fcks\u00e9g szakmai seg\u00edts\u00e9gre.<\/li>\n<li>Tov\u00e1bbfejlesztett funkcionalit\u00e1s: ezzel a megb\u00edzhat\u00f3 cserealkatr\u00e9szrel \u00e1ll\u00edtsa vissza HP Compaq NX6325 laptopja bekapcsol\u00f3gombj\u00e1nak m\u0171k\u00f6d\u00e9s\u00e9t.<\/li>\n<li>Z\u00f6kken\u0151mentes kompatibilit\u00e1s: kifejezetten a HP Compaq NX6325 modellhez tervezve, t\u00f6k\u00e9letes illeszked\u00e9st \u00e9s optim\u00e1lis teljes\u00edtm\u00e9nyt biztos\u00edtva.<\/li>\n<\/ul>\n<p>Friss\u00edtse HP Compaq NX6325 laptopj\u00e1t m\u00e9g ma az eredeti Power Button Board &amp; K\u00e1bel. V\u00e1s\u00e1roljon bizalommal, tudva, hogy laptopja min\u0151s\u00e9gi cserealkatr\u00e9sz\u00e9be fektet be. Ha k\u00e9rd\u00e9se van, vagy tov\u00e1bbi seg\u00edts\u00e9gre van sz\u00fcks\u00e9ge, ne habozzon kapcsolatba l\u00e9pni vel\u00fcnk. Az\u00e9rt vagyunk itt, hogy seg\u00edts\u00fcnk eszk\u00f6ze funkcionalit\u00e1s\u00e1nak jav\u00edt\u00e1s\u00e1ban.<\/p>\n","protected":false},"excerpt":{"rendered":"<p>N\u00f6velje HP Compaq NX6325 laptopja funkcionalit\u00e1s\u00e1t ezzel az eredeti Power Button Board &amp; K\u00e1bel. Z\u00f6kken\u0151mentes kompatibilit\u00e1sra \u00e9s egyszer\u0171 telep\u00edt\u00e9sre tervezt\u00e9k. Friss\u00edtse laptopj\u00e1t k\u00f6nnyed\u00e9n m\u00e9g ma!<\/p>\n","protected":false},"featured_media":7825,"template":"","meta":[],"product_brand":[],"product_cat":[27],"product_tag":[25],"class_list":{"0":"post-7759","1":"product","2":"type-product","3":"status-publish","4":"has-post-thumbnail","6":"product_cat-motherboards-board-parts","7":"product_tag-hp","9":"first","10":"instock","11":"taxable","12":"shipping-taxable","13":"purchasable","14":"product-type-simple"},"_links":{"self":[{"href":"https:\/\/boreait.com\/hu\/wp-json\/wp\/v2\/product\/7759","targetHints":{"allow":["GET"]}}],"collection":[{"href":"https:\/\/boreait.com\/hu\/wp-json\/wp\/v2\/product"}],"about":[{"href":"https:\/\/boreait.com\/hu\/wp-json\/wp\/v2\/types\/product"}],"wp:featuredmedia":[{"embeddable":true,"href":"https:\/\/boreait.com\/hu\/wp-json\/wp\/v2\/media\/7825"}],"wp:attachment":[{"href":"https:\/\/boreait.com\/hu\/wp-json\/wp\/v2\/media?parent=7759"}],"wp:term":[{"taxonomy":"product_brand","embeddable":true,"href":"https:\/\/boreait.com\/hu\/wp-json\/wp\/v2\/product_brand?post=7759"},{"taxonomy":"product_cat","embeddable":true,"href":"https:\/\/boreait.com\/hu\/wp-json\/wp\/v2\/product_cat?post=7759"},{"taxonomy":"product_tag","embeddable":true,"href":"https:\/\/boreait.com\/hu\/wp-json\/wp\/v2\/product_tag?post=7759"}],"curies":[{"name":"wp","href":"https:\/\/api.w.org\/{rel}","templated":true}]}}