{"id":7750,"date":"2025-09-17T11:55:49","date_gmt":"2025-09-17T09:55:49","guid":{"rendered":"https:\/\/boreait.com\/hu\/?post_type=product&#038;p=7750"},"modified":"2025-09-17T11:57:41","modified_gmt":"2025-09-17T09:57:41","slug":"eredeti-hp-gt80n-super-multi-dvd-ujrairo-dvdr-dl-slimline-s05jhn-460510-800-657958-001","status":"publish","type":"product","link":"https:\/\/boreait.com\/hu\/termek\/eredeti-hp-gt80n-super-multi-dvd-ujrairo-dvdr-dl-slimline-s05jhn-460510-800-657958-001\/","title":{"rendered":"Eredeti HP GT80N Super Multi DVD-\u00fajra\u00edr\u00f3 DVD+R DL Slimline S05JHN 460510-800 657958-001"},"content":{"rendered":"<p>N\u00f6velje laptopja funkcionalit\u00e1s\u00e1t az eredeti HP GT80N Super Multi DVD-\u00fajra\u00edr\u00f3val. A z\u00f6kken\u0151mentes kompatibilit\u00e1sra \u00e9s megb\u00edzhat\u00f3 teljes\u00edtm\u00e9nyre tervezett v\u00e9kony vonal\u00fa DVD-meghajt\u00f3 ide\u00e1lis megold\u00e1s DVD-k olvas\u00e1s\u00e1hoz \u00e9s \u00edr\u00e1s\u00e1hoz.<\/p>\n<p>F\u0151bb jellemz\u0151k:<\/p>\n<ul>\n<li>Eredeti HP csere: Biztos\u00edtsa a kompatibilit\u00e1st \u00e9s a megb\u00edzhat\u00f3s\u00e1got az eredeti cserealkatr\u00e9szekkel.<\/li>\n<li>V\u00e9kony kialak\u00edt\u00e1s: z\u00f6kken\u0151mentesen illeszkedik laptopja v\u00e9kony profilj\u00e1ba a tov\u00e1bbfejlesztett hordozhat\u00f3s\u00e1g \u00e9rdek\u00e9ben.<\/li>\n<li>DVD+R DL t\u00e1mogat\u00e1s: \u00c9lvezze a k\u00e9tr\u00e9teg\u0171 DVD-k olvas\u00e1s\u00e1nak \u00e9s \u00edr\u00e1s\u00e1nak k\u00e9nyelm\u00e9t a b\u0151v\u00edtett t\u00e1rol\u00e1si lehet\u0151s\u00e9gek miatt.<\/li>\n<li>Kompatibilit\u00e1s: K\u00fcl\u00f6nf\u00e9le laptopmodellekkel kompatibilis, sokoldal\u00fas\u00e1got biztos\u00edtva az \u00d6n ig\u00e9nyeinek.<\/li>\n<\/ul>\n<p>Friss\u00edtse laptopja k\u00e9pess\u00e9geit: Tapasztalja meg a tov\u00e1bbfejlesztett funkci\u00f3kat az eredeti HP GT80N Super Multi DVD-\u00fajra\u00edr\u00f3val. Ak\u00e1r filmeket kell n\u00e9znie, ak\u00e1r szoftvereket kell telep\u00edtenie, vagy fontos adatokr\u00f3l biztons\u00e1gi m\u00e1solatot kell k\u00e9sz\u00edtenie, ez a DVD-meghajt\u00f3 megb\u00edzhat\u00f3 teljes\u00edtm\u00e9nyt ny\u00fajt minden ig\u00e9ny\u00e9nek kiel\u00e9g\u00edt\u00e9s\u00e9re.<\/p>\n<p>Egyszer\u0171 telep\u00edt\u00e9s: A felhaszn\u00e1l\u00f3bar\u00e1t telep\u00edt\u00e9sre tervezt\u00e9k, \u00edgy a laptop DVD-meghajt\u00f3j\u00e1nak friss\u00edt\u00e9se probl\u00e9mamentes. A z\u00f6kken\u0151mentes integr\u00e1ci\u00f3 \u00e9rdek\u00e9ben egyszer\u0171en cser\u00e9lje ki r\u00e9gi meghajt\u00f3j\u00e1t ezzel az eredeti HP helyettes\u00edt\u0151vel.<\/p>\n<p>Min\u0151s\u00e9gbiztos\u00edt\u00e1s: Biztos lehet benne, hogy az eredeti HP technol\u00f3gi\u00e1ba fektet be. Minden term\u00e9k\u00fcnk szigor\u00fa tesztel\u00e9sen esik \u00e1t, hogy megfeleljen a magas min\u0151s\u00e9gi el\u0151\u00edr\u00e1soknak. Minden v\u00e1s\u00e1rl\u00e1s val\u00f3di f\u00e9nyk\u00e9peket tartalmaz a pontos alkatr\u00e9szekr\u0151l, amelyeket megkap.<\/p>\n<p>Friss\u00edtse laptopj\u00e1t m\u00e9g ma a HP GT80N Super Multi DVD-\u00fajra\u00edr\u00f3val \u2013 intelligens befektet\u00e9s a fokozott funkcionalit\u00e1s \u00e9s k\u00e9nyelem \u00e9rdek\u00e9ben. Ha b\u00e1rmilyen k\u00e9rd\u00e9se van, vagy seg\u00edts\u00e9gre van sz\u00fcks\u00e9ge, nyugodtan \u00edrjon nek\u00fcnk. Az\u00e9rt vagyunk itt, hogy seg\u00edts\u00fcnk, hogy a legt\u00f6bbet hozza ki laptopj\u00e1b\u00f3l.<\/p>\n","protected":false},"excerpt":{"rendered":"<p>B\u0151v\u00edtse laptopja k\u00e9pess\u00e9geit ezzel az eredeti HP GT80N Super Multi DVD-\u00edr\u00f3val. Ez a k\u00fcl\u00f6nb\u00f6z\u0151 modellekkel kompatibilis, v\u00e9kony DVD-meghajt\u00f3 t\u00f6k\u00e9letes DVD-k olvas\u00e1s\u00e1hoz \u00e9s \u00edr\u00e1s\u00e1hoz. Fokozza eszk\u00f6ze funkcionalit\u00e1s\u00e1t m\u00e9g ma!<\/p>\n","protected":false},"featured_media":7820,"template":"","meta":[],"product_brand":[],"product_cat":[27],"product_tag":[25],"class_list":{"0":"post-7750","1":"product","2":"type-product","3":"status-publish","4":"has-post-thumbnail","6":"product_cat-motherboards-board-parts","7":"product_tag-hp","9":"first","10":"instock","11":"taxable","12":"shipping-taxable","13":"purchasable","14":"product-type-simple"},"_links":{"self":[{"href":"https:\/\/boreait.com\/hu\/wp-json\/wp\/v2\/product\/7750","targetHints":{"allow":["GET"]}}],"collection":[{"href":"https:\/\/boreait.com\/hu\/wp-json\/wp\/v2\/product"}],"about":[{"href":"https:\/\/boreait.com\/hu\/wp-json\/wp\/v2\/types\/product"}],"wp:featuredmedia":[{"embeddable":true,"href":"https:\/\/boreait.com\/hu\/wp-json\/wp\/v2\/media\/7820"}],"wp:attachment":[{"href":"https:\/\/boreait.com\/hu\/wp-json\/wp\/v2\/media?parent=7750"}],"wp:term":[{"taxonomy":"product_brand","embeddable":true,"href":"https:\/\/boreait.com\/hu\/wp-json\/wp\/v2\/product_brand?post=7750"},{"taxonomy":"product_cat","embeddable":true,"href":"https:\/\/boreait.com\/hu\/wp-json\/wp\/v2\/product_cat?post=7750"},{"taxonomy":"product_tag","embeddable":true,"href":"https:\/\/boreait.com\/hu\/wp-json\/wp\/v2\/product_tag?post=7750"}],"curies":[{"name":"wp","href":"https:\/\/api.w.org\/{rel}","templated":true}]}}