{"id":7749,"date":"2025-09-17T11:55:48","date_gmt":"2025-09-17T09:55:48","guid":{"rendered":"https:\/\/boreait.com\/hu\/?post_type=product&#038;p=7749"},"modified":"2026-01-27T10:25:48","modified_gmt":"2026-01-27T09:25:48","slug":"hd-hdd-merevlemez-tok-caddy-a-hp-probook-6465b-6460b-6470b-6475b-6560b-6570b-keszulekhez","status":"publish","type":"product","link":"https:\/\/boreait.com\/hu\/termek\/hd-hdd-merevlemez-tok-caddy-a-hp-probook-6465b-6460b-6470b-6475b-6560b-6570b-keszulekhez\/","title":{"rendered":"HD HDD merevlemez-tok Caddy a HP PROBOOK 6465B 6460B 6470B 6475B 6560B 6570B k\u00e9sz\u00fcl\u00e9khez"},"content":{"rendered":"<p>B\u0151v\u00edtse HP PROBOOK laptopja t\u00e1rol\u00f3kapacit\u00e1s\u00e1t k\u00f6nnyed\u00e9n a HD HDD merevlemez-h\u00e1z Caddy seg\u00edts\u00e9g\u00e9vel. A 6465B, 6460B, 6470B, 6475B, 6560B \u00e9s 6570B modellekkel kompatibilis tokdoboz lehet\u0151v\u00e9 teszi tov\u00e1bbi merevlemez hozz\u00e1ad\u00e1s\u00e1t a nagyobb t\u00e1rhely vagy biztons\u00e1gi megold\u00e1sok \u00e9rdek\u00e9ben.<\/p>\n<p>F\u0151bb jellemz\u0151k:<\/p>\n<ul>\n<li>Kompatibilit\u00e1s: Kifejezetten a 6465B, 6460B, 6470B, 6475B, 6560B \u00e9s 6570B HP PROBOOK modellekhez tervezt\u00e9k, biztos\u00edtva a z\u00f6kken\u0151mentes integr\u00e1ci\u00f3t.<\/li>\n<li>Egyszer\u0171 telep\u00edt\u00e9s: Az egyszer\u0171 telep\u00edt\u00e9si folyamat lehet\u0151v\u00e9 teszi a laptop t\u00e1rol\u00f3kapacit\u00e1s\u00e1nak b\u0151v\u00edt\u00e9s\u00e9t an\u00e9lk\u00fcl, hogy professzion\u00e1lis seg\u00edts\u00e9gre lenne sz\u00fcks\u00e9ge.<\/li>\n<li>Kiv\u00e1l\u00f3 min\u0151s\u00e9g\u0171 fel\u00e9p\u00edt\u00e9s: A tart\u00f3s anyagokb\u00f3l k\u00e9sz\u00fclt tok megb\u00edzhat\u00f3 v\u00e9delmet ny\u00fajt tov\u00e1bbi merevlemeze sz\u00e1m\u00e1ra.<\/li>\n<li>Tov\u00e1bbfejlesztett t\u00e1rhely: adjon hozz\u00e1 egy extra merevlemezt laptopj\u00e1hoz a nagyobb t\u00e1rhely vagy biztons\u00e1gi ment\u00e9si megold\u00e1sok \u00e9rdek\u00e9ben, n\u00f6velve ezzel a termel\u00e9kenys\u00e9get \u00e9s az adatbiztons\u00e1got.<\/li>\n<\/ul>\n<p>Friss\u00edtse HP PROBOOK laptopj\u00e1t m\u00e9g ma a HD HDD merevlemez-h\u00e1z Caddy seg\u00edts\u00e9g\u00e9vel. F\u00fcggetlen\u00fcl att\u00f3l, hogy tov\u00e1bbi t\u00e1rhelyre van sz\u00fcks\u00e9ge f\u00e1jljaihoz, multim\u00e9di\u00e1s vagy biztons\u00e1gi ment\u00e9si megold\u00e1saihoz, ez a Caddy tok k\u00e9nyelmes \u00e9s megb\u00edzhat\u00f3 megold\u00e1st k\u00edn\u00e1l. V\u00e1s\u00e1roljon bizalommal, tudva, hogy egy min\u0151s\u00e9gi kieg\u00e9sz\u00edt\u0151be fektet be, amely jav\u00edtja laptopja funkcionalit\u00e1s\u00e1t. Ha b\u00e1rmilyen k\u00e9rd\u00e9se van, vagy seg\u00edts\u00e9gre van sz\u00fcks\u00e9ge, forduljon hozz\u00e1nk bizalommal. Az\u00e9rt vagyunk itt, hogy seg\u00edts\u00fcnk \u00d6nnek a legt\u00f6bbet kihozni laptopja t\u00e1rol\u00e1si lehet\u0151s\u00e9g\u00e9b\u0151l<\/p>\n","protected":false},"excerpt":{"rendered":"<p>B\u0151v\u00edtse HP PROBOOK laptopja t\u00e1rol\u00f3kapacit\u00e1s\u00e1t ezzel a HD HDD merevlemez-h\u00e1z Caddy-vel. Kompatibilis a 6465B, 6460B, 6470B, 6475B, 6560B \u00e9s 6570B modellekkel. Egyszer\u0171 telep\u00edt\u00e9s a laptop t\u00e1rhely\u00e9nek z\u00f6kken\u0151mentes b\u0151v\u00edt\u00e9s\u00e9hez.<\/p>\n","protected":false},"featured_media":7819,"template":"","meta":[],"product_brand":[],"product_cat":[27],"product_tag":[25],"class_list":{"0":"post-7749","1":"product","2":"type-product","3":"status-publish","4":"has-post-thumbnail","6":"product_cat-motherboards-board-parts","7":"product_tag-hp","9":"first","10":"instock","11":"taxable","12":"shipping-taxable","13":"purchasable","14":"product-type-simple"},"_links":{"self":[{"href":"https:\/\/boreait.com\/hu\/wp-json\/wp\/v2\/product\/7749","targetHints":{"allow":["GET"]}}],"collection":[{"href":"https:\/\/boreait.com\/hu\/wp-json\/wp\/v2\/product"}],"about":[{"href":"https:\/\/boreait.com\/hu\/wp-json\/wp\/v2\/types\/product"}],"wp:featuredmedia":[{"embeddable":true,"href":"https:\/\/boreait.com\/hu\/wp-json\/wp\/v2\/media\/7819"}],"wp:attachment":[{"href":"https:\/\/boreait.com\/hu\/wp-json\/wp\/v2\/media?parent=7749"}],"wp:term":[{"taxonomy":"product_brand","embeddable":true,"href":"https:\/\/boreait.com\/hu\/wp-json\/wp\/v2\/product_brand?post=7749"},{"taxonomy":"product_cat","embeddable":true,"href":"https:\/\/boreait.com\/hu\/wp-json\/wp\/v2\/product_cat?post=7749"},{"taxonomy":"product_tag","embeddable":true,"href":"https:\/\/boreait.com\/hu\/wp-json\/wp\/v2\/product_tag?post=7749"}],"curies":[{"name":"wp","href":"https:\/\/api.w.org\/{rel}","templated":true}]}}