{"id":7732,"date":"2025-09-17T11:54:54","date_gmt":"2025-09-17T09:54:54","guid":{"rendered":"https:\/\/boreait.com\/hu\/?post_type=product&#038;p=7732"},"modified":"2025-09-17T11:57:30","modified_gmt":"2025-09-17T09:57:30","slug":"eredeti-hp-probook-6560b-6565b-6570b-halozati-csatlakozoaljzat-toltoaljzat-tapfeszultseg-egyenaramu-aljzat","status":"publish","type":"product","link":"https:\/\/boreait.com\/hu\/termek\/eredeti-hp-probook-6560b-6565b-6570b-halozati-csatlakozoaljzat-toltoaljzat-tapfeszultseg-egyenaramu-aljzat\/","title":{"rendered":"Eredeti HP ProBook 6560b 6565b 6570b h\u00e1l\u00f3zati csatlakoz\u00f3aljzat, t\u00f6lt\u0151aljzat, t\u00e1pfesz\u00fclts\u00e9g egyen\u00e1ram\u00fa aljzat"},"content":{"rendered":"<p>Gondoskodjon arr\u00f3l, hogy a HP ProBook 6560b 6565b 6570b \u00e1ram alatt maradjon, \u00e9s haszn\u00e1latra k\u00e9szen \u00e1lljon az eredeti h\u00e1l\u00f3zati csatlakoz\u00f3aljzattal. A z\u00f6kken\u0151mentes kompatibilit\u00e1s \u00e9s a megb\u00edzhat\u00f3 teljes\u00edtm\u00e9ny \u00e9rdek\u00e9ben ez az autentikus DC Jack csere biztos\u00edtja, hogy laptopja akkor t\u00f6ltve maradjon, amikor a legnagyobb sz\u00fcks\u00e9ge van r\u00e1.<\/p>\n<p>F\u0151bb jellemz\u0151k:<\/p>\n<ul>\n<li>Eredeti HP csere: Nyugodjon meg, tudva, hogy egy eredeti cserealkatr\u00e9szre fektet be, amelyet kifejezetten az \u00d6n HP ProBook 6570b k\u00e9sz\u00fcl\u00e9k\u00e9hez terveztek.<\/li>\n<li>Megb\u00edzhat\u00f3 t\u00f6lt\u00e9s: Ezzel a kiv\u00e1l\u00f3 min\u0151s\u00e9g\u0171 egyen\u00e1ram\u00fa csatlakoz\u00f3aljzattal folyamatosan \u00e9s megb\u00edzhat\u00f3an t\u00f6ltheti laptopj\u00e1t.<\/li>\n<li>Egyszer\u0171 telep\u00edt\u00e9s: k\u00f6nnyed\u00e9n friss\u00edtheti laptopj\u00e1t an\u00e9lk\u00fcl, hogy szakember seg\u00edts\u00e9g\u00e9re lenne sz\u00fcks\u00e9ge.<\/li>\n<li>Kompatibilit\u00e1s: \u00dagy tervezt\u00e9k, hogy t\u00f6k\u00e9letesen illeszkedjen a HP ProBook 6560b 6565b 6570b k\u00e9sz\u00fcl\u00e9k\u00e9hez, biztos\u00edtva a z\u00f6kken\u0151mentes integr\u00e1ci\u00f3t az eszk\u00f6zbe.<\/li>\n<li>Min\u0151s\u00e9gbiztos\u00edt\u00e1s: Minden cserealkatr\u00e9sz szigor\u00fa tesztel\u00e9sen megy kereszt\u00fcl, hogy megfeleljen a HP magas min\u0151s\u00e9gi szabv\u00e1nyainak.<\/li>\n<\/ul>\n<p>K\u00e9rj\u00fck, vegye figyelembe, hogy b\u00e1r a r\u00e9szletes telep\u00edt\u00e9si utas\u00edt\u00e1sokat nem adjuk meg, nyugodtan forduljon hozz\u00e1nk, ha k\u00e9rd\u00e9se van, vagy seg\u00edts\u00e9gre van sz\u00fcks\u00e9ge. A list\u00e1n szerepl\u0151 val\u00f3di term\u00e9kfot\u00f3k pontosan le\u00edrj\u00e1k, hogy mit fog kapni, t\u00fckr\u00f6zve az \u00e1tl\u00e1that\u00f3s\u00e1g \u00e9s az \u00fcgyfelek el\u00e9gedetts\u00e9ge ir\u00e1nti elk\u00f6telezetts\u00e9g\u00fcnket.<\/p>\n<p>Tartsa a HP ProBook 6560b 6565b 6570b k\u00e9sz\u00fcl\u00e9ket felt\u00f6ltve \u00e9s haszn\u00e1latra k\u00e9szen az eredeti h\u00e1l\u00f3zati csatlakoz\u00f3aljzattal. V\u00e1s\u00e1roljon bizalommal, tudva, hogy laptopja min\u0151s\u00e9gi cserealkatr\u00e9sz\u00e9be fektet be. Ha k\u00e9rd\u00e9se van, vagy tov\u00e1bbi seg\u00edts\u00e9gre van sz\u00fcks\u00e9ge, ne habozzon kapcsolatba l\u00e9pni vel\u00fcnk. Az\u00e9rt vagyunk itt, hogy seg\u00edts\u00fcnk \u00d6nnek, hogy k\u00e9sz\u00fcl\u00e9ke z\u00f6kken\u0151mentesen m\u0171k\u00f6dj\u00f6n.<\/p>\n","protected":false},"excerpt":{"rendered":"<p>Tartsa \u00e1ram alatt HP ProBook 6560b 6565b 6570b k\u00e9sz\u00fcl\u00e9k\u00e9t ezzel az eredeti h\u00e1l\u00f3zati csatlakoz\u00f3aljzattal. Gondoskodjon megb\u00edzhat\u00f3 t\u00f6lt\u00e9sr\u0151l ezzel az eredeti DC Jack cser\u00e9vel.<\/p>\n","protected":false},"featured_media":7794,"template":"","meta":[],"product_brand":[],"product_cat":[20],"product_tag":[25],"class_list":{"0":"post-7732","1":"product","2":"type-product","3":"status-publish","4":"has-post-thumbnail","6":"product_cat-cables","7":"product_tag-hp","9":"first","10":"instock","11":"taxable","12":"shipping-taxable","13":"purchasable","14":"product-type-simple"},"_links":{"self":[{"href":"https:\/\/boreait.com\/hu\/wp-json\/wp\/v2\/product\/7732","targetHints":{"allow":["GET"]}}],"collection":[{"href":"https:\/\/boreait.com\/hu\/wp-json\/wp\/v2\/product"}],"about":[{"href":"https:\/\/boreait.com\/hu\/wp-json\/wp\/v2\/types\/product"}],"wp:featuredmedia":[{"embeddable":true,"href":"https:\/\/boreait.com\/hu\/wp-json\/wp\/v2\/media\/7794"}],"wp:attachment":[{"href":"https:\/\/boreait.com\/hu\/wp-json\/wp\/v2\/media?parent=7732"}],"wp:term":[{"taxonomy":"product_brand","embeddable":true,"href":"https:\/\/boreait.com\/hu\/wp-json\/wp\/v2\/product_brand?post=7732"},{"taxonomy":"product_cat","embeddable":true,"href":"https:\/\/boreait.com\/hu\/wp-json\/wp\/v2\/product_cat?post=7732"},{"taxonomy":"product_tag","embeddable":true,"href":"https:\/\/boreait.com\/hu\/wp-json\/wp\/v2\/product_tag?post=7732"}],"curies":[{"name":"wp","href":"https:\/\/api.w.org\/{rel}","templated":true}]}}