{"id":7710,"date":"2025-09-17T11:54:13","date_gmt":"2025-09-17T09:54:13","guid":{"rendered":"https:\/\/boreait.com\/hu\/?post_type=product&#038;p=7710"},"modified":"2025-09-17T11:57:09","modified_gmt":"2025-09-17T09:57:09","slug":"egyetlen-egyedi-billentyuzet-billentyu-hp-zbook-15-17-g1-g2-733688-031-sn7123bl-hattervilagitassal","status":"publish","type":"product","link":"https:\/\/boreait.com\/hu\/termek\/egyetlen-egyedi-billentyuzet-billentyu-hp-zbook-15-17-g1-g2-733688-031-sn7123bl-hattervilagitassal\/","title":{"rendered":"Egyetlen egyedi billenty\u0171zet billenty\u0171 HP ZBook 15 17 G1 G2 733688-031 SN7123BL h\u00e1tt\u00e9rvil\u00e1g\u00edt\u00e1ssal!"},"content":{"rendered":"<p><strong>K\u00c9RJ\u00dcK, N\u00c9ZD MEG A RENDELKEZ\u00c9SRE VONATKOZ\u00d3 KULCSOKAT A JEGYZ\u00c9KBEN A FOT\u00d3BAN! A P\u00c1NTOK BEMUTATOTTAK!<\/strong><\/p>\n<p>Revitaliz\u00e1lja HP \u200b\u200bZBook 15\/17 G1 G2 munka\u00e1llom\u00e1s\u00e1nak billenty\u0171zet\u00e9t ezzel az egyedi billenty\u0171zetbillenty\u0171vel, amely kompatibilis a 733688-031 SN7123BL cikksz\u00e1mmal. Ez a z\u00f6kken\u0151mentes kompatibilit\u00e1s \u00e9s tart\u00f3ss\u00e1g \u00e9rdek\u00e9ben kialak\u00edtott billenty\u0171 visszaadja laptopja sima \u00e9s k\u00e9nyelmes g\u00e9pel\u00e9si \u00e9lm\u00e9ny\u00e9t.<\/p>\n<p><strong>F\u0151bb jellemz\u0151k:<\/strong><\/p>\n<p><strong>Eredeti HP csere:<\/strong> Ez az egyedi billenty\u0171zetbillenty\u0171 egy hiteles HP alkatr\u00e9sz, amely biztos\u00edtja a kompatibilit\u00e1st \u00e9s az optim\u00e1lis illeszked\u00e9st a ZBook 15\/17 G1 G2 munka\u00e1llom\u00e1shoz.<\/p>\n<p><strong>Z\u00f6kken\u0151mentes integr\u00e1ci\u00f3:<\/strong> Az eredeti kulcshoz illeszked\u0151 cserekulcs t\u00f6k\u00e9letes illeszked\u00e9st biztos\u00edt, \u00e9s visszaadja laptopja billenty\u0171zet\u00e9nek megjelen\u00e9s\u00e9t \u00e9s funkcionalit\u00e1s\u00e1t.<\/p>\n<p><strong>Tart\u00f3s konstrukci\u00f3:<\/strong> A napi haszn\u00e1latnak ellen\u00e1ll\u00f3 kulcs min\u0151s\u00e9gi anyagokb\u00f3l k\u00e9sz\u00fclt, \u00edgy biztos\u00edtva a hossz\u00fa t\u00e1v\u00fa tart\u00f3ss\u00e1got \u00e9s megb\u00edzhat\u00f3s\u00e1got.<\/p>\n<p><strong>Egyszer\u0171 telep\u00edt\u00e9s:<\/strong> Felhaszn\u00e1l\u00f3bar\u00e1t kialak\u00edt\u00e1s\u00e1nak k\u00f6sz\u00f6nhet\u0151en a billenty\u0171zet billenty\u0171inek cser\u00e9je gyors \u00e9s egyszer\u0171, \u00edgy k\u00f6nnyed\u00e9n vissza\u00e1ll\u00edthatja laptopja billenty\u0171zet\u00e9nek teljes funkcionalit\u00e1s\u00e1t.<\/p>\n<p>Magabiztosan friss\u00edtheti HP ZBook 15\/17 G1 G2 munka\u00e1llom\u00e1s\u00e1nak billenty\u0171zet\u00e9t \u2013 rendelje meg egyedi billenty\u0171zetkulcs\u00e1t a Siggm\u00f3t\u00f3l m\u00e9g ma. Val\u00f3di f\u00e9nyk\u00e9peket biztos\u00edtunk a pontos kulcsr\u00f3l, amelyet megkap, \u00e9s a min\u0151s\u00e9g ir\u00e1nti elk\u00f6telezetts\u00e9g\u00fcnk biztos\u00edtja, hogy minden v\u00e1s\u00e1rl\u00e1skor el\u00e9gedett legyen.<\/p>\n<p><strong>Megjegyz\u00e9s:<\/strong> B\u00e1r nem adunk r\u00e9szletes telep\u00edt\u00e9si utas\u00edt\u00e1sokat, \u00fcgyf\u00e9lszolg\u00e1lati csapatunk k\u00e9szs\u00e9ggel \u00e1ll rendelkez\u00e9s\u00e9re, hogy seg\u00edtsen b\u00e1rmilyen k\u00e9rd\u00e9se vagy agg\u00e1lya eset\u00e9n. B\u00edzzon a Siggm\u00f3ban az eredeti HP laptop-alkatr\u00e9szekben, \u00e9s tartsa fenn ZBook munka\u00e1llom\u00e1sa teljes\u00edtm\u00e9ny\u00e9t.<\/p>\n","protected":false},"excerpt":{"rendered":"<p>Cser\u00e9lje ki HP ZBook 15\/17 G1 G2 munka\u00e1llom\u00e1s\u00e1nak billenty\u0171zetbillenty\u0171j\u00e9t erre az egyedi billenty\u0171re. A kompatibilit\u00e1s \u00e9s a tart\u00f3ss\u00e1g jegy\u00e9ben k\u00e9sz\u00fclt, ez a gomb sima \u00e9s k\u00e9nyelmes g\u00e9pel\u00e9st biztos\u00edt. B\u00edzzon a Siggm\u00f3ban a min\u0151s\u00e9gi laptop alkatr\u00e9szek\u00e9rt.<\/p>\n","protected":false},"featured_media":7771,"template":"","meta":[],"product_brand":[],"product_cat":[24],"product_tag":[25],"class_list":{"0":"post-7710","1":"product","2":"type-product","3":"status-publish","4":"has-post-thumbnail","6":"product_cat-individual-keyboard-keys","7":"product_tag-hp","9":"first","10":"instock","11":"taxable","12":"shipping-taxable","13":"purchasable","14":"product-type-simple"},"_links":{"self":[{"href":"https:\/\/boreait.com\/hu\/wp-json\/wp\/v2\/product\/7710","targetHints":{"allow":["GET"]}}],"collection":[{"href":"https:\/\/boreait.com\/hu\/wp-json\/wp\/v2\/product"}],"about":[{"href":"https:\/\/boreait.com\/hu\/wp-json\/wp\/v2\/types\/product"}],"wp:featuredmedia":[{"embeddable":true,"href":"https:\/\/boreait.com\/hu\/wp-json\/wp\/v2\/media\/7771"}],"wp:attachment":[{"href":"https:\/\/boreait.com\/hu\/wp-json\/wp\/v2\/media?parent=7710"}],"wp:term":[{"taxonomy":"product_brand","embeddable":true,"href":"https:\/\/boreait.com\/hu\/wp-json\/wp\/v2\/product_brand?post=7710"},{"taxonomy":"product_cat","embeddable":true,"href":"https:\/\/boreait.com\/hu\/wp-json\/wp\/v2\/product_cat?post=7710"},{"taxonomy":"product_tag","embeddable":true,"href":"https:\/\/boreait.com\/hu\/wp-json\/wp\/v2\/product_tag?post=7710"}],"curies":[{"name":"wp","href":"https:\/\/api.w.org\/{rel}","templated":true}]}}