{"id":7709,"date":"2025-09-17T11:54:13","date_gmt":"2025-09-17T09:54:13","guid":{"rendered":"https:\/\/boreait.com\/hu\/?post_type=product&#038;p=7709"},"modified":"2025-09-17T11:56:38","modified_gmt":"2025-09-17T09:56:38","slug":"egyetlen-egyedi-billentyuzetbillentyuk-lenovo-g50-g50-30-g50-45-g50-70-g50-75-g50-80-b50-b50-30-b50-45-b50-70-eredeti-cserekulcs","status":"publish","type":"product","link":"https:\/\/boreait.com\/hu\/termek\/egyetlen-egyedi-billentyuzetbillentyuk-lenovo-g50-g50-30-g50-45-g50-70-g50-75-g50-80-b50-b50-30-b50-45-b50-70-eredeti-cserekulcs\/","title":{"rendered":"Egyetlen egyedi billenty\u0171zetbillenty\u0171k Lenovo G50 G50-30 G50-45 G50-70 G50-75 G50-80 B50 B50-30 B50-45 B50-70 &#8211; Eredeti cserekulcs"},"content":{"rendered":"<p><strong>K\u00c9RJ\u00dcK, N\u00c9ZD MEG A RENDELKEZ\u00c9SRE VONATKOZ\u00d3 KULCSOKAT A JEGYZ\u00c9KBEN A FOT\u00d3BAN! A P\u00c1NTOK BEMUTATOTTAK!<\/strong><\/p>\n<p>Eleven\u00edtse fel Lenovo G50 vagy B50 sorozat\u00fa laptopja billenty\u0171zet\u00e9t eredeti, egyedi billenty\u0171zetbillenty\u0171kkel. Az eredeti billenty\u0171kh\u00f6z illeszked\u0151 cserebillenty\u0171k z\u00f6kken\u0151mentes illeszked\u00e9st \u00e9s megb\u00edzhat\u00f3 teljes\u00edtm\u00e9nyt k\u00edn\u00e1lnak, \u00edgy k\u00e9nyelmesen \u00e9s hat\u00e9konyan folytathatja a g\u00e9pel\u00e9st.<\/p>\n<p><strong>F\u0151bb jellemz\u0151k:<\/strong><\/p>\n<p><strong>Eredeti Lenovo csere:<\/strong> Ezek az egyedi billenty\u0171zetbillenty\u0171k hiteles Lenovo alkatr\u00e9szek, amelyek kompatibilit\u00e1st \u00e9s optim\u00e1lis illeszked\u00e9st biztos\u00edtanak a G50 vagy B50 sorozat\u00fa laptopokhoz.<\/p>\n<p><strong>Egyedi illeszked\u00e9s:<\/strong> Mindegyik billenty\u0171t \u00fagy tervezt\u00e9k, hogy illeszkedjen az eredeti billenty\u0171k m\u00e9ret\u00e9hez, alakj\u00e1hoz \u00e9s st\u00edlus\u00e1hoz, z\u00f6kken\u0151mentes cser\u00e9t biztos\u00edtva, \u00e9s meg\u0151rizze laptopja billenty\u0171zet\u00e9nek egys\u00e9ges megjelen\u00e9s\u00e9t.<\/p>\n<p><strong>Egyszer\u0171 telep\u00edt\u00e9s:<\/strong> A r\u00e1pattinthat\u00f3 kialak\u00edt\u00e1snak k\u00f6sz\u00f6nhet\u0151en az egyes billenty\u0171zetbillenty\u0171k cser\u00e9je gyors \u00e9s egyszer\u0171, lehet\u0151v\u00e9 t\u00e9ve a billenty\u0171zet funkci\u00f3inak egyszer\u0171 vissza\u00e1ll\u00edt\u00e1s\u00e1t.<\/p>\n<p><strong>Tart\u00f3s konstrukci\u00f3:<\/strong> A kiv\u00e1l\u00f3 min\u0151s\u00e9g\u0171 anyagokb\u00f3l k\u00e9sz\u00fclt kulcsok \u00fagy k\u00e9sz\u00fcltek, hogy ellen\u00e1lljanak a napi haszn\u00e1latnak, \u00edgy biztos\u00edtva a hossz\u00fa \u00e9lettartamot \u00e9s a megb\u00edzhat\u00f3 teljes\u00edtm\u00e9nyt.<\/p>\n<p>Helyezze vissza Lenovo G50 vagy B50 sorozat\u00fa laptopja billenty\u0171zet\u00e9t az eredeti \u00e1llapot\u00e1ba \u2013 rendelje meg eredeti, egyedi billenty\u0171zetbillenty\u0171it a Siggm\u00f3t\u00f3l m\u00e9g ma. Val\u00f3di f\u00e9nyk\u00e9peket biztos\u00edtunk a pontos kulcsokr\u00f3l, amelyeket megkap, \u00e9s a min\u0151s\u00e9g ir\u00e1nti elk\u00f6telezetts\u00e9g\u00fcnk biztos\u00edtja, hogy minden v\u00e1s\u00e1rl\u00e1skor el\u00e9gedett legyen.<\/p>\n<p><strong>Megjegyz\u00e9s:<\/strong> B\u00e1r nem adunk r\u00e9szletes telep\u00edt\u00e9si utas\u00edt\u00e1sokat, \u00fcgyf\u00e9lszolg\u00e1lati csapatunk k\u00e9szs\u00e9ggel \u00e1ll rendelkez\u00e9s\u00e9re, hogy seg\u00edtsen b\u00e1rmilyen k\u00e9rd\u00e9se vagy agg\u00e1lya eset\u00e9n. B\u00edzza a Siggm\u00f3ban az eredeti Lenovo laptop alkatr\u00e9szeket, \u00e9s \u0151rizze meg billenty\u0171zete integrit\u00e1s\u00e1t.<\/p>\n","protected":false},"excerpt":{"rendered":"<p>Cser\u00e9lje ki Lenovo G50 vagy B50 sorozat\u00fa laptopja hi\u00e1nyz\u00f3 vagy s\u00e9r\u00fclt gombjait eredeti, egyedi billenty\u0171zetbillenty\u0171kre. A kompatibilit\u00e1s \u00e9s a tart\u00f3ss\u00e1g jegy\u00e9ben k\u00e9sz\u00fclt kulcsok z\u00f6kken\u0151mentes illeszked\u00e9st \u00e9s megb\u00edzhat\u00f3 teljes\u00edtm\u00e9nyt biztos\u00edtanak. B\u00edzzon a Siggm\u00f3ban a min\u0151s\u00e9gi laptop alkatr\u00e9szek\u00e9rt.<\/p>\n","protected":false},"featured_media":7766,"template":"","meta":[],"product_brand":[],"product_cat":[24],"product_tag":[26],"class_list":{"0":"post-7709","1":"product","2":"type-product","3":"status-publish","4":"has-post-thumbnail","6":"product_cat-individual-keyboard-keys","7":"product_tag-lenovo","9":"first","10":"instock","11":"taxable","12":"shipping-taxable","13":"purchasable","14":"product-type-simple"},"_links":{"self":[{"href":"https:\/\/boreait.com\/hu\/wp-json\/wp\/v2\/product\/7709","targetHints":{"allow":["GET"]}}],"collection":[{"href":"https:\/\/boreait.com\/hu\/wp-json\/wp\/v2\/product"}],"about":[{"href":"https:\/\/boreait.com\/hu\/wp-json\/wp\/v2\/types\/product"}],"wp:featuredmedia":[{"embeddable":true,"href":"https:\/\/boreait.com\/hu\/wp-json\/wp\/v2\/media\/7766"}],"wp:attachment":[{"href":"https:\/\/boreait.com\/hu\/wp-json\/wp\/v2\/media?parent=7709"}],"wp:term":[{"taxonomy":"product_brand","embeddable":true,"href":"https:\/\/boreait.com\/hu\/wp-json\/wp\/v2\/product_brand?post=7709"},{"taxonomy":"product_cat","embeddable":true,"href":"https:\/\/boreait.com\/hu\/wp-json\/wp\/v2\/product_cat?post=7709"},{"taxonomy":"product_tag","embeddable":true,"href":"https:\/\/boreait.com\/hu\/wp-json\/wp\/v2\/product_tag?post=7709"}],"curies":[{"name":"wp","href":"https:\/\/api.w.org\/{rel}","templated":true}]}}