{"id":7691,"date":"2025-09-17T11:53:50","date_gmt":"2025-09-17T09:53:50","guid":{"rendered":"https:\/\/boreait.com\/hu\/?post_type=product&#038;p=7691"},"modified":"2025-09-17T11:56:11","modified_gmt":"2025-09-17T09:56:11","slug":"egyes-egyedi-billentyuk-a-dell-precision-5510-m5510-5520-5530-5540-billentyuzethez-hattervilagitassal","status":"publish","type":"product","link":"https:\/\/boreait.com\/hu\/termek\/egyes-egyedi-billentyuk-a-dell-precision-5510-m5510-5520-5530-5540-billentyuzethez-hattervilagitassal\/","title":{"rendered":"Egyes\/egyedi billenty\u0171k a Dell Precision 5510 m5510 5520 5530 5540 billenty\u0171zethez &#8211; h\u00e1tt\u00e9rvil\u00e1g\u00edt\u00e1ssal"},"content":{"rendered":"<p><strong>K\u00c9RJ\u00dcK, N\u00c9ZD MEG A RENDELKEZ\u00c9SRE VONATKOZ\u00d3 KULCSOKAT A JEGYZ\u00c9KBEN A FOT\u00d3BAN! A P\u00c1NTOK BEMUTATOTTAK!<\/strong><\/p>\n<p>Revitaliz\u00e1lja Dell Precision 5510, m5510, 5520, 5530 vagy 5540 billenty\u0171zet\u00e9t egyedi\/egyedi billenty\u0171k\u00e9szlet\u00fcnkkel.<\/p>\n<p><strong>F\u0151bb jellemz\u0151k:<\/strong><\/p>\n<p><strong>Kiv\u00e1l\u00f3 min\u0151s\u00e9g\u0171 anyag:<\/strong> A tart\u00f3s anyagokb\u00f3l k\u00e9sz\u00fclt billenty\u0171k hosszan tart\u00f3 teljes\u00edtm\u00e9nyt ny\u00fajtanak, meg\u0151rizve a billenty\u0171zet tapint\u00e1s\u00e1t \u00e9s \u00e9rz\u00e9kenys\u00e9g\u00e9t.<\/p>\n<p><strong>K\u00f6nny\u0171 csere:<\/strong> Az egyszer\u0171 r\u00e1pattinthat\u00f3 kialak\u00edt\u00e1snak k\u00f6sz\u00f6nhet\u0151en a Dell Precision billenty\u0171zet egyes billenty\u0171inek cser\u00e9je gyors \u00e9s probl\u00e9mamentes, \u00edgy meg\u0151rizheti laptopja billenty\u0171zet\u00e9nek funkcionalit\u00e1s\u00e1t \u00e9s megjelen\u00e9s\u00e9t.<\/p>\n<p><strong>Tov\u00e1bbfejlesztett sokoldal\u00fas\u00e1g:<\/strong> Ak\u00e1r ki kell cser\u00e9lnie a s\u00e9r\u00fclt billenty\u0171ket, ak\u00e1r testre kell szabnia a billenty\u0171zetkioszt\u00e1st, ez a k\u00e9szlet rugalmass\u00e1got biztos\u00edt az \u00d6n egyedi ig\u00e9nyeinek kiel\u00e9g\u00edt\u00e9s\u00e9re.<\/p>\n<p>Magabiztosan friss\u00edtse Dell Precision billenty\u0171zet\u00e9t \u2013 rendelje meg az egyes\/egyedi billenty\u0171ket US LA spanyol sv\u00e1jci francia nordic ND elrendez\u00e9ssel a Siggm\u00f3t\u00f3l m\u00e9g ma. Val\u00f3di f\u00e9nyk\u00e9peket biztos\u00edtunk a pontos kulcsokr\u00f3l, amelyeket megkap, \u00e9s a min\u0151s\u00e9g ir\u00e1nti elk\u00f6telezetts\u00e9g\u00fcnk biztos\u00edtja, hogy minden v\u00e1s\u00e1rl\u00e1skor el\u00e9gedett legyen.<\/p>\n<p><strong>Megjegyz\u00e9s:<\/strong> B\u00e1r nem adunk r\u00e9szletes telep\u00edt\u00e9si utas\u00edt\u00e1sokat, \u00fcgyf\u00e9lszolg\u00e1lati csapatunk k\u00e9szs\u00e9ggel \u00e1ll rendelkez\u00e9s\u00e9re, hogy seg\u00edtsen b\u00e1rmilyen k\u00e9rd\u00e9se vagy agg\u00e1lya eset\u00e9n. B\u00edzzon a Siggm\u00f3ban a min\u0151s\u00e9gi laptop alkatr\u00e9szek\u00e9rt, \u00e9s jav\u00edtsa Dell Precision billenty\u0171zete funkcionalit\u00e1s\u00e1t.<\/p>\n","protected":false},"excerpt":{"rendered":"<p>Cser\u00e9lje ki a Dell Precision 5510, m5510, 5520, 5530 vagy 5540 billenty\u0171zet egyes gombjait ezzel a k\u00e9szlettel. Az US LA spanyol sv\u00e1jci francia nordic ND elrendez\u00e9s\u00e9vel ezek a billenty\u0171k kompatibilit\u00e1st \u00e9s egyszer\u0171 haszn\u00e1latot biztos\u00edtanak. B\u00edzzon a Siggm\u00f3ban a min\u0151s\u00e9gi laptop alkatr\u00e9szek\u00e9rt.<\/p>\n","protected":false},"featured_media":7756,"template":"","meta":[],"product_brand":[],"product_cat":[24],"product_tag":[17],"class_list":{"0":"post-7691","1":"product","2":"type-product","3":"status-publish","4":"has-post-thumbnail","6":"product_cat-individual-keyboard-keys","7":"product_tag-dell","9":"first","10":"instock","11":"taxable","12":"shipping-taxable","13":"purchasable","14":"product-type-simple"},"_links":{"self":[{"href":"https:\/\/boreait.com\/hu\/wp-json\/wp\/v2\/product\/7691","targetHints":{"allow":["GET"]}}],"collection":[{"href":"https:\/\/boreait.com\/hu\/wp-json\/wp\/v2\/product"}],"about":[{"href":"https:\/\/boreait.com\/hu\/wp-json\/wp\/v2\/types\/product"}],"wp:featuredmedia":[{"embeddable":true,"href":"https:\/\/boreait.com\/hu\/wp-json\/wp\/v2\/media\/7756"}],"wp:attachment":[{"href":"https:\/\/boreait.com\/hu\/wp-json\/wp\/v2\/media?parent=7691"}],"wp:term":[{"taxonomy":"product_brand","embeddable":true,"href":"https:\/\/boreait.com\/hu\/wp-json\/wp\/v2\/product_brand?post=7691"},{"taxonomy":"product_cat","embeddable":true,"href":"https:\/\/boreait.com\/hu\/wp-json\/wp\/v2\/product_cat?post=7691"},{"taxonomy":"product_tag","embeddable":true,"href":"https:\/\/boreait.com\/hu\/wp-json\/wp\/v2\/product_tag?post=7691"}],"curies":[{"name":"wp","href":"https:\/\/api.w.org\/{rel}","templated":true}]}}