{"id":7690,"date":"2025-09-17T11:53:50","date_gmt":"2025-09-17T09:53:50","guid":{"rendered":"https:\/\/boreait.com\/hu\/?post_type=product&#038;p=7690"},"modified":"2025-09-17T11:56:00","modified_gmt":"2025-09-17T09:56:00","slug":"hp-elitepad-900-g1-mobil-szelessavu-gps-modul-696695-001-eredeti-csere","status":"publish","type":"product","link":"https:\/\/boreait.com\/hu\/termek\/hp-elitepad-900-g1-mobil-szelessavu-gps-modul-696695-001-eredeti-csere\/","title":{"rendered":"HP ElitePad 900 G1 mobil sz\u00e9less\u00e1v\u00fa GPS-modul 696695-001 \u2013 Eredeti csere"},"content":{"rendered":"<p>Fokozza HP ElitePad 900 G1 csatlakoztathat\u00f3s\u00e1g\u00e1t \u00e9s navig\u00e1ci\u00f3s k\u00e9pess\u00e9geit az eredeti mobil sz\u00e9less\u00e1v\u00fa GPS-modul 696695-001 seg\u00edts\u00e9g\u00e9vel. A kompatibilit\u00e1sra \u00e9s megb\u00edzhat\u00f3s\u00e1gra kialak\u00edtott modul z\u00f6kken\u0151mentes mobilkapcsolatot \u00e9s pontos GPS-funkci\u00f3kat biztos\u00edt, lehet\u0151v\u00e9 t\u00e9ve a kapcsolattart\u00e1st \u00e9s a k\u00f6nny\u0171 navig\u00e1ci\u00f3t.<\/p>\n<p><strong>F\u0151bb jellemz\u0151k:<\/strong><\/p>\n<p><strong>Kett\u0151s funkcionalit\u00e1s:<\/strong> ez a modul egy kompakt egys\u00e9gben egyes\u00edti a mobil sz\u00e9less\u00e1v\u00fa \u00e9s a GPS funkci\u00f3t, \u00edgy internet-hozz\u00e1f\u00e9r\u00e9st \u00e9s pontos helyk\u00f6vet\u00e9st biztos\u00edt ElitePad 900 G1 k\u00e9sz\u00fcl\u00e9k\u00e9n.<\/p>\n<p><strong>Megb\u00edzhat\u00f3 kapcsolat:<\/strong> A HP elismert min\u0151s\u00e9g\u00e9vel \u00e9s megb\u00edzhat\u00f3s\u00e1g\u00e1val \u00e9p\u00edtett modul stabil \u00e9s konzisztens mobilkapcsolatot biztos\u00edt, \u00e9s b\u00e1rhov\u00e1 is megy, kapcsolatban marad.<\/p>\n<p><strong>Pontos GPS:<\/strong> A fejlett GPS-technol\u00f3gi\u00e1nak k\u00f6sz\u00f6nhet\u0151en ez a modul pontos helymeghat\u00e1roz\u00e1si \u00e9s navig\u00e1ci\u00f3s lehet\u0151s\u00e9geket k\u00edn\u00e1l, \u00edgy magabiztosan navig\u00e1lhat, ak\u00e1r \u00faton van, ak\u00e1r \u00faj helyeket fedez fel.<\/p>\n<p><strong>Egyszer\u0171 telep\u00edt\u00e9s:<\/strong> A plug-and-play kompatibilit\u00e1sra tervezve ennek a modulnak a telep\u00edt\u00e9se gyors \u00e9s egyszer\u0171, lehet\u0151v\u00e9 t\u00e9ve az ElitePad 900 G1 csatlakoz\u00e1si \u00e9s navig\u00e1ci\u00f3s funkci\u00f3inak egyszer\u0171 friss\u00edt\u00e9s\u00e9t.<\/p>\n<p>Friss\u00edtse HP ElitePad 900 G1 k\u00e9sz\u00fcl\u00e9k\u00e9t magabiztosan \u2013 rendelje meg mobil sz\u00e9less\u00e1v\u00fa GPS-modulj\u00e1t 696695-001 a Siggm\u00f3t\u00f3l m\u00e9g ma. Val\u00f3di fot\u00f3kat adunk a kapott modulr\u00f3l, \u00e9s a min\u0151s\u00e9g ir\u00e1nti elk\u00f6telezetts\u00e9g\u00fcnk biztos\u00edtja, hogy minden v\u00e1s\u00e1rl\u00e1skor el\u00e9gedett legyen.<\/p>\n<p><strong>Megjegyz\u00e9s:<\/strong> B\u00e1r nem adunk r\u00e9szletes telep\u00edt\u00e9si utas\u00edt\u00e1sokat, \u00fcgyf\u00e9lszolg\u00e1lati csapatunk k\u00e9szs\u00e9ggel \u00e1ll rendelkez\u00e9s\u00e9re, hogy seg\u00edtsen b\u00e1rmilyen k\u00e9rd\u00e9se vagy agg\u00e1lya eset\u00e9n. B\u00edzzon a Siggm\u00f3ban az eredeti HP t\u00e1blag\u00e9palkatr\u00e9szek\u00e9rt, \u00e9s n\u00f6velje ElitePad 900 G1 teljes\u00edtm\u00e9ny\u00e9t.<\/p>\n","protected":false},"excerpt":{"rendered":"<p>Friss\u00edtse HP ElitePad 900 G1 k\u00e9sz\u00fcl\u00e9k\u00e9t a 696695-001 mobil sz\u00e9less\u00e1v\u00fa GPS-modullal. A csatlakoz\u00e1shoz \u00e9s a navig\u00e1ci\u00f3hoz tervezett eredeti modul megb\u00edzhat\u00f3 mobil- \u00e9s GPS-funkci\u00f3kat biztos\u00edt. B\u00edzzon a Siggm\u00f3ban a min\u0151s\u00e9gi t\u00e1blag\u00e9palkatr\u00e9szek\u00e9rt.<\/p>\n","protected":false},"featured_media":7755,"template":"","meta":[],"product_brand":[],"product_cat":[27],"product_tag":[25],"class_list":{"0":"post-7690","1":"product","2":"type-product","3":"status-publish","4":"has-post-thumbnail","6":"product_cat-motherboards-board-parts","7":"product_tag-hp","9":"first","10":"instock","11":"taxable","12":"shipping-taxable","13":"purchasable","14":"product-type-simple"},"_links":{"self":[{"href":"https:\/\/boreait.com\/hu\/wp-json\/wp\/v2\/product\/7690","targetHints":{"allow":["GET"]}}],"collection":[{"href":"https:\/\/boreait.com\/hu\/wp-json\/wp\/v2\/product"}],"about":[{"href":"https:\/\/boreait.com\/hu\/wp-json\/wp\/v2\/types\/product"}],"wp:featuredmedia":[{"embeddable":true,"href":"https:\/\/boreait.com\/hu\/wp-json\/wp\/v2\/media\/7755"}],"wp:attachment":[{"href":"https:\/\/boreait.com\/hu\/wp-json\/wp\/v2\/media?parent=7690"}],"wp:term":[{"taxonomy":"product_brand","embeddable":true,"href":"https:\/\/boreait.com\/hu\/wp-json\/wp\/v2\/product_brand?post=7690"},{"taxonomy":"product_cat","embeddable":true,"href":"https:\/\/boreait.com\/hu\/wp-json\/wp\/v2\/product_cat?post=7690"},{"taxonomy":"product_tag","embeddable":true,"href":"https:\/\/boreait.com\/hu\/wp-json\/wp\/v2\/product_tag?post=7690"}],"curies":[{"name":"wp","href":"https:\/\/api.w.org\/{rel}","templated":true}]}}