{"id":7689,"date":"2025-09-17T11:53:50","date_gmt":"2025-09-17T09:53:50","guid":{"rendered":"https:\/\/boreait.com\/hu\/?post_type=product&#038;p=7689"},"modified":"2025-09-17T11:55:57","modified_gmt":"2025-09-17T09:55:57","slug":"hp-elitepad-900-g1-hatso-oldali-webkamera-694522-1f2-eredeti-cserealkatresz","status":"publish","type":"product","link":"https:\/\/boreait.com\/hu\/termek\/hp-elitepad-900-g1-hatso-oldali-webkamera-694522-1f2-eredeti-cserealkatresz\/","title":{"rendered":"HP ElitePad 900 G1 h\u00e1ts\u00f3 oldali webkamera 694522-1F2 \u2013 Eredeti cserealkatr\u00e9sz"},"content":{"rendered":"<p>Fokozza HP ElitePad 900 G1 funkcionalit\u00e1s\u00e1t a 694522-1F2 cikksz\u00e1m\u00fa, eredeti h\u00e1ts\u00f3 webkamer\u00e1val. A kompatibilit\u00e1sra \u00e9s min\u0151s\u00e9gre tervezett webkamera tiszta \u00e9s \u00e9les vide\u00f3r\u00f6gz\u00edt\u00e9st tesz lehet\u0151v\u00e9, lehet\u0151v\u00e9 t\u00e9ve, hogy kapcsolatban maradjon \u00e9s produkt\u00edv, b\u00e1rhov\u00e1 is megy.<\/p>\n<p><strong>F\u0151bb jellemz\u0151k:<\/strong><\/p>\n<p><strong>Eredeti HP csere:<\/strong> Ez a h\u00e1ts\u00f3 oldali webkamera egy hiteles HP alkatr\u00e9sz, amely kompatibilit\u00e1st \u00e9s optim\u00e1lis teljes\u00edtm\u00e9nyt biztos\u00edt ElitePad 900 G1-je sz\u00e1m\u00e1ra.<\/p>\n<p><strong>Tiszta vide\u00f3r\u00f6gz\u00edt\u00e9s:<\/strong> a kiv\u00e1l\u00f3 min\u0151s\u00e9g\u0171 k\u00e9palkot\u00e1si technol\u00f3gi\u00e1val ez a webkamera \u00e9les \u00e9s r\u00e9szletgazdag vide\u00f3kat r\u00f6gz\u00edt, \u00edgy ide\u00e1lis videokonferenci\u00e1khoz, online tal\u00e1lkoz\u00f3khoz \u00e9s multim\u00e9di\u00e1s alkalmaz\u00e1sokhoz.<\/p>\n<p><strong>Egyszer\u0171 telep\u00edt\u00e9s:<\/strong> A plug-and-play kompatibilit\u00e1sra tervezett webkamera telep\u00edt\u00e9se gyors \u00e9s egyszer\u0171, lehet\u0151v\u00e9 t\u00e9ve az ElitePad 900 G1 egyszer\u0171 friss\u00edt\u00e9s\u00e9t.<\/p>\n<p><strong>Tov\u00e1bbfejlesztett kapcsolat:<\/strong> Maradjon kapcsolatban koll\u00e9g\u00e1ival, bar\u00e1taival \u00e9s csal\u00e1dtagjaival a webkamera megb\u00edzhat\u00f3 teljes\u00edtm\u00e9ny\u00e9nek k\u00f6sz\u00f6nhet\u0151en, amely z\u00f6kken\u0151mentes videokommunik\u00e1ci\u00f3t \u00e9s egy\u00fcttm\u0171k\u00f6d\u00e9st tesz lehet\u0151v\u00e9.<\/p>\n<p>Friss\u00edtse HP ElitePad 900 G1 k\u00e9sz\u00fcl\u00e9k\u00e9t magabiztosan \u2013 rendelje meg eredeti h\u00e1ts\u00f3 oldals\u00f3 webkamer\u00e1j\u00e1t a Siggm\u00f3t\u00f3l m\u00e9g ma. Val\u00f3di fot\u00f3kat k\u00e9sz\u00edt\u00fcnk arr\u00f3l, hogy pontosan melyik webkamer\u00e1t kapja meg, \u00e9s a min\u0151s\u00e9g ir\u00e1nti elk\u00f6telezetts\u00e9g\u00fcnk biztos\u00edtja, hogy minden v\u00e1s\u00e1rl\u00e1skor el\u00e9gedett legyen.<\/p>\n<p><strong>Megjegyz\u00e9s:<\/strong> B\u00e1r nem adunk r\u00e9szletes telep\u00edt\u00e9si utas\u00edt\u00e1sokat, \u00fcgyf\u00e9lszolg\u00e1lati csapatunk k\u00e9szs\u00e9ggel \u00e1ll rendelkez\u00e9s\u00e9re, hogy seg\u00edtsen b\u00e1rmilyen k\u00e9rd\u00e9se vagy agg\u00e1lya eset\u00e9n. B\u00edzzon a Siggm\u00f3ban az eredeti HP laptop alkatr\u00e9szek\u00e9rt, \u00e9s emelje ki ElitePad 900 G1 funkcionalit\u00e1s\u00e1t.<\/p>\n","protected":false},"excerpt":{"rendered":"<p>Friss\u00edtse HP ElitePad 900 G1 k\u00e9sz\u00fcl\u00e9k\u00e9t az eredeti h\u00e1ts\u00f3 oldali webkamer\u00e1val. A kompatibilit\u00e1sra \u00e9s min\u0151s\u00e9gre tervezett webkamera tiszta \u00e9s \u00e9les vide\u00f3r\u00f6gz\u00edt\u00e9st biztos\u00edt. B\u00edzzon a Siggm\u00f3ban a min\u0151s\u00e9gi laptop alkatr\u00e9szek\u00e9rt.<\/p>\n","protected":false},"featured_media":7754,"template":"","meta":[],"product_brand":[],"product_cat":[27],"product_tag":[25],"class_list":{"0":"post-7689","1":"product","2":"type-product","3":"status-publish","4":"has-post-thumbnail","6":"product_cat-motherboards-board-parts","7":"product_tag-hp","9":"first","10":"instock","11":"taxable","12":"shipping-taxable","13":"purchasable","14":"product-type-simple"},"_links":{"self":[{"href":"https:\/\/boreait.com\/hu\/wp-json\/wp\/v2\/product\/7689","targetHints":{"allow":["GET"]}}],"collection":[{"href":"https:\/\/boreait.com\/hu\/wp-json\/wp\/v2\/product"}],"about":[{"href":"https:\/\/boreait.com\/hu\/wp-json\/wp\/v2\/types\/product"}],"wp:featuredmedia":[{"embeddable":true,"href":"https:\/\/boreait.com\/hu\/wp-json\/wp\/v2\/media\/7754"}],"wp:attachment":[{"href":"https:\/\/boreait.com\/hu\/wp-json\/wp\/v2\/media?parent=7689"}],"wp:term":[{"taxonomy":"product_brand","embeddable":true,"href":"https:\/\/boreait.com\/hu\/wp-json\/wp\/v2\/product_brand?post=7689"},{"taxonomy":"product_cat","embeddable":true,"href":"https:\/\/boreait.com\/hu\/wp-json\/wp\/v2\/product_cat?post=7689"},{"taxonomy":"product_tag","embeddable":true,"href":"https:\/\/boreait.com\/hu\/wp-json\/wp\/v2\/product_tag?post=7689"}],"curies":[{"name":"wp","href":"https:\/\/api.w.org\/{rel}","templated":true}]}}