{"id":7685,"date":"2025-09-17T11:53:49","date_gmt":"2025-09-17T09:53:49","guid":{"rendered":"https:\/\/boreait.com\/hu\/?post_type=product&#038;p=7685"},"modified":"2025-09-17T11:55:36","modified_gmt":"2025-09-17T09:55:36","slug":"hp-elitepad-900-g1-taplap-flex-csatlakozo-lf-8781p-eredeti-csere","status":"publish","type":"product","link":"https:\/\/boreait.com\/hu\/termek\/hp-elitepad-900-g1-taplap-flex-csatlakozo-lf-8781p-eredeti-csere\/","title":{"rendered":"HP ElitePad 900 G1 t\u00e1plap Flex csatlakoz\u00f3 LF-8781P \u2013 Eredeti csere"},"content":{"rendered":"<p>\u00c1ll\u00edtsa vissza HP ElitePad 900 G1 t\u00e1blag\u00e9p\u00e9nek \u00e1ramell\u00e1t\u00e1s\u00e1t az eredeti LF-8781P t\u00e1pk\u00e1rtya rugalmas csatlakoz\u00f3j\u00e1val. A kompatibilit\u00e1sra \u00e9s megb\u00edzhat\u00f3s\u00e1gra tervezett csatlakoz\u00f3 stabil energiaell\u00e1t\u00e1st biztos\u00edt, lehet\u0151v\u00e9 t\u00e9ve, hogy t\u00e1blag\u00e9p\u00e9t folyamatosan bekapcsolva \u00e9s haszn\u00e1latra k\u00e9szen tartsa.<\/p>\n<p><strong>F\u0151bb jellemz\u0151k:<\/strong><\/p>\n<p><strong>Eredeti HP csere:<\/strong> Ez a t\u00e1plap hajl\u00e9kony csatlakoz\u00f3ja egy hiteles HP alkatr\u00e9sz, amely kompatibilit\u00e1st \u00e9s optim\u00e1lis teljes\u00edtm\u00e9nyt biztos\u00edt ElitePad 900 G1 t\u00e1blag\u00e9pe sz\u00e1m\u00e1ra.<\/p>\n<p><strong>Stabil \u00e1ramell\u00e1t\u00e1s:<\/strong> Ezzel a rugalmas csatlakoz\u00f3val \u00e1ll\u00edtsa helyre t\u00e1blag\u00e9pe megb\u00edzhat\u00f3 \u00e1ramell\u00e1t\u00e1s\u00e1t, biztos\u00edtva a megszak\u00edt\u00e1s n\u00e9lk\u00fcli m\u0171k\u00f6d\u00e9st \u00e9s t\u00f6lt\u00e9st.<\/p>\n<p><strong>Tart\u00f3s konstrukci\u00f3:<\/strong> A mindennapi haszn\u00e1latnak ellen\u00e1ll\u00f3 hajl\u00e9kony csatlakoz\u00f3t a hossz\u00fa t\u00e1v\u00fa tart\u00f3ss\u00e1gra tervezt\u00e9k, megb\u00edzhat\u00f3 \u00e1ramell\u00e1t\u00e1st biztos\u00edtva t\u00e1blag\u00e9pe \u00e9lettartama alatt.<\/p>\n<p><strong>K\u00f6nny\u0171 telep\u00edt\u00e9s:<\/strong> Felhaszn\u00e1l\u00f3bar\u00e1t kialak\u00edt\u00e1s\u00e1nak k\u00f6sz\u00f6nhet\u0151en a t\u00e1pegys\u00e9g flexibilis csatlakoz\u00f3j\u00e1nak cser\u00e9je gyors \u00e9s egyszer\u0171, \u00edgy k\u00f6nnyed\u00e9n vissza\u00e1ll\u00edthatja t\u00e1blag\u00e9pe t\u00e1pell\u00e1t\u00e1s\u00e1t.<\/p>\n<p>Gondoskodjon arr\u00f3l, hogy a HP ElitePad 900 G1 tov\u00e1bbra is bekapcsolt \u00e1llapotban maradjon, \u00e9s k\u00e9szen \u00e1lljon a haszn\u00e1latra \u2013 rendelje meg eredeti, LF-8781P t\u00e1pk\u00e1rtya rugalmas csatlakoz\u00f3j\u00e1t a Siggm\u00f3t\u00f3l m\u00e9g ma. Val\u00f3di f\u00e9nyk\u00e9peket biztos\u00edtunk a pontos csatlakoz\u00f3r\u00f3l, amelyet kap, \u00e9s a min\u0151s\u00e9g ir\u00e1nti elk\u00f6telezetts\u00e9g\u00fcnk biztos\u00edtja, hogy minden v\u00e1s\u00e1rl\u00e1skor el\u00e9gedett legyen.<\/p>\n<p><strong>Megjegyz\u00e9s:<\/strong> B\u00e1r nem adunk r\u00e9szletes telep\u00edt\u00e9si utas\u00edt\u00e1sokat, \u00fcgyf\u00e9lszolg\u00e1lati csapatunk k\u00e9szs\u00e9ggel \u00e1ll rendelkez\u00e9s\u00e9re, hogy seg\u00edtsen b\u00e1rmilyen k\u00e9rd\u00e9se vagy agg\u00e1lya eset\u00e9n. B\u00edzzon a Siggm\u00f3ban az eredeti HP t\u00e1blag\u00e9palkatr\u00e9szekben, \u00e9s gondoskodjon ElitePad 900 G1 z\u00f6kken\u0151mentes m\u0171k\u00f6d\u00e9s\u00e9r\u0151l.<\/p>\n","protected":false},"excerpt":{"rendered":"<p>Cser\u00e9lje ki HP ElitePad 900 G1 t\u00e1pegys\u00e9g\u00e9nek hajl\u00e9kony csatlakoz\u00f3j\u00e1t erre az eredeti cser\u00e9re. A kompatibilit\u00e1s \u00e9s a tart\u00f3ss\u00e1g jegy\u00e9ben k\u00e9sz\u00fclt csatlakoz\u00f3 megb\u00edzhat\u00f3 t\u00e1pell\u00e1t\u00e1st biztos\u00edt t\u00e1blag\u00e9pe sz\u00e1m\u00e1ra. B\u00edzzon a Siggm\u00f3ban a min\u0151s\u00e9gi t\u00e1blag\u00e9palkatr\u00e9szek\u00e9rt.<\/p>\n","protected":false},"featured_media":7744,"template":"","meta":[],"product_brand":[],"product_cat":[20],"product_tag":[25],"class_list":{"0":"post-7685","1":"product","2":"type-product","3":"status-publish","4":"has-post-thumbnail","6":"product_cat-cables","7":"product_tag-hp","9":"first","10":"instock","11":"taxable","12":"shipping-taxable","13":"purchasable","14":"product-type-simple"},"_links":{"self":[{"href":"https:\/\/boreait.com\/hu\/wp-json\/wp\/v2\/product\/7685","targetHints":{"allow":["GET"]}}],"collection":[{"href":"https:\/\/boreait.com\/hu\/wp-json\/wp\/v2\/product"}],"about":[{"href":"https:\/\/boreait.com\/hu\/wp-json\/wp\/v2\/types\/product"}],"wp:featuredmedia":[{"embeddable":true,"href":"https:\/\/boreait.com\/hu\/wp-json\/wp\/v2\/media\/7744"}],"wp:attachment":[{"href":"https:\/\/boreait.com\/hu\/wp-json\/wp\/v2\/media?parent=7685"}],"wp:term":[{"taxonomy":"product_brand","embeddable":true,"href":"https:\/\/boreait.com\/hu\/wp-json\/wp\/v2\/product_brand?post=7685"},{"taxonomy":"product_cat","embeddable":true,"href":"https:\/\/boreait.com\/hu\/wp-json\/wp\/v2\/product_cat?post=7685"},{"taxonomy":"product_tag","embeddable":true,"href":"https:\/\/boreait.com\/hu\/wp-json\/wp\/v2\/product_tag?post=7685"}],"curies":[{"name":"wp","href":"https:\/\/api.w.org\/{rel}","templated":true}]}}