{"id":7683,"date":"2025-09-17T11:53:49","date_gmt":"2025-09-17T09:53:49","guid":{"rendered":"https:\/\/boreait.com\/hu\/?post_type=product&#038;p=7683"},"modified":"2025-09-17T11:55:29","modified_gmt":"2025-09-17T09:55:29","slug":"hp-elitepad-900-g1-wwan-hspa-mu733-kartya-714653-005-eredeti-mobil-szelessavu-modul","status":"publish","type":"product","link":"https:\/\/boreait.com\/hu\/termek\/hp-elitepad-900-g1-wwan-hspa-mu733-kartya-714653-005-eredeti-mobil-szelessavu-modul\/","title":{"rendered":"HP ElitePad 900 G1 WWAN HSPA+ MU733 k\u00e1rtya 714653-005 \u2013 Eredeti mobil sz\u00e9less\u00e1v\u00fa modul"},"content":{"rendered":"<p>N\u00f6velje HP ElitePad 900 G1 csatlakoztathat\u00f3s\u00e1g\u00e1t a 714653-005 cikksz\u00e1m\u00fa WWAN HSPA+ MU733 k\u00e1rty\u00e1val. Ez az eredeti HP-k\u00e1rtya, amelyet megb\u00edzhat\u00f3 mobil sz\u00e9less\u00e1v\u00fa kapcsolatra terveztek, gyors \u00e9s stabil internet-hozz\u00e1f\u00e9r\u00e9st biztos\u00edt, b\u00e1rhov\u00e1 is megy, \u00edgy biztos\u00edtva a termel\u00e9kenys\u00e9get \u00e9s a k\u00e9nyelmet \u00fatk\u00f6zben is.<\/p>\n<p><strong>F\u0151bb jellemz\u0151k:<\/strong><\/p>\n<p><strong>Gyors mobil sz\u00e9less\u00e1v:<\/strong> a HSPA+ technol\u00f3gia t\u00e1mogat\u00e1s\u00e1val ez a WWAN-k\u00e1rtya gyors \u00e9s megb\u00edzhat\u00f3 mobil sz\u00e9less\u00e1v\u00fa kapcsolatot biztos\u00edt, lehet\u0151v\u00e9 t\u00e9ve, hogy m\u00e9g akkor is kapcsolatban maradjon \u00e9s produkt\u00edv, ha t\u00e1vol van a Wi-Fi h\u00e1l\u00f3zatokt\u00f3l.<\/p>\n<p><strong>Z\u00f6kken\u0151mentes integr\u00e1ci\u00f3:<\/strong> A kifejezetten a HP ElitePad 900 G1-hez tervezett WWAN-k\u00e1rtya z\u00f6kken\u0151mentes integr\u00e1ci\u00f3t biztos\u00edt az eszk\u00f6zzel, plug-and-play funkci\u00f3t biztos\u00edtva a gyors \u00e9s egyszer\u0171 telep\u00edt\u00e9s \u00e9rdek\u00e9ben.<\/p>\n<p><strong>Tov\u00e1bbfejlesztett termel\u00e9kenys\u00e9g:<\/strong> Ak\u00e1r munka miatt, ak\u00e1r \u00fatk\u00f6zben utazik, ezzel a WWAN-k\u00e1rty\u00e1val k\u00f6nnyed\u00e9n hozz\u00e1f\u00e9rhet e-mailjeihez, b\u00f6ng\u00e9szhet az interneten, \u00e9s k\u00f6nnyed\u00e9n kapcsolatban maradhat \u00fczleti alkalmaz\u00e1saival, \u00edgy b\u00e1rhol is legyen produkt\u00edv.<\/p>\n<p><strong>Eredeti HP min\u0151s\u00e9g:<\/strong> A HP elismert min\u0151s\u00e9g\u00e9vel \u00e9s megb\u00edzhat\u00f3s\u00e1g\u00e1val \u00e9p\u00edtett WWAN-k\u00e1rty\u00e1t \u00fagy tervezt\u00e9k, hogy egyenletes teljes\u00edtm\u00e9nyt \u00e9s tart\u00f3ss\u00e1got biztos\u00edtson, \u00e9s hossz\u00fa t\u00e1v\u00fa el\u00e9gedetts\u00e9get biztos\u00edtson mobil sz\u00e9less\u00e1v\u00fa kapcsolat\u00e1val.<\/p>\n<p>Friss\u00edtse HP ElitePad 900 G1 k\u00e9sz\u00fcl\u00e9k\u00e9t bizalommal \u2013 rendelje meg eredeti WWAN HSPA+ MU733 k\u00e1rty\u00e1j\u00e1t a Siggm\u00f3t\u00f3l m\u00e9g ma. Val\u00f3di fot\u00f3kat adunk arr\u00f3l, hogy pontosan milyen k\u00e1rty\u00e1t kap, \u00e9s a min\u0151s\u00e9g ir\u00e1nti elk\u00f6telezetts\u00e9g\u00fcnk biztos\u00edtja, hogy minden v\u00e1s\u00e1rl\u00e1skor el\u00e9gedett legyen.<\/p>\n<p><strong>Megjegyz\u00e9s:<\/strong> B\u00e1r nem adunk r\u00e9szletes telep\u00edt\u00e9si utas\u00edt\u00e1sokat, \u00fcgyf\u00e9lszolg\u00e1lati csapatunk k\u00e9szs\u00e9ggel \u00e1ll rendelkez\u00e9s\u00e9re, hogy seg\u00edtsen b\u00e1rmilyen k\u00e9rd\u00e9se vagy agg\u00e1lya eset\u00e9n. B\u00edzzon a Siggm\u00f3ban az eredeti HP laptop-alkatr\u00e9szek\u00e9rt, \u00e9s n\u00f6velje mobil sz\u00e9less\u00e1v\u00fa \u00e9lm\u00e9ny\u00e9t.<\/p>\n","protected":false},"excerpt":{"rendered":"<p>Friss\u00edtse HP ElitePad 900 G1 k\u00e9sz\u00fcl\u00e9k\u00e9t a WWAN HSPA+ MU733 k\u00e1rty\u00e1val. Ez az eredeti HP-k\u00e1rtya, amelyet megb\u00edzhat\u00f3 mobil sz\u00e9less\u00e1v\u00fa kapcsolatra terveztek, gyors \u00e9s stabil internet-hozz\u00e1f\u00e9r\u00e9st biztos\u00edt \u00fatk\u00f6zben. B\u00edzzon a Siggm\u00f3ban a min\u0151s\u00e9gi laptop alkatr\u00e9szek\u00e9rt.<\/p>\n","protected":false},"featured_media":7742,"template":"","meta":[],"product_brand":[],"product_cat":[27],"product_tag":[25],"class_list":{"0":"post-7683","1":"product","2":"type-product","3":"status-publish","4":"has-post-thumbnail","6":"product_cat-motherboards-board-parts","7":"product_tag-hp","9":"first","10":"instock","11":"taxable","12":"shipping-taxable","13":"purchasable","14":"product-type-simple"},"_links":{"self":[{"href":"https:\/\/boreait.com\/hu\/wp-json\/wp\/v2\/product\/7683","targetHints":{"allow":["GET"]}}],"collection":[{"href":"https:\/\/boreait.com\/hu\/wp-json\/wp\/v2\/product"}],"about":[{"href":"https:\/\/boreait.com\/hu\/wp-json\/wp\/v2\/types\/product"}],"wp:featuredmedia":[{"embeddable":true,"href":"https:\/\/boreait.com\/hu\/wp-json\/wp\/v2\/media\/7742"}],"wp:attachment":[{"href":"https:\/\/boreait.com\/hu\/wp-json\/wp\/v2\/media?parent=7683"}],"wp:term":[{"taxonomy":"product_brand","embeddable":true,"href":"https:\/\/boreait.com\/hu\/wp-json\/wp\/v2\/product_brand?post=7683"},{"taxonomy":"product_cat","embeddable":true,"href":"https:\/\/boreait.com\/hu\/wp-json\/wp\/v2\/product_cat?post=7683"},{"taxonomy":"product_tag","embeddable":true,"href":"https:\/\/boreait.com\/hu\/wp-json\/wp\/v2\/product_tag?post=7683"}],"curies":[{"name":"wp","href":"https:\/\/api.w.org\/{rel}","templated":true}]}}