{"id":7662,"date":"2025-09-17T11:53:26","date_gmt":"2025-09-17T09:53:26","guid":{"rendered":"https:\/\/boreait.com\/hu\/?post_type=product&#038;p=7662"},"modified":"2025-09-17T11:54:34","modified_gmt":"2025-09-17T09:54:34","slug":"macbook-pro-retina-13-a1989-csuklotamasz-billentyuzet-erintopad-bekapcsologomb-eredeti-akkumulator","status":"publish","type":"product","link":"https:\/\/boreait.com\/hu\/termek\/macbook-pro-retina-13-a1989-csuklotamasz-billentyuzet-erintopad-bekapcsologomb-eredeti-akkumulator\/","title":{"rendered":"MacBook Pro Retina 13&#8243; A1989 csukl\u00f3t\u00e1masz billenty\u0171zet \u00e9rint\u0151pad bekapcsol\u00f3gomb Eredeti akkumul\u00e1tor"},"content":{"rendered":"<p><strong>AZ EREDETI AKKUMUL\u00c1TOR TARTALMAZZA. AZ AKKUMUL\u00c1TOR M\u0170K\u00d6DIK, DE NINCS TESZTELVE!<\/strong><\/p>\n<p>Revitaliz\u00e1lja MacBook Pro Retina 13&#8243; A1989-j\u00e9t ezzel az \u00e1tfog\u00f3 k\u00e9szlettel, amely csukl\u00f3t\u00e1maszt, billenty\u0171zetet, \u00e9rint\u0151padot, bekapcsol\u00f3gombot \u00e9s eredeti akkumul\u00e1tort tartalmaz. A z\u00f6kken\u0151mentes integr\u00e1ci\u00f3 \u00e9s a megb\u00edzhat\u00f3 teljes\u00edtm\u00e9ny \u00e9rdek\u00e9ben ez a k\u00e9szlet biztos\u00edtja, hogy laptopja a lehet\u0151 legjobban m\u0171k\u00f6dj\u00f6n. Billenty\u0171zetkioszt\u00e1s: Nordic.<\/p>\n<p><strong>F\u0151bb jellemz\u0151k:<\/strong><\/p>\n<p><strong>Teljes k\u00e9szlet:<\/strong> Tartalmazza a MacBook Pro Retina 13&#8243; A1989 sz\u00e1m\u00edt\u00f3g\u00e9p\u00e9hez sz\u00fcks\u00e9ges \u00f6sszes alapvet\u0151 alkatr\u00e9szt, amely \u00e1tfog\u00f3 friss\u00edt\u00e9si megold\u00e1st biztos\u00edt.<\/p>\n<p><strong>Eredeti Apple alkatr\u00e9szek:<\/strong> Biztos lehet benne, hogy az eredeti Apple alkatr\u00e9szek garant\u00e1lj\u00e1k a kompatibilit\u00e1st \u00e9s az optim\u00e1lis teljes\u00edtm\u00e9nyt laptopja sz\u00e1m\u00e1ra.<\/p>\n<p><strong>Tov\u00e1bbfejlesztett funkcionalit\u00e1s:<\/strong> Ezzel a k\u00e9szlettel \u00e1ll\u00edtsa vissza a MacBook Pro teljes funkcionalit\u00e1s\u00e1t, biztos\u00edtva a g\u00f6rd\u00fcl\u00e9keny g\u00e9pel\u00e9st, a prec\u00edz kurzorvez\u00e9rl\u00e9st \u00e9s a megb\u00edzhat\u00f3 energiaell\u00e1t\u00e1st.<\/p>\n<p><strong>Egyszer\u0171 telep\u00edt\u00e9s:<\/strong> Az egyszer\u0171 telep\u00edt\u00e9shez tervezve, ezzel a teljes k\u00e9szlettel k\u00f6nnyed\u00e9n friss\u00edtheti MacBook Pro-j\u00e1t.<\/p>\n<p>Friss\u00edtse magabiztosan MacBook Pro Retina 13&#8243; A1989 sz\u00e1m\u00edt\u00f3g\u00e9p\u00e9t \u2013 rendelje meg csukl\u00f3t\u00e1masz\u00e1t, billenty\u0171zet\u00e9t, \u00e9rint\u0151padj\u00e1t, bekapcsol\u00f3gombj\u00e1t \u00e9s eredeti akkumul\u00e1tork\u00e9szlet\u00e9t m\u00e9g ma a Siggm\u00f3t\u00f3l. Val\u00f3di f\u00e9nyk\u00e9peket biztos\u00edtunk a pontos alkatr\u00e9szekr\u0151l, amelyeket megkap, \u00e9s a min\u0151s\u00e9g ir\u00e1nti elk\u00f6telezetts\u00e9g\u00fcnk biztos\u00edtja, hogy minden v\u00e1s\u00e1rl\u00e1ssal el\u00e9gedett legyen.<\/p>\n<p><strong>Megjegyz\u00e9s:<\/strong> B\u00e1r nem adunk r\u00e9szletes telep\u00edt\u00e9si utas\u00edt\u00e1sokat, \u00fcgyf\u00e9lszolg\u00e1lati csapatunk k\u00e9szs\u00e9ggel \u00e1ll rendelkez\u00e9s\u00e9re, hogy seg\u00edtsen b\u00e1rmilyen k\u00e9rd\u00e9se vagy agg\u00e1lya eset\u00e9n. B\u00edzzon a Siggm\u00f3ban az eredeti MacBook alkatr\u00e9szek\u00e9rt, \u00e9s n\u00f6velje MacBook Pro Retina 13&#8243; A1989 teljes\u00edtm\u00e9ny\u00e9t.<\/p>\n","protected":false},"excerpt":{"rendered":"<p>Friss\u00edtse MacBook Pro Retina 13&#8243; A1989 sz\u00e1m\u00edt\u00f3g\u00e9p\u00e9t ezzel a teljes k\u00e9szlettel, amely tartalmazza a csukl\u00f3t\u00e1maszt, a billenty\u0171zetet, az \u00e9rint\u0151padot, a bekapcsol\u00f3gombot \u00e9s az eredeti akkumul\u00e1tort. A kompatibilit\u00e1s \u00e9s a teljes\u00edtm\u00e9ny \u00e9rdek\u00e9ben tervezt\u00e9k, \u00edgy biztos\u00edthatja laptopja funkcionalit\u00e1s\u00e1t. B\u00edzzon a Siggm\u00f3ban a min\u0151s\u00e9gi MacBook alkatr\u00e9szek\u00e9rt.<\/p>\n","protected":false},"featured_media":7724,"template":"","meta":[],"product_brand":[],"product_cat":[16],"product_tag":[63],"class_list":{"0":"post-7662","1":"product","2":"type-product","3":"status-publish","4":"has-post-thumbnail","6":"product_cat-laptop-housing","7":"product_tag-apple","9":"first","10":"instock","11":"taxable","12":"shipping-taxable","13":"purchasable","14":"product-type-simple"},"_links":{"self":[{"href":"https:\/\/boreait.com\/hu\/wp-json\/wp\/v2\/product\/7662","targetHints":{"allow":["GET"]}}],"collection":[{"href":"https:\/\/boreait.com\/hu\/wp-json\/wp\/v2\/product"}],"about":[{"href":"https:\/\/boreait.com\/hu\/wp-json\/wp\/v2\/types\/product"}],"wp:featuredmedia":[{"embeddable":true,"href":"https:\/\/boreait.com\/hu\/wp-json\/wp\/v2\/media\/7724"}],"wp:attachment":[{"href":"https:\/\/boreait.com\/hu\/wp-json\/wp\/v2\/media?parent=7662"}],"wp:term":[{"taxonomy":"product_brand","embeddable":true,"href":"https:\/\/boreait.com\/hu\/wp-json\/wp\/v2\/product_brand?post=7662"},{"taxonomy":"product_cat","embeddable":true,"href":"https:\/\/boreait.com\/hu\/wp-json\/wp\/v2\/product_cat?post=7662"},{"taxonomy":"product_tag","embeddable":true,"href":"https:\/\/boreait.com\/hu\/wp-json\/wp\/v2\/product_tag?post=7662"}],"curies":[{"name":"wp","href":"https:\/\/api.w.org\/{rel}","templated":true}]}}