{"id":7658,"date":"2025-09-17T11:53:26","date_gmt":"2025-09-17T09:53:26","guid":{"rendered":"https:\/\/boreait.com\/hu\/?post_type=product&#038;p=7658"},"modified":"2025-09-17T11:54:10","modified_gmt":"2025-09-17T09:54:10","slug":"apple-macbook-pro-13-a1502-2013-vege-2014-kozepe-cpu-ventilator-hutobordaval-eredeti-csere","status":"publish","type":"product","link":"https:\/\/boreait.com\/hu\/termek\/apple-macbook-pro-13-a1502-2013-vege-2014-kozepe-cpu-ventilator-hutobordaval-eredeti-csere\/","title":{"rendered":"Apple MacBook Pro 13&#8221; A1502 2013 v\u00e9ge, 2014 k\u00f6zepe CPU ventil\u00e1tor h\u0171t\u0151bord\u00e1val \u2013 eredeti csere"},"content":{"rendered":"<p>Friss\u00edtse MacBook Pro 13&#8221; A1502 h\u0171t\u0151rendszer\u00e9t 2013 v\u00e9ge 2014 k\u00f6zep\u00e9n ezzel az eredeti CPU ventil\u00e1tor \u00e9s h\u0171t\u0151borda szerelv\u00e9nnyel. A h\u0151 hat\u00e9kony elvezet\u00e9s\u00e9re \u00e9s az optim\u00e1lis m\u0171k\u00f6d\u00e9si h\u0151m\u00e9rs\u00e9klet fenntart\u00e1s\u00e1ra tervezett csere megb\u00edzhat\u00f3 teljes\u00edtm\u00e9nyt \u00e9s hossz\u00fa \u00e9lettartamot biztos\u00edt laptopja sz\u00e1m\u00e1ra.<\/p>\n<p><strong>F\u0151bb jellemz\u0151k:<\/strong><\/p>\n<p><strong>Eredeti Apple csere:<\/strong> Ez a h\u0171t\u0151bord\u00e1val ell\u00e1tott CPU-ventil\u00e1tor hiteles Apple-alkatr\u00e9sz, amely biztos\u00edtja a kompatibilit\u00e1st \u00e9s az optim\u00e1lis illeszked\u00e9st MacBook Pro 13 h\u00fcvelykes A1502-hez, 2013 v\u00e9ge, 2014 k\u00f6zepe.<\/p>\n<p><strong>Hat\u00e9kony h\u0171t\u00e9s:<\/strong> Ez a kiv\u00e1l\u00f3 min\u0151s\u00e9g\u0171 ventil\u00e1torral \u00e9s h\u0171t\u0151bord\u00e1val rendelkez\u0151 szerelv\u00e9ny hat\u00e9konyan vezeti el a h\u0151t a laptop CPU-j\u00e1b\u00f3l, \u00edgy stabil teljes\u00edtm\u00e9nyt biztos\u00edt, \u00e9s megel\u0151zi a t\u00falmeleged\u00e9si probl\u00e9m\u00e1kat.<\/p>\n<p><strong>Tart\u00f3s konstrukci\u00f3:<\/strong> Az Apple magas min\u0151s\u00e9gi \u00e9s megb\u00edzhat\u00f3s\u00e1gi k\u00f6vetelm\u00e9nyei szerint k\u00e9sz\u00fclt, ez a h\u0171t\u0151borda-szerelv\u00e9nyes CPU-ventil\u00e1tor \u00fagy lett kialak\u00edtva, hogy ellen\u00e1lljon a hosszan tart\u00f3 haszn\u00e1latnak, \u00e9s hosszan tart\u00f3 h\u0171t\u00e9si teljes\u00edtm\u00e9nyt ny\u00fajtson.<\/p>\n<p><strong>K\u00f6nny\u0171 telep\u00edt\u00e9s:<\/strong> Felhaszn\u00e1l\u00f3bar\u00e1t kialak\u00edt\u00e1s\u00e1nak k\u00f6sz\u00f6nhet\u0151en a CPU-ventil\u00e1tor h\u0171t\u0151borda szerelv\u00e9nyre cser\u00e9l\u00e9se gyors \u00e9s egyszer\u0171, lehet\u0151v\u00e9 t\u00e9ve a MacBook Pro k\u00f6nny\u0171 karbantart\u00e1s\u00e1t.<\/p>\n<p>MacBook Pro 13&#8221; A1502 friss\u00edt\u00e9se 2013 v\u00e9ge 2014 k\u00f6zepe \u2013 rendelje meg eredeti CPU ventil\u00e1tor\u00e1t h\u0171t\u0151bord\u00e1val m\u00e9g ma a Siggm\u00f3t\u00f3l. Val\u00f3di f\u00e9nyk\u00e9peket biztos\u00edtunk a pontos \u00f6sszeszerel\u00e9sr\u0151l, amelyet megkap, \u00e9s a min\u0151s\u00e9g ir\u00e1nti elk\u00f6telezetts\u00e9g\u00fcnk biztos\u00edtja, hogy minden v\u00e1s\u00e1rl\u00e1skor el\u00e9gedett legyen.<\/p>\n<p><strong>Megjegyz\u00e9s:<\/strong> B\u00e1r nem adunk r\u00e9szletes telep\u00edt\u00e9si utas\u00edt\u00e1sokat, \u00fcgyf\u00e9lszolg\u00e1lati csapatunk k\u00e9szs\u00e9ggel \u00e1ll rendelkez\u00e9s\u00e9re, hogy seg\u00edtsen b\u00e1rmilyen k\u00e9rd\u00e9se vagy agg\u00e1lya eset\u00e9n. B\u00edzzon a Siggm\u00f3ban az eredeti Apple laptop-alkatr\u00e9szek\u00e9rt, \u00e9s gondoskodjon a MacBook Pro optim\u00e1lis h\u0171t\u00e9si teljes\u00edtm\u00e9ny\u00e9r\u0151l.<\/p>\n","protected":false},"excerpt":{"rendered":"<p>Cser\u00e9lje ki MacBook Pro 13&#8221; A1502 2013 v\u00e9gi, 2014 k\u00f6zepe CPU ventil\u00e1tor\u00e1t h\u0171t\u0151bord\u00e1val. A kompatibilit\u00e1s \u00e9s a tart\u00f3ss\u00e1g jegy\u00e9ben k\u00e9sz\u00fclt ez az eredeti csere, amely optim\u00e1lis h\u0171t\u00e9si teljes\u00edtm\u00e9nyt biztos\u00edt laptopja sz\u00e1m\u00e1ra. B\u00edzzon a Siggm\u00f3ban a min\u0151s\u00e9gi laptop alkatr\u00e9szek\u00e9rt.<\/p>\n","protected":false},"featured_media":7707,"template":"","meta":[],"product_brand":[],"product_cat":[33],"product_tag":[63],"class_list":{"0":"post-7658","1":"product","2":"type-product","3":"status-publish","4":"has-post-thumbnail","6":"product_cat-cpu-fans-heatsinks","7":"product_tag-apple","9":"first","10":"instock","11":"taxable","12":"shipping-taxable","13":"purchasable","14":"product-type-simple"},"_links":{"self":[{"href":"https:\/\/boreait.com\/hu\/wp-json\/wp\/v2\/product\/7658","targetHints":{"allow":["GET"]}}],"collection":[{"href":"https:\/\/boreait.com\/hu\/wp-json\/wp\/v2\/product"}],"about":[{"href":"https:\/\/boreait.com\/hu\/wp-json\/wp\/v2\/types\/product"}],"wp:featuredmedia":[{"embeddable":true,"href":"https:\/\/boreait.com\/hu\/wp-json\/wp\/v2\/media\/7707"}],"wp:attachment":[{"href":"https:\/\/boreait.com\/hu\/wp-json\/wp\/v2\/media?parent=7658"}],"wp:term":[{"taxonomy":"product_brand","embeddable":true,"href":"https:\/\/boreait.com\/hu\/wp-json\/wp\/v2\/product_brand?post=7658"},{"taxonomy":"product_cat","embeddable":true,"href":"https:\/\/boreait.com\/hu\/wp-json\/wp\/v2\/product_cat?post=7658"},{"taxonomy":"product_tag","embeddable":true,"href":"https:\/\/boreait.com\/hu\/wp-json\/wp\/v2\/product_tag?post=7658"}],"curies":[{"name":"wp","href":"https:\/\/api.w.org\/{rel}","templated":true}]}}