{"id":764,"date":"2025-09-17T09:31:44","date_gmt":"2025-09-17T07:31:44","guid":{"rendered":"https:\/\/boreait.com\/hu\/?post_type=product&#038;p=764"},"modified":"2025-09-17T09:33:15","modified_gmt":"2025-09-17T07:33:15","slug":"eredeti-dell-latitude-5000-e5480-laptop-lcd-kepernyo-elolapi-09r00f-9r00f","status":"publish","type":"product","link":"https:\/\/boreait.com\/hu\/termek\/eredeti-dell-latitude-5000-e5480-laptop-lcd-kepernyo-elolapi-09r00f-9r00f\/","title":{"rendered":"Eredeti Dell Latitude 5000 E5480 laptop LCD k\u00e9perny\u0151 el\u0151lapi 09R00F 9R00F"},"content":{"rendered":"<p>Az Eredeti Dell Latitude 5000 E5480 laptop LCD k\u00e9perny\u0151 el\u0151lapja egy eredeti Dell cserealkatr\u00e9sz, amelyet kifejezetten a Dell Latitude 5000 E5480 laptopmodellhez terveztek. Ide\u00e1lis megold\u00e1s azok sz\u00e1m\u00e1ra, akik elhaszn\u00e1l\u00f3d\u00e1s vagy s\u00e9r\u00fcl\u00e9s miatt ki akarj\u00e1k cser\u00e9lni megl\u00e9v\u0151 el\u0151lapi burkolatukat, vagy egyszer\u0171en csak friss\u00edteni szeretn\u00e9k laptopjuk megjelen\u00e9s\u00e9t.<\/p>\n<p>Ezt a prec\u00edzi\u00f3s keretet \u00fagy tervezt\u00e9k, hogy z\u00f6kken\u0151mentesen illeszkedjen Dell Latitude 5000 E5480 laptopja LCD-k\u00e9perny\u0151j\u00e9hez. Kiv\u00e1l\u00f3 min\u0151s\u00e9g\u0171 anyagokb\u00f3l k\u00e9sz\u00fclt, garant\u00e1lva a tart\u00f3ss\u00e1got \u00e9s a hossz\u00fa \u00e9lettartamot. Az el\u0151lap burkolat\u00e1t apr\u00f3l\u00e9kosan \u00fagy alak\u00edtott\u00e1k ki, hogy illeszkedjen laptopja diz\u00e1jneszt\u00e9tik\u00e1j\u00e1hoz, \u00edgy eleg\u00e1ns \u00e9s professzion\u00e1lis megjelen\u00e9st biztos\u00edt.<\/p>\n<p>Az el\u0151lap burkolat\u00e1nak cser\u00e9je egyszer\u0171 folyamat, amely alapvet\u0151 m\u0171szaki ismeretekkel k\u00f6nnyen elv\u00e9gezhet\u0151. Egyszer\u0171en t\u00e1vol\u00edtsa el a r\u00e9gi el\u0151lapi burkolatot, \u00e9s helyezze a hely\u00e9re az eredeti Dell Latitude 5000 E5480 laptop LCD-k\u00e9perny\u0151 burkolat\u00e1t. A r\u00e9szletes utas\u00edt\u00e1sok a felhaszn\u00e1l\u00f3i k\u00e9zik\u00f6nyvben vagy az online forr\u00e1sokban tal\u00e1lhat\u00f3k.<\/p>\n<p>Ha az eredeti Dell LCD-kijelz\u0151 keretet v\u00e1lasztja, b\u00edzhat abban, hogy kiv\u00e1l\u00f3 min\u0151s\u00e9g\u0171 cserealkatr\u00e9szt kap, amely megfelel a Dell szigor\u00fa min\u0151s\u00e9gi el\u0151\u00edr\u00e1sainak. A Dell a megb\u00edzhat\u00f3 \u00e9s tart\u00f3s term\u00e9kek gy\u00e1rt\u00e1sa ir\u00e1nti elk\u00f6telezetts\u00e9g\u00e9r\u0151l h\u00edres, \u00e9s ez az el\u0151lapi burkolat sem kiv\u00e9tel. Alaposan tesztelt\u00e9k a t\u00f6k\u00e9letes illeszked\u00e9s \u00e9s a megb\u00edzhat\u00f3 teljes\u00edtm\u00e9ny biztos\u00edt\u00e1sa \u00e9rdek\u00e9ben.<\/p>\n<p>Friss\u00edtse Dell Latitude 5000 E5480 laptopja megjelen\u00e9s\u00e9t az eredeti Dell Latitude 5000 E5480 laptop LCD k\u00e9perny\u0151 el\u0151lappal. \u00c9lvezze az \u00e1ltala ny\u00fajtott letisztult \u00e9s professzion\u00e1lis megjelen\u00e9st, ami jav\u00edtja az \u00e1ltal\u00e1nos sz\u00e1m\u00edt\u00e1stechnikai \u00e9lm\u00e9nyt. B\u00edzzon ennek az eredeti Dell-cserealkatr\u00e9sznek a min\u0151s\u00e9g\u00e9ben \u00e9s kompatibilit\u00e1s\u00e1ban, hogy kiv\u00e9teles teljes\u00edtm\u00e9nyt ny\u00fajtson.<\/p>\n","protected":false},"excerpt":{"rendered":"<p>Fokozza Dell Latitude 5000 E5480 laptopja megjelen\u00e9s\u00e9t az eredeti Dell LCD-k\u00e9perny\u0151 el\u0151lappal. Ezt az eredeti, 09R00F vagy 9R00F cikksz\u00e1m\u00fa Dell el\u0151lap-d\u00edsz\u00edt\u00e9st \u00fagy tervezt\u00e9k, hogy t\u00f6k\u00e9letesen illeszkedjen laptopja LCD-k\u00e9perny\u0151j\u00e9hez, eleg\u00e1ns \u00e9s professzion\u00e1lis megjelen\u00e9st biztos\u00edtva.<\/p>\n","protected":false},"featured_media":832,"template":"","meta":[],"product_brand":[],"product_cat":[16],"product_tag":[17],"class_list":{"0":"post-764","1":"product","2":"type-product","3":"status-publish","4":"has-post-thumbnail","6":"product_cat-laptop-housing","7":"product_tag-dell","9":"first","10":"instock","11":"taxable","12":"shipping-taxable","13":"purchasable","14":"product-type-simple"},"_links":{"self":[{"href":"https:\/\/boreait.com\/hu\/wp-json\/wp\/v2\/product\/764","targetHints":{"allow":["GET"]}}],"collection":[{"href":"https:\/\/boreait.com\/hu\/wp-json\/wp\/v2\/product"}],"about":[{"href":"https:\/\/boreait.com\/hu\/wp-json\/wp\/v2\/types\/product"}],"wp:featuredmedia":[{"embeddable":true,"href":"https:\/\/boreait.com\/hu\/wp-json\/wp\/v2\/media\/832"}],"wp:attachment":[{"href":"https:\/\/boreait.com\/hu\/wp-json\/wp\/v2\/media?parent=764"}],"wp:term":[{"taxonomy":"product_brand","embeddable":true,"href":"https:\/\/boreait.com\/hu\/wp-json\/wp\/v2\/product_brand?post=764"},{"taxonomy":"product_cat","embeddable":true,"href":"https:\/\/boreait.com\/hu\/wp-json\/wp\/v2\/product_cat?post=764"},{"taxonomy":"product_tag","embeddable":true,"href":"https:\/\/boreait.com\/hu\/wp-json\/wp\/v2\/product_tag?post=764"}],"curies":[{"name":"wp","href":"https:\/\/api.w.org\/{rel}","templated":true}]}}