{"id":7630,"date":"2025-09-17T11:53:03","date_gmt":"2025-09-17T09:53:03","guid":{"rendered":"https:\/\/boreait.com\/hu\/?post_type=product&#038;p=7630"},"modified":"2025-09-17T11:53:45","modified_gmt":"2025-09-17T09:53:45","slug":"asus-chromebook-flip-c434t-c434ta-bal-es-jobb-fedel-zsanerpar-eredeti-cserealkatreszek","status":"publish","type":"product","link":"https:\/\/boreait.com\/hu\/termek\/asus-chromebook-flip-c434t-c434ta-bal-es-jobb-fedel-zsanerpar-eredeti-cserealkatreszek\/","title":{"rendered":"Asus Chromebook Flip C434T C434TA bal \u00e9s jobb fed\u00e9l zsan\u00e9rp\u00e1r \u2013 Eredeti cserealkatr\u00e9szek"},"content":{"rendered":"<p>B\u0151v\u00edtse Asus Chromebook Flip C434T C434TA funkcionalit\u00e1s\u00e1t ezzel az eredeti bal \u00e9s jobb oldali fed\u00e9lcsukl\u00f3p\u00e1nttal. Az OEM szabv\u00e1nyoknak megfelel\u0151en tervezett zsan\u00e9rok megb\u00edzhat\u00f3 t\u00e1mogat\u00e1st \u00e9s z\u00f6kken\u0151mentes m\u0171k\u00f6d\u00e9st biztos\u00edtanak, lehet\u0151v\u00e9 t\u00e9ve a laptop egyszer\u0171 kinyit\u00e1s\u00e1t \u00e9s z\u00e1r\u00e1s\u00e1t.<\/p>\n<p><strong>F\u0151bb jellemz\u0151k:<\/strong><\/p>\n<p><strong>Eredeti Asus csere:<\/strong> Ezek a fed\u00e9lcsukl\u00f3p\u00e1ntok eredeti Asus alkatr\u00e9szek, amelyek kompatibilit\u00e1st \u00e9s optim\u00e1lis illeszked\u00e9st biztos\u00edtanak Chromebook Flip C434T C434TA k\u00e9sz\u00fcl\u00e9k\u00e9hez.<\/p>\n<p><strong>Gy\u00f6ny\u00f6r\u0171 m\u0171k\u00f6d\u00e9s:<\/strong> \u00c9lvezze a laptop fedel\u00e9nek z\u00f6kken\u0151mentes nyit\u00e1s\u00e1t \u00e9s z\u00e1r\u00e1s\u00e1t a zsan\u00e9rok prec\u00edzi\u00f3s tervez\u00e9s\u00e9nek k\u00f6sz\u00f6nhet\u0151en, probl\u00e9mamentes felhaszn\u00e1l\u00f3i \u00e9lm\u00e9nyt biztos\u00edtva.<\/p>\n<p><strong>Tart\u00f3s konstrukci\u00f3:<\/strong> Ezek a zsan\u00e9rok a mindennapi haszn\u00e1latra k\u00e9sz\u00fcltek, \u00e9s hossz\u00fa \u00e9lettartamot biztos\u00edtanak, megb\u00edzhat\u00f3 t\u00e1mogat\u00e1st biztos\u00edtva laptopja kijelz\u0151j\u00e9nek.<\/p>\n<p><strong>K\u00f6nny\u0171 telep\u00edt\u00e9s:<\/strong> Felhaszn\u00e1l\u00f3bar\u00e1t kialak\u00edt\u00e1suknak k\u00f6sz\u00f6nhet\u0151en a fed\u00e9l zsan\u00e9rjai gyorsan \u00e9s egyszer\u0171en cser\u00e9lhet\u0151k, \u00edgy k\u00f6nnyed\u00e9n vissza\u00e1ll\u00edthatja laptopja funkcionalit\u00e1s\u00e1t.<\/p>\n<p>Magabiztosan friss\u00edtse Asus Chromebook Flip C434T C434TA k\u00e9sz\u00fcl\u00e9k\u00e9t \u2013 rendelje meg az eredeti bal \u00e9s jobb oldali fed\u00e9lcsukl\u00f3p\u00e1ntokat a Siggm\u00f3t\u00f3l m\u00e9g ma. Val\u00f3di f\u00e9nyk\u00e9peket biztos\u00edtunk a pontos zsan\u00e9rokr\u00f3l, amelyeket megkap, \u00e9s a min\u0151s\u00e9g ir\u00e1nti elk\u00f6telezetts\u00e9g\u00fcnk biztos\u00edtja, hogy minden v\u00e1s\u00e1rl\u00e1skor el\u00e9gedett legyen.<\/p>\n<p><strong>Megjegyz\u00e9s:<\/strong> B\u00e1r nem adunk r\u00e9szletes telep\u00edt\u00e9si utas\u00edt\u00e1sokat, \u00fcgyf\u00e9lszolg\u00e1lati csapatunk k\u00e9szs\u00e9ggel \u00e1ll rendelkez\u00e9s\u00e9re, hogy seg\u00edtsen b\u00e1rmilyen k\u00e9rd\u00e9se vagy agg\u00e1lya eset\u00e9n. B\u00edzzon a Siggm\u00f3ban az eredeti Asus laptop alkatr\u00e9szek\u00e9rt, \u00e9s jav\u00edtsa Chromebook Flipje funkcionalit\u00e1s\u00e1t.<\/p>\n","protected":false},"excerpt":{"rendered":"<p>Cser\u00e9lje ki Asus Chromebook Flip C434T C434TA bal \u00e9s jobb oldali fedel\u00e9t ezzel az eredeti p\u00e1rral. A kompatibilit\u00e1s \u00e9s a tart\u00f3ss\u00e1g jegy\u00e9ben k\u00e9sz\u00fclt zsan\u00e9rok biztos\u00edtj\u00e1k a laptop z\u00f6kken\u0151mentes nyit\u00e1s\u00e1t \u00e9s z\u00e1r\u00e1s\u00e1t. B\u00edzzon a Siggm\u00f3ban a min\u0151s\u00e9gi laptop alkatr\u00e9szek\u00e9rt.<\/p>\n","protected":false},"featured_media":7678,"template":"","meta":[],"product_brand":[],"product_cat":[19],"product_tag":[30],"class_list":{"0":"post-7630","1":"product","2":"type-product","3":"status-publish","4":"has-post-thumbnail","6":"product_cat-screen-hinge","7":"product_tag-asus","9":"first","10":"instock","11":"taxable","12":"shipping-taxable","13":"purchasable","14":"product-type-simple"},"_links":{"self":[{"href":"https:\/\/boreait.com\/hu\/wp-json\/wp\/v2\/product\/7630","targetHints":{"allow":["GET"]}}],"collection":[{"href":"https:\/\/boreait.com\/hu\/wp-json\/wp\/v2\/product"}],"about":[{"href":"https:\/\/boreait.com\/hu\/wp-json\/wp\/v2\/types\/product"}],"wp:featuredmedia":[{"embeddable":true,"href":"https:\/\/boreait.com\/hu\/wp-json\/wp\/v2\/media\/7678"}],"wp:attachment":[{"href":"https:\/\/boreait.com\/hu\/wp-json\/wp\/v2\/media?parent=7630"}],"wp:term":[{"taxonomy":"product_brand","embeddable":true,"href":"https:\/\/boreait.com\/hu\/wp-json\/wp\/v2\/product_brand?post=7630"},{"taxonomy":"product_cat","embeddable":true,"href":"https:\/\/boreait.com\/hu\/wp-json\/wp\/v2\/product_cat?post=7630"},{"taxonomy":"product_tag","embeddable":true,"href":"https:\/\/boreait.com\/hu\/wp-json\/wp\/v2\/product_tag?post=7630"}],"curies":[{"name":"wp","href":"https:\/\/api.w.org\/{rel}","templated":true}]}}