{"id":763,"date":"2025-09-17T09:31:44","date_gmt":"2025-09-17T07:31:44","guid":{"rendered":"https:\/\/boreait.com\/hu\/?post_type=product&#038;p=763"},"modified":"2025-09-17T09:33:13","modified_gmt":"2025-09-17T07:33:13","slug":"dell-latitude-e5480-5480-e5490-5490-lcd-hatlap-felso-fedel-0n92jc-n92jc","status":"publish","type":"product","link":"https:\/\/boreait.com\/hu\/termek\/dell-latitude-e5480-5480-e5490-5490-lcd-hatlap-felso-fedel-0n92jc-n92jc\/","title":{"rendered":"Dell Latitude E5480 5480 E5490 5490 LCD h\u00e1tlap fels\u0151 fed\u00e9l 0N92JC N92JC"},"content":{"rendered":"<p>A\u00a0 Dell Latitude E5480\/E5490 LCD h\u00e1tlap fels\u0151 fedele ide\u00e1lis megold\u00e1s a Dell Latitude E5480 vagy E5490 laptop s\u00e9r\u00fclt vagy elhaszn\u00e1l\u00f3dott fels\u0151 fedel\u00e9nek cser\u00e9j\u00e9re. Ezt a 0N92JC vagy N92JC cikksz\u00e1m\u00fa p\u00f3talkatr\u00e9szt kifejezetten \u00fagy tervezt\u00e9k, hogy megfeleljen laptopja eredeti specifik\u00e1ci\u00f3inak, t\u00f6k\u00e9letes illeszked\u00e9st \u00e9s z\u00f6kken\u0151mentes integr\u00e1ci\u00f3t biztos\u00edtva.<\/p>\n<p>A kiv\u00e1l\u00f3 min\u0151s\u00e9g\u0171 anyagokb\u00f3l k\u00e9sz\u00fclt fels\u0151 fed\u00e9l kiv\u00e1l\u00f3 tart\u00f3ss\u00e1got \u00e9s v\u00e9delmet biztos\u00edt laptopja LCD-k\u00e9perny\u0151j\u00e9nek. \u00dagy tervezt\u00e9k, hogy ellen\u00e1lljon a napi haszn\u00e1latnak, \u00e9s megb\u00edzhat\u00f3 v\u00e9delmet ny\u00fajt a karcol\u00e1sokkal, karcol\u00e1sokkal \u00e9s egy\u00e9b kisebb s\u00e9r\u00fcl\u00e9sekkel szemben. Eleg\u00e1ns \u00e9s professzion\u00e1lis kialak\u00edt\u00e1s\u00e1val a fels\u0151 fed\u00e9l jav\u00edtja laptopja \u00e1ltal\u00e1nos megjelen\u00e9s\u00e9t, friss \u00e9s csiszolt megjelen\u00e9st k\u00f6lcs\u00f6n\u00f6zve annak.<\/p>\n<p>A fels\u0151 fed\u00e9l cser\u00e9je egyszer\u0171 folyamat, amely alapvet\u0151 m\u0171szaki ismereteket ig\u00e9nyel. Egyszer\u0171en t\u00e1vol\u00edtsa el a r\u00e9gi fels\u0151 fedelet a laptopj\u00e1r\u00f3l, \u00e9s helyezze a hely\u00e9re a Dell Latitude E5480\/E5490 LCD h\u00e1tlap fels\u0151 fedel\u00e9t. A cserealkatr\u00e9szt prec\u00edzen tervezt\u00e9k, biztos\u00edtva a biztons\u00e1gos \u00e9s pontos illeszked\u00e9st. A r\u00e9szletes utas\u00edt\u00e1sok a felhaszn\u00e1l\u00f3i k\u00e9zik\u00f6nyvben vagy az online forr\u00e1sokban tal\u00e1lhat\u00f3k.<\/p>\n<p>Ha a Dell Latitude E5480\/E5490 LCD h\u00e1tlap fels\u0151 fedel\u00e9t v\u00e1lasztja, b\u00edzhat abban, hogy kiv\u00e1l\u00f3 min\u0151s\u00e9g\u0171 cserealkatr\u00e9szt kap, amely megfelel a Dell szigor\u00fa szabv\u00e1nyainak. A Dell a min\u0151s\u00e9g \u00e9s a megb\u00edzhat\u00f3s\u00e1g ir\u00e1nti elk\u00f6telezetts\u00e9g\u00e9r\u0151l ismert, \u00e9s ez a csere fels\u0151 fed\u00e9l sem kiv\u00e9tel. Alapos tesztel\u00e9sen esik \u00e1t az optim\u00e1lis teljes\u00edtm\u00e9ny \u00e9s tart\u00f3ss\u00e1g biztos\u00edt\u00e1sa \u00e9rdek\u00e9ben.<\/p>\n<p>Friss\u00edtse Dell Latitude E5480 vagy E5490 laptopj\u00e1t a Dell Latitude E5480\/E5490 LCD h\u00e1tlap fels\u0151 fedel\u00e9vel. \u00c9lvezze a friss\u00edtett \u00e9s professzion\u00e1lis megjelen\u00e9st, valamint laptopja LCD-k\u00e9perny\u0151j\u00e9nek megb\u00edzhat\u00f3 v\u00e9delm\u00e9t. T\u00f6k\u00e9letes illeszked\u00e9s\u00e9vel, tart\u00f3ss\u00e1g\u00e1val \u00e9s eleg\u00e1ns kialak\u00edt\u00e1s\u00e1val ez a csere fels\u0151 fed\u00e9l kiv\u00e1l\u00f3 v\u00e1laszt\u00e1s laptopja \u00e1ltal\u00e1nos megjelen\u00e9s\u00e9nek \u00e9s funkcionalit\u00e1s\u00e1nak jav\u00edt\u00e1s\u00e1ra.<\/p>\n","protected":false},"excerpt":{"rendered":"<p>Friss\u00edtse Dell Latitude E5480 vagy E5490 laptopj\u00e1t a Dell Latitude E5480\/E5490 LCD h\u00e1tlap fels\u0151 fedel\u00e9vel. Ezt a kiv\u00e1l\u00f3 min\u0151s\u00e9g\u0171 cserealkatr\u00e9szt 0N92JC vagy N92JC cikksz\u00e1mmal \u00fagy tervezt\u00e9k, hogy t\u00f6k\u00e9letesen illeszkedjen laptopj\u00e1hoz, visszaadva annak eleg\u00e1ns \u00e9s professzion\u00e1lis megjelen\u00e9s\u00e9t. Ezzel a tart\u00f3s \u00e9s megb\u00edzhat\u00f3 fels\u0151 fed\u00e9llel jav\u00edthatja az \u00e1ltal\u00e1nos megjelen\u00e9st \u00e9s v\u00e9dheti laptopja LCD-k\u00e9perny\u0151j\u00e9t.<\/p>\n","protected":false},"featured_media":829,"template":"","meta":[],"product_brand":[],"product_cat":[16],"product_tag":[17],"class_list":{"0":"post-763","1":"product","2":"type-product","3":"status-publish","4":"has-post-thumbnail","6":"product_cat-laptop-housing","7":"product_tag-dell","9":"first","10":"instock","11":"taxable","12":"shipping-taxable","13":"purchasable","14":"product-type-simple"},"_links":{"self":[{"href":"https:\/\/boreait.com\/hu\/wp-json\/wp\/v2\/product\/763","targetHints":{"allow":["GET"]}}],"collection":[{"href":"https:\/\/boreait.com\/hu\/wp-json\/wp\/v2\/product"}],"about":[{"href":"https:\/\/boreait.com\/hu\/wp-json\/wp\/v2\/types\/product"}],"wp:featuredmedia":[{"embeddable":true,"href":"https:\/\/boreait.com\/hu\/wp-json\/wp\/v2\/media\/829"}],"wp:attachment":[{"href":"https:\/\/boreait.com\/hu\/wp-json\/wp\/v2\/media?parent=763"}],"wp:term":[{"taxonomy":"product_brand","embeddable":true,"href":"https:\/\/boreait.com\/hu\/wp-json\/wp\/v2\/product_brand?post=763"},{"taxonomy":"product_cat","embeddable":true,"href":"https:\/\/boreait.com\/hu\/wp-json\/wp\/v2\/product_cat?post=763"},{"taxonomy":"product_tag","embeddable":true,"href":"https:\/\/boreait.com\/hu\/wp-json\/wp\/v2\/product_tag?post=763"}],"curies":[{"name":"wp","href":"https:\/\/api.w.org\/{rel}","templated":true}]}}