{"id":761,"date":"2025-09-17T09:31:44","date_gmt":"2025-09-17T07:31:44","guid":{"rendered":"https:\/\/boreait.com\/hu\/?post_type=product&#038;p=761"},"modified":"2025-09-17T09:32:58","modified_gmt":"2025-09-17T07:32:58","slug":"tmrm74dam22gg-amd-turion-x2-rm-74-22-ghz-es-cpu-processzor","status":"publish","type":"product","link":"https:\/\/boreait.com\/hu\/termek\/tmrm74dam22gg-amd-turion-x2-rm-74-22-ghz-es-cpu-processzor\/","title":{"rendered":"TMRM74DAM22GG AMD Turion X2 RM-74 2,2 GHz-es CPU processzor"},"content":{"rendered":"<p>A TMRM74DAM22GG AMD Turion X2 RM-74 CPU processzor kiv\u00e1l\u00f3 v\u00e1laszt\u00e1s rendszere teljes\u00edtm\u00e9ny\u00e9nek n\u00f6vel\u00e9s\u00e9re. A k\u00e9tmagos konfigur\u00e1ci\u00f3val \u00e9s 2,2 GHz-es \u00f3rajellel tervezve hat\u00e9kony feldolgoz\u00e1si teljes\u00edtm\u00e9nyt biztos\u00edt sz\u00e1mos feladathoz. Ak\u00e1r irodai alkalmaz\u00e1sokkal dolgozik, ak\u00e1r az interneten b\u00f6ng\u00e9szik, ak\u00e1r multim\u00e9di\u00e1s tartalmakat \u00e9lvez, ez a processzor z\u00f6kken\u0151mentes \u00e9s \u00e9rz\u00e9keny teljes\u00edtm\u00e9nyt biztos\u00edt.<\/p>\n<p>K\u00e9tmagos architekt\u00far\u00e1j\u00e1val a TMRM74DAM22GG processzor hat\u00e9kony t\u00f6bbfeladatos munkav\u00e9gz\u00e9st tesz lehet\u0151v\u00e9. Z\u00f6kken\u0151mentesen futtathat t\u00f6bb programot egyidej\u0171leg an\u00e9lk\u00fcl, hogy lassul\u00e1st vagy teljes\u00edtm\u00e9nyprobl\u00e9m\u00e1kat tapasztalna. Ez k\u00fcl\u00f6n\u00f6sen el\u0151ny\u00f6s a t\u00f6bbfeladatos k\u00e9pess\u00e9get ig\u00e9nyl\u0151 felhaszn\u00e1l\u00f3k sz\u00e1m\u00e1ra, p\u00e9ld\u00e1ul az ig\u00e9nyes alkalmaz\u00e1sokkal dolgoz\u00f3 szakemberek vagy a j\u00e1t\u00e9kot \u00e9s a multim\u00e9di\u00e1s tartalmakat kedvel\u0151 egy\u00e9nek sz\u00e1m\u00e1ra.<\/p>\n<p>A TMRM74DAM22GG processzor sz\u00e1mos rendszerrel kompatibilis, \u00e9s k\u00f6nnyen telep\u00edthet\u0151 a megl\u00e9v\u0151 be\u00e1ll\u00edt\u00e1sok friss\u00edt\u00e9s\u00e9hez. Ak\u00e1r \u00faj rendszert \u00e9p\u00edt, ak\u00e1r a jelenlegi teljes\u00edtm\u00e9ny\u00e9t szeretn\u00e9 jav\u00edtani, ez a processzor megb\u00edzhat\u00f3 \u00e9s k\u00f6lts\u00e9ghat\u00e9kony megold\u00e1st k\u00edn\u00e1l.<\/p>\n<p>A teljes\u00edtm\u00e9nye mellett a TMRM74DAM22GG processzort az energiahat\u00e9konys\u00e1g szem el\u0151tt tart\u00e1s\u00e1val tervezt\u00e9k. Kiegyens\u00falyozza a teljes\u00edtm\u00e9nyt \u00e9s az energiafogyaszt\u00e1st, optimaliz\u00e1lt energiafelhaszn\u00e1l\u00e1st biztos\u00edtva an\u00e9lk\u00fcl, hogy kompromisszumot k\u00f6tne a sebess\u00e9gben \u00e9s a reakci\u00f3k\u00e9szs\u00e9gben. Ez lehet\u0151v\u00e9 teszi, hogy \u00e9lvezze a mobileszk\u00f6z\u00f6k hosszabb akkumul\u00e1tor-\u00e9lettartam\u00e1t, vagy cs\u00f6kkentse az asztali rendszerek \u00e1ltal\u00e1nos energiafogyaszt\u00e1s\u00e1t.<\/p>\n<p>N\u00f6velje rendszere teljes\u00edtm\u00e9ny\u00e9t a TMRM74DAM22GG AMD Turion X2 RM-74 CPU processzorral. Tapasztalja meg a tov\u00e1bbfejlesztett t\u00f6bbfeladatos munkav\u00e9gz\u00e9st, a g\u00f6rd\u00fcl\u00e9keny m\u0171k\u00f6d\u00e9st \u00e9s a sz\u00e1m\u00edt\u00e1stechnikai feladatok fokozott hat\u00e9konys\u00e1g\u00e1t. Legyen sz\u00f3 professzion\u00e1lis, tanul\u00f3 vagy alkalmi felhaszn\u00e1l\u00f3r\u00f3l, ez a processzor biztos\u00edtja a z\u00f6kken\u0151mentes sz\u00e1m\u00edt\u00e1stechnikai \u00e9lm\u00e9nyhez sz\u00fcks\u00e9ges teljes\u00edtm\u00e9nyt \u00e9s teljes\u00edtm\u00e9nyt.<\/p>\n","protected":false},"excerpt":{"rendered":"<p>N\u00f6velje rendszere teljes\u00edtm\u00e9ny\u00e9t a TMRM74DAM22GG AMD Turion X2 RM-74 CPU processzorral. Ez a k\u00e9tmagos processzor 2,2 GHz-es \u00f3rajellel rendelkezik, amely hat\u00e9kony \u00e9s megb\u00edzhat\u00f3 teljes\u00edtm\u00e9nyt ny\u00fajt az \u00d6n sz\u00e1m\u00edt\u00e1stechnikai ig\u00e9nyeinek. Fokozza multitasking k\u00e9pess\u00e9geit, \u00e9s \u00e9lvezze a z\u00f6kken\u0151mentes m\u0171k\u00f6d\u00e9st ezzel a nagy teljes\u00edtm\u00e9ny\u0171 processzorral.<\/p>\n","protected":false},"featured_media":822,"template":"","meta":[],"product_brand":[],"product_cat":[39],"product_tag":[],"class_list":{"0":"post-761","1":"product","2":"type-product","3":"status-publish","4":"has-post-thumbnail","6":"product_cat-processors-cpu","8":"first","9":"instock","10":"taxable","11":"shipping-taxable","12":"purchasable","13":"product-type-simple"},"_links":{"self":[{"href":"https:\/\/boreait.com\/hu\/wp-json\/wp\/v2\/product\/761","targetHints":{"allow":["GET"]}}],"collection":[{"href":"https:\/\/boreait.com\/hu\/wp-json\/wp\/v2\/product"}],"about":[{"href":"https:\/\/boreait.com\/hu\/wp-json\/wp\/v2\/types\/product"}],"wp:featuredmedia":[{"embeddable":true,"href":"https:\/\/boreait.com\/hu\/wp-json\/wp\/v2\/media\/822"}],"wp:attachment":[{"href":"https:\/\/boreait.com\/hu\/wp-json\/wp\/v2\/media?parent=761"}],"wp:term":[{"taxonomy":"product_brand","embeddable":true,"href":"https:\/\/boreait.com\/hu\/wp-json\/wp\/v2\/product_brand?post=761"},{"taxonomy":"product_cat","embeddable":true,"href":"https:\/\/boreait.com\/hu\/wp-json\/wp\/v2\/product_cat?post=761"},{"taxonomy":"product_tag","embeddable":true,"href":"https:\/\/boreait.com\/hu\/wp-json\/wp\/v2\/product_tag?post=761"}],"curies":[{"name":"wp","href":"https:\/\/api.w.org\/{rel}","templated":true}]}}