{"id":7601,"date":"2025-09-17T11:52:39","date_gmt":"2025-09-17T09:52:39","guid":{"rendered":"https:\/\/boreait.com\/hu\/?post_type=product&#038;p=7601"},"modified":"2025-09-17T11:53:30","modified_gmt":"2025-09-17T09:53:30","slug":"hp-huawei-mu736-hspa-3g-wwan-modul-822828-001-eredeti-laptop-cellas-modem","status":"publish","type":"product","link":"https:\/\/boreait.com\/hu\/termek\/hp-huawei-mu736-hspa-3g-wwan-modul-822828-001-eredeti-laptop-cellas-modem\/","title":{"rendered":"HP Huawei MU736 HSPA 3G WWAN Modul 822828-001 \u2013 Eredeti laptop cell\u00e1s modem"},"content":{"rendered":"<p>B\u0151v\u00edtse laptopja csatlakoztathat\u00f3s\u00e1g\u00e1t a 822828-001 cikksz\u00e1m\u00fa HP Huawei MU736 HSPA 3G WWAN modullal. A megb\u00edzhat\u00f3 mobilinternet-hozz\u00e1f\u00e9r\u00e9shez k\u00e9sz\u00fclt, eredeti HP mobilmodem gyors \u00e9s stabil kapcsolatot biztos\u00edt, \u00edgy \u00fatk\u00f6zben is csatlakozhat.<\/p>\n<p><strong>F\u0151bb jellemz\u0151k:<\/strong><\/p>\n<p><strong>Mobil internet-el\u00e9r\u00e9s:<\/strong> a HSPA 3G technol\u00f3gi\u00e1val ez a WWAN-modul lehet\u0151v\u00e9 teszi az internet el\u00e9r\u00e9s\u00e9t laptopj\u00e1n b\u00e1rhol, ahol mobiljel el\u00e9rhet\u0151, \u00edgy k\u00e9nyelmet \u00e9s rugalmass\u00e1got biztos\u00edt.<\/p>\n<p><strong>Megb\u00edzhat\u00f3 kapcsolat:<\/strong> A Huawei elismert megb\u00edzhat\u00f3s\u00e1g\u00e1val \u00e9s min\u0151s\u00e9g\u00e9vel \u00e9p\u00edtett WWAN-modul folyamatos \u00e9s stabil internetkapcsolatot biztos\u00edt, \u00e9s m\u00e9g gyenge jel\u0171 ter\u00fcleteken is kapcsolatban marad.<\/p>\n<p><strong>Egyszer\u0171 telep\u00edt\u00e9s:<\/strong> A plug-and-play kompatibilit\u00e1sra tervezve ennek a WWAN-modulnak a telep\u00edt\u00e9se gyors \u00e9s egyszer\u0171, lehet\u0151v\u00e9 t\u00e9ve a laptop csatlakoztathat\u00f3s\u00e1g\u00e1nak egyszer\u0171 b\u0151v\u00edt\u00e9s\u00e9t.<\/p>\n<p><strong>Kompatibilit\u00e1s:<\/strong> Ez a modul kompatibilis bizonyos HP laptopokkal, bele\u00e9rtve a WWAN-k\u00e9pes modelleket is, \u00e9s az optim\u00e1lis teljes\u00edtm\u00e9ny \u00e9rdek\u00e9ben z\u00f6kken\u0151mentesen integr\u00e1l\u00f3dik a laptop hardver\u00e9vel.<\/p>\n<p>Magabiztosan b\u0151v\u00edtheti laptopja csatlakoztathat\u00f3s\u00e1g\u00e1t \u2013 rendelje meg HP Huawei MU736 HSPA 3G WWAN modulj\u00e1t a Siggm\u00f3t\u00f3l m\u00e9g ma. Val\u00f3di fot\u00f3kat adunk a kapott modulr\u00f3l, \u00e9s a min\u0151s\u00e9g ir\u00e1nti elk\u00f6telezetts\u00e9g\u00fcnk biztos\u00edtja, hogy minden v\u00e1s\u00e1rl\u00e1skor el\u00e9gedett legyen.<\/p>\n<p><strong>Megjegyz\u00e9s:<\/strong> B\u00e1r nem adunk r\u00e9szletes telep\u00edt\u00e9si utas\u00edt\u00e1sokat, \u00fcgyf\u00e9lszolg\u00e1lati csapatunk k\u00e9szs\u00e9ggel \u00e1ll rendelkez\u00e9s\u00e9re, hogy seg\u00edtsen b\u00e1rmilyen k\u00e9rd\u00e9se vagy agg\u00e1lya eset\u00e9n. B\u00edzzon a Siggm\u00f3ban az eredeti HP mobil modemekben, \u00e9s jav\u00edtsa laptopja csatlakoz\u00e1si lehet\u0151s\u00e9geit.<\/p>\n","protected":false},"excerpt":{"rendered":"<p>Fokozza laptopja csatlakoztathat\u00f3s\u00e1g\u00e1t a HP Huawei MU736 HSPA 3G WWAN modullal. A megb\u00edzhat\u00f3 mobilinternet-hozz\u00e1f\u00e9r\u00e9shez tervezett eredeti HP mobilmodem gyors \u00e9s stabil kapcsolatot biztos\u00edt. B\u00edzzon a Siggm\u00f3ban a min\u0151s\u00e9gi laptop alkatr\u00e9szek\u00e9rt.<\/p>\n","protected":false},"featured_media":7666,"template":"","meta":[],"product_brand":[],"product_cat":[27],"product_tag":[],"class_list":{"0":"post-7601","1":"product","2":"type-product","3":"status-publish","4":"has-post-thumbnail","6":"product_cat-motherboards-board-parts","8":"first","9":"instock","10":"taxable","11":"shipping-taxable","12":"purchasable","13":"product-type-simple"},"_links":{"self":[{"href":"https:\/\/boreait.com\/hu\/wp-json\/wp\/v2\/product\/7601","targetHints":{"allow":["GET"]}}],"collection":[{"href":"https:\/\/boreait.com\/hu\/wp-json\/wp\/v2\/product"}],"about":[{"href":"https:\/\/boreait.com\/hu\/wp-json\/wp\/v2\/types\/product"}],"wp:featuredmedia":[{"embeddable":true,"href":"https:\/\/boreait.com\/hu\/wp-json\/wp\/v2\/media\/7666"}],"wp:attachment":[{"href":"https:\/\/boreait.com\/hu\/wp-json\/wp\/v2\/media?parent=7601"}],"wp:term":[{"taxonomy":"product_brand","embeddable":true,"href":"https:\/\/boreait.com\/hu\/wp-json\/wp\/v2\/product_brand?post=7601"},{"taxonomy":"product_cat","embeddable":true,"href":"https:\/\/boreait.com\/hu\/wp-json\/wp\/v2\/product_cat?post=7601"},{"taxonomy":"product_tag","embeddable":true,"href":"https:\/\/boreait.com\/hu\/wp-json\/wp\/v2\/product_tag?post=7601"}],"curies":[{"name":"wp","href":"https:\/\/api.w.org\/{rel}","templated":true}]}}