{"id":7599,"date":"2025-09-17T11:52:39","date_gmt":"2025-09-17T09:52:39","guid":{"rendered":"https:\/\/boreait.com\/hu\/?post_type=product&#038;p=7599"},"modified":"2025-09-17T11:53:28","modified_gmt":"2025-09-17T09:53:28","slug":"hp-elitebook-840-g3-usb-vga-alaplap-es-kabel-6050a2835701-eredeti-csere","status":"publish","type":"product","link":"https:\/\/boreait.com\/hu\/termek\/hp-elitebook-840-g3-usb-vga-alaplap-es-kabel-6050a2835701-eredeti-csere\/","title":{"rendered":"HP EliteBook 840 G3 USB VGA alaplap \u00e9s k\u00e1bel 6050A2835701 \u2013 Eredeti csere"},"content":{"rendered":"<p>Fokozza HP EliteBook 840 G3 csatlakoztathat\u00f3s\u00e1g\u00e1t az eredeti USB VGA k\u00e1rty\u00e1val \u00e9s k\u00e1bellel, cikksz\u00e1m: 6050A2835701. A kompatibilit\u00e1sra \u00e9s a tart\u00f3ss\u00e1gra tervezett k\u00e1rtya \u00e9s k\u00e1bel kombin\u00e1ci\u00f3 z\u00f6kken\u0151mentes integr\u00e1ci\u00f3t \u00e9s megb\u00edzhat\u00f3 csatlakoz\u00e1st biztos\u00edt laptopja USB- \u00e9s VGA-portjaihoz.<\/p>\n<p><strong>F\u0151bb jellemz\u0151k:<\/strong><\/p>\n<p><strong>Eredeti HP csere:<\/strong> Ez az USB VGA k\u00e1rtya \u00e9s k\u00e1bel hiteles HP alkatr\u00e9szek, amelyek kompatibilit\u00e1st \u00e9s optim\u00e1lis teljes\u00edtm\u00e9nyt biztos\u00edtanak EliteBook 840 G3-hoz.<\/p>\n<p><strong>Tov\u00e1bbfejlesztett csatlakoztathat\u00f3s\u00e1g:<\/strong> B\u0151v\u00edtse laptopja csatlakoz\u00e1si lehet\u0151s\u00e9geit ezzel a k\u00e1rty\u00e1val \u00e9s k\u00e1bellel, \u00e9s tov\u00e1bbi USB- \u00e9s VGA-portokat biztos\u00edt a k\u00fcls\u0151 eszk\u00f6z\u00f6k \u00e9s kijelz\u0151k csatlakoztat\u00e1s\u00e1hoz.<\/p>\n<p><strong>Tart\u00f3s konstrukci\u00f3:<\/strong> A HP magas min\u0151s\u00e9gi \u00e9s megb\u00edzhat\u00f3s\u00e1gi k\u00f6vetelm\u00e9nyeinek megfelel\u0151en \u00e9p\u00edtett t\u00e1bla \u00e9s k\u00e1bel kombin\u00e1ci\u00f3t \u00fagy tervezt\u00e9k, hogy ellen\u00e1lljon a napi haszn\u00e1latnak, \u00e9s hosszan tart\u00f3 teljes\u00edtm\u00e9nyt ny\u00fajtson.<\/p>\n<p><strong>Egyszer\u0171 telep\u00edt\u00e9s:<\/strong> Plug-and-play kialak\u00edt\u00e1s\u00e1nak k\u00f6sz\u00f6nhet\u0151en az USB VGA k\u00e1rtya \u00e9s k\u00e1bel telep\u00edt\u00e9se gyors \u00e9s egyszer\u0171, lehet\u0151v\u00e9 t\u00e9ve a laptop csatlakoztathat\u00f3s\u00e1g\u00e1nak egyszer\u0171 b\u0151v\u00edt\u00e9s\u00e9t.<\/p>\n<p>Friss\u00edtse HP EliteBook 840 G3 k\u00e9sz\u00fcl\u00e9k\u00e9t bizalommal \u2013 rendelje meg eredeti USB VGA k\u00e1rty\u00e1j\u00e1t \u00e9s k\u00e1bel\u00e9t m\u00e9g ma a Siggm\u00f3t\u00f3l. Val\u00f3di f\u00e9nyk\u00e9peket adunk a pontos t\u00e1bl\u00e1r\u00f3l \u00e9s k\u00e1belr\u0151l, amelyet kap, \u00e9s a min\u0151s\u00e9g ir\u00e1nti elk\u00f6telezetts\u00e9g\u00fcnk biztos\u00edtja, hogy minden v\u00e1s\u00e1rl\u00e1skor el\u00e9gedett legyen.<\/p>\n<p><strong>Megjegyz\u00e9s:<\/strong> B\u00e1r nem adunk r\u00e9szletes telep\u00edt\u00e9si utas\u00edt\u00e1sokat, \u00fcgyf\u00e9lszolg\u00e1lati csapatunk k\u00e9szs\u00e9ggel \u00e1ll rendelkez\u00e9s\u00e9re, hogy seg\u00edtsen b\u00e1rmilyen k\u00e9rd\u00e9se vagy agg\u00e1lya eset\u00e9n. B\u00edzzon a Siggm\u00f3ban az eredeti HP laptop alkatr\u00e9szek\u00e9rt, \u00e9s jav\u00edtsa EliteBook 840 G3 csatlakoztathat\u00f3s\u00e1g\u00e1t.<\/p>\n","protected":false},"excerpt":{"rendered":"<p>Friss\u00edtse HP EliteBook 840 G3 k\u00e9sz\u00fcl\u00e9k\u00e9t az eredeti USB VGA k\u00e1rty\u00e1val \u00e9s k\u00e1bellel. A kompatibilit\u00e1s \u00e9s a megb\u00edzhat\u00f3s\u00e1g jegy\u00e9ben ez az alaplap z\u00f6kken\u0151mentes csatlakoz\u00e1st biztos\u00edt laptopj\u00e1hoz. B\u00edzzon a Siggm\u00f3ban a min\u0151s\u00e9gi laptop alkatr\u00e9szek\u00e9rt.<\/p>\n","protected":false},"featured_media":7664,"template":"","meta":[],"product_brand":[],"product_cat":[27],"product_tag":[25],"class_list":{"0":"post-7599","1":"product","2":"type-product","3":"status-publish","4":"has-post-thumbnail","6":"product_cat-motherboards-board-parts","7":"product_tag-hp","9":"first","10":"instock","11":"taxable","12":"shipping-taxable","13":"purchasable","14":"product-type-simple"},"_links":{"self":[{"href":"https:\/\/boreait.com\/hu\/wp-json\/wp\/v2\/product\/7599","targetHints":{"allow":["GET"]}}],"collection":[{"href":"https:\/\/boreait.com\/hu\/wp-json\/wp\/v2\/product"}],"about":[{"href":"https:\/\/boreait.com\/hu\/wp-json\/wp\/v2\/types\/product"}],"wp:featuredmedia":[{"embeddable":true,"href":"https:\/\/boreait.com\/hu\/wp-json\/wp\/v2\/media\/7664"}],"wp:attachment":[{"href":"https:\/\/boreait.com\/hu\/wp-json\/wp\/v2\/media?parent=7599"}],"wp:term":[{"taxonomy":"product_brand","embeddable":true,"href":"https:\/\/boreait.com\/hu\/wp-json\/wp\/v2\/product_brand?post=7599"},{"taxonomy":"product_cat","embeddable":true,"href":"https:\/\/boreait.com\/hu\/wp-json\/wp\/v2\/product_cat?post=7599"},{"taxonomy":"product_tag","embeddable":true,"href":"https:\/\/boreait.com\/hu\/wp-json\/wp\/v2\/product_tag?post=7599"}],"curies":[{"name":"wp","href":"https:\/\/api.w.org\/{rel}","templated":true}]}}