{"id":7597,"date":"2025-09-17T11:52:39","date_gmt":"2025-09-17T09:52:39","guid":{"rendered":"https:\/\/boreait.com\/hu\/?post_type=product&#038;p=7597"},"modified":"2025-09-17T11:53:23","modified_gmt":"2025-09-17T09:53:23","slug":"csere-hattervilagitasu-billentyuzet-hp-zbook-15-g3-zbook-17-g3-15u-g3-laptophoz-eredeti-oem","status":"publish","type":"product","link":"https:\/\/boreait.com\/hu\/termek\/csere-hattervilagitasu-billentyuzet-hp-zbook-15-g3-zbook-17-g3-15u-g3-laptophoz-eredeti-oem\/","title":{"rendered":"Csere h\u00e1tt\u00e9rvil\u00e1g\u00edt\u00e1s\u00fa billenty\u0171zet HP ZBOOK 15 G3 ZBOOK 17 G3 15U G3 laptophoz \u2013 Eredeti OEM"},"content":{"rendered":"<p>Fokozza a g\u00e9pel\u00e9si \u00e9lm\u00e9nyt a HP ZBOOK 15 G3, ZBOOK 17 G3 \u00e9s 15U G3 laptopokhoz k\u00e9sz\u00fclt eredeti OEM csere-h\u00e1tt\u00e9rvil\u00e1g\u00edt\u00e1s\u00fa billenty\u0171zettel. A kompatibilit\u00e1sra \u00e9s a tart\u00f3ss\u00e1gra tervezett billenty\u0171zet h\u00e1tt\u00e9rvil\u00e1g\u00edt\u00e1ssal rendelkezik a jobb l\u00e1that\u00f3s\u00e1g \u00e9rdek\u00e9ben gyenge megvil\u00e1g\u00edt\u00e1s\u00fa k\u00f6rnyezetben, k\u00e9nyelmes \u00e9s hat\u00e9kony g\u00e9pel\u00e9st biztos\u00edtva \u00e9jjel-nappal.<\/p>\n<p><strong>F\u0151bb jellemz\u0151k:<\/strong><\/p>\n<p><strong>Elrendez\u00e9s:<\/strong> skandin\u00e1v \u2013 m\u00e1s nyelvekkel\/orsz\u00e1gokkal is kompatibilis.<\/p>\n<p><strong>Eredeti HP csere:<\/strong> Ez a h\u00e1tt\u00e9rvil\u00e1g\u00edt\u00e1s\u00fa billenty\u0171zet a HP eredeti OEM alkatr\u00e9sze, amely kompatibilit\u00e1st \u00e9s optim\u00e1lis teljes\u00edtm\u00e9nyt biztos\u00edt ZBOOK 15 G3, ZBOOK 17 G3 vagy 15U G3 laptopj\u00e1hoz.<\/p>\n<p><strong>H\u00e1tt\u00e9rvil\u00e1g\u00edt\u00e1s\u00fa kialak\u00edt\u00e1s:<\/strong> Az \u00e1ll\u00edthat\u00f3 h\u00e1tt\u00e9rvil\u00e1g\u00edt\u00e1ssal ez a billenty\u0171zet jobb l\u00e1that\u00f3s\u00e1got biztos\u00edt gyeng\u00e9n megvil\u00e1g\u00edtott vagy s\u00f6t\u00e9t k\u00f6rnyezetben, \u00edgy m\u00e9g gyenge f\u00e9nyviszonyok mellett is k\u00f6nnyed\u00e9n g\u00e9pelhet.<\/p>\n<p><strong>K\u00e9nyelmes g\u00e9pel\u00e9s:<\/strong> Ez a standard elrendez\u00e9s\u0171 \u00e9s tapinthat\u00f3 billenty\u0171kkel rendelkez\u0151 billenty\u0171zet k\u00e9nyelmes \u00e9s \u00e9rz\u00e9keny g\u00e9pel\u00e9st tesz lehet\u0151v\u00e9 a hossz\u00fa haszn\u00e1lat sor\u00e1n, n\u00f6veli a termel\u00e9kenys\u00e9get \u00e9s cs\u00f6kkenti a f\u00e1radts\u00e1got.<\/p>\n<p><strong>Egyszer\u0171 telep\u00edt\u00e9s:<\/strong> Az egyszer\u0171 telep\u00edt\u00e9sre tervezt\u00e9k, a billenty\u0171zet cser\u00e9je gyors \u00e9s probl\u00e9mamentes, \u00edgy k\u00f6nnyed\u00e9n vissza\u00e1ll\u00edthatja laptopja m\u0171k\u00f6d\u00e9s\u00e9t.<\/p>\n<p>Friss\u00edtse HP ZBOOK laptopj\u00e1t magabiztosan \u2013 rendelje meg eredeti OEM csere, h\u00e1tt\u00e9rvil\u00e1g\u00edt\u00e1s\u00fa billenty\u0171zet\u00e9t m\u00e9g ma a Siggm\u00f3t\u00f3l. Val\u00f3di fot\u00f3kat adunk a pontos billenty\u0171zetr\u0151l, amelyet kap, \u00e9s a min\u0151s\u00e9g ir\u00e1nti elk\u00f6telezetts\u00e9g\u00fcnk biztos\u00edtja, hogy minden v\u00e1s\u00e1rl\u00e1skor el\u00e9gedett legyen.<\/p>\n<p><strong>Megjegyz\u00e9s:<\/strong> B\u00e1r nem adunk r\u00e9szletes telep\u00edt\u00e9si utas\u00edt\u00e1sokat, \u00fcgyf\u00e9lszolg\u00e1lati csapatunk k\u00e9szs\u00e9ggel \u00e1ll rendelkez\u00e9s\u00e9re, hogy seg\u00edtsen b\u00e1rmilyen k\u00e9rd\u00e9se vagy agg\u00e1lya eset\u00e9n. B\u00edzzon a Siggm\u00f3ban az eredeti HP laptop-alkatr\u00e9szek\u00e9rt, \u00e9s fokozza a g\u00e9pel\u00e9si \u00e9lm\u00e9nyt ZBOOK laptopj\u00e1val.<\/p>\n","protected":false},"excerpt":{"rendered":"<p>Friss\u00edtse HP ZBOOK 15 G3, ZBOOK 17 G3 vagy 15U G3 laptopj\u00e1t ezzel az eredeti, h\u00e1tt\u00e9rvil\u00e1g\u00edt\u00e1s\u00fa billenty\u0171zetcser\u00e9vel. A kompatibilit\u00e1s \u00e9s a tart\u00f3ss\u00e1g jegy\u00e9ben k\u00e9sz\u00fclt billenty\u0171zet k\u00e9nyelmes \u00e9s hat\u00e9kony g\u00e9pel\u00e9st biztos\u00edt b\u00e1rmilyen f\u00e9nyviszonyok k\u00f6z\u00f6tt. B\u00edzzon a Siggm\u00f3ban a min\u0151s\u00e9gi laptop alkatr\u00e9szek\u00e9rt.<\/p>\n","protected":false},"featured_media":7654,"template":"","meta":[],"product_brand":[],"product_cat":[35],"product_tag":[25],"class_list":{"0":"post-7597","1":"product","2":"type-product","3":"status-publish","4":"has-post-thumbnail","6":"product_cat-laptop-keyboard","7":"product_tag-hp","9":"first","10":"instock","11":"taxable","12":"shipping-taxable","13":"purchasable","14":"product-type-simple"},"_links":{"self":[{"href":"https:\/\/boreait.com\/hu\/wp-json\/wp\/v2\/product\/7597","targetHints":{"allow":["GET"]}}],"collection":[{"href":"https:\/\/boreait.com\/hu\/wp-json\/wp\/v2\/product"}],"about":[{"href":"https:\/\/boreait.com\/hu\/wp-json\/wp\/v2\/types\/product"}],"wp:featuredmedia":[{"embeddable":true,"href":"https:\/\/boreait.com\/hu\/wp-json\/wp\/v2\/media\/7654"}],"wp:attachment":[{"href":"https:\/\/boreait.com\/hu\/wp-json\/wp\/v2\/media?parent=7597"}],"wp:term":[{"taxonomy":"product_brand","embeddable":true,"href":"https:\/\/boreait.com\/hu\/wp-json\/wp\/v2\/product_brand?post=7597"},{"taxonomy":"product_cat","embeddable":true,"href":"https:\/\/boreait.com\/hu\/wp-json\/wp\/v2\/product_cat?post=7597"},{"taxonomy":"product_tag","embeddable":true,"href":"https:\/\/boreait.com\/hu\/wp-json\/wp\/v2\/product_tag?post=7597"}],"curies":[{"name":"wp","href":"https:\/\/api.w.org\/{rel}","templated":true}]}}