{"id":7540,"date":"2025-09-17T11:51:51","date_gmt":"2025-09-17T09:51:51","guid":{"rendered":"https:\/\/boreait.com\/hu\/?post_type=product&#038;p=7540"},"modified":"2025-09-17T11:52:33","modified_gmt":"2025-09-17T09:52:33","slug":"yoga-s1-su8e-12h02au-01x-lcd-erintokepernyos-kijelzo-egyseg-eredeti-csere","status":"publish","type":"product","link":"https:\/\/boreait.com\/hu\/termek\/yoga-s1-su8e-12h02au-01x-lcd-erintokepernyos-kijelzo-egyseg-eredeti-csere\/","title":{"rendered":"YOGA S1 SU8E-12H02AU-01X LCD \u00e9rint\u0151k\u00e9perny\u0151s kijelz\u0151 egys\u00e9g \u2013 Eredeti csere"},"content":{"rendered":"<p><strong>Olvassa el: Feh\u00e9r foltok, amint az az adatlapon tal\u00e1lhat\u00f3 fot\u00f3n l\u00e1that\u00f3<\/strong><\/p>\n<p>Friss\u00edtse YOGA S1 SU8E-12H02AU-01X laptopj\u00e1t az eredeti LCD \u00e9rint\u0151k\u00e9perny\u0151s kijelz\u0151vel. Az OEM-szabv\u00e1nyoknak megfelel\u0151en kialak\u00edtott szerelv\u00e9ny \u00e9l\u00e9nk l\u00e1tv\u00e1nyt \u00e9s reszponz\u00edv \u00e9rint\u00e9si funkci\u00f3kat biztos\u00edt, jav\u00edtva a laptop \u00e9lm\u00e9ny\u00e9t.<\/p>\n<p><strong>F\u0151bb jellemz\u0151k:<\/strong><\/p>\n<p><strong>Eredeti csere:<\/strong> Ez az LCD \u00e9rint\u0151k\u00e9perny\u0151s kijelz\u0151 egys\u00e9g egy hiteles alkatr\u00e9sz, amely kompatibilit\u00e1st \u00e9s optim\u00e1lis teljes\u00edtm\u00e9nyt biztos\u00edt a YOGA S1 SU8E-12H02AU-01X sz\u00e1m\u00e1ra.<\/p>\n<p><strong>\u00c9les k\u00e9p:<\/strong> \u00c9lvezze az \u00e9l\u00e9nk \u00e9s \u00e9les l\u00e1tv\u00e1nyt ezzel a kiv\u00e1l\u00f3 min\u0151s\u00e9g\u0171 LCD-kijelz\u0151vel, amely t\u00f6k\u00e9letes a multim\u00e9di\u00e1s fogyaszt\u00e1shoz, a termel\u00e9kenys\u00e9ghez \u00e9s a sz\u00f3rakoz\u00e1shoz.<\/p>\n<p><strong>Reszponz\u00edv \u00e9rint\u00e9s:<\/strong> Tapasztalja meg a sima \u00e9s pontos \u00e9rint\u00e9si funkci\u00f3kat az integr\u00e1lt \u00e9rint\u0151k\u00e9perny\u0151vel, amely lehet\u0151v\u00e9 teszi az intuit\u00edv navig\u00e1ci\u00f3t \u00e9s a laptoppal val\u00f3 interakci\u00f3t.<\/p>\n<p><strong>Egyszer\u0171 telep\u00edt\u00e9s:<\/strong> Az egyszer\u0171 telep\u00edt\u00e9shez tervezett LCD \u00e9rint\u0151k\u00e9perny\u0151s kijelz\u0151egys\u00e9g cser\u00e9je gyors \u00e9s probl\u00e9mamentes, lehet\u0151v\u00e9 t\u00e9ve a laptop funkcionalit\u00e1s\u00e1nak egyszer\u0171 vissza\u00e1ll\u00edt\u00e1s\u00e1t.<\/p>\n<p>Magabiztosan friss\u00edtse YOGA S1 SU8E-12H02AU-01X laptopj\u00e1t \u2013 rendelje meg eredeti LCD \u00e9rint\u0151k\u00e9perny\u0151s kijelz\u0151j\u00e9t a Siggm\u00f3t\u00f3l m\u00e9g ma. Val\u00f3di f\u00e9nyk\u00e9peket biztos\u00edtunk a pontos \u00f6sszeszerel\u00e9sr\u0151l, amelyet megkap, \u00e9s a min\u0151s\u00e9g ir\u00e1nti elk\u00f6telezetts\u00e9g\u00fcnk biztos\u00edtja, hogy minden v\u00e1s\u00e1rl\u00e1skor el\u00e9gedett legyen.<\/p>\n<p><strong>Megjegyz\u00e9s:<\/strong> B\u00e1r nem adunk r\u00e9szletes telep\u00edt\u00e9si utas\u00edt\u00e1sokat, \u00fcgyf\u00e9lszolg\u00e1lati csapatunk k\u00e9szs\u00e9ggel \u00e1ll rendelkez\u00e9s\u00e9re, hogy seg\u00edtsen b\u00e1rmilyen k\u00e9rd\u00e9se vagy agg\u00e1lya eset\u00e9n. B\u00edzzon a Siggm\u00f3ban az eredeti YOGA laptop alkatr\u00e9szek\u00e9rt, \u00e9s emelje laptopja \u00e9lm\u00e9ny\u00e9t az \u00e9les \u00e9rint\u0151k\u00e9perny\u0151vel.<\/p>\n","protected":false},"excerpt":{"rendered":"<p>Cser\u00e9lje ki YOGA S1 SU8E-12H02AU-01X LCD \u00e9rint\u0151k\u00e9perny\u0151s kijelz\u0151egys\u00e9g\u00e9t erre az eredeti cser\u00e9re. A kompatibilit\u00e1s \u00e9s a min\u0151s\u00e9g \u00e9rdek\u00e9ben k\u00e9sz\u00fclt \u00f6ssze\u00e1ll\u00edt\u00e1s \u00e9les l\u00e1tv\u00e1nyt \u00e9s \u00e9rz\u00e9keny \u00e9rint\u00e9si funkci\u00f3t biztos\u00edt. B\u00edzzon a Siggm\u00f3ban a min\u0151s\u00e9gi laptop alkatr\u00e9szek\u00e9rt.<\/p>\n","protected":false},"featured_media":7589,"template":"","meta":[],"product_brand":[],"product_cat":[73,21],"product_tag":[26],"class_list":{"0":"post-7540","1":"product","2":"type-product","3":"status-publish","4":"has-post-thumbnail","6":"product_cat-73","7":"product_cat-laptop-screens-lcd-panels","8":"product_tag-lenovo","10":"first","11":"instock","12":"taxable","13":"shipping-taxable","14":"purchasable","15":"product-type-simple"},"_links":{"self":[{"href":"https:\/\/boreait.com\/hu\/wp-json\/wp\/v2\/product\/7540","targetHints":{"allow":["GET"]}}],"collection":[{"href":"https:\/\/boreait.com\/hu\/wp-json\/wp\/v2\/product"}],"about":[{"href":"https:\/\/boreait.com\/hu\/wp-json\/wp\/v2\/types\/product"}],"wp:featuredmedia":[{"embeddable":true,"href":"https:\/\/boreait.com\/hu\/wp-json\/wp\/v2\/media\/7589"}],"wp:attachment":[{"href":"https:\/\/boreait.com\/hu\/wp-json\/wp\/v2\/media?parent=7540"}],"wp:term":[{"taxonomy":"product_brand","embeddable":true,"href":"https:\/\/boreait.com\/hu\/wp-json\/wp\/v2\/product_brand?post=7540"},{"taxonomy":"product_cat","embeddable":true,"href":"https:\/\/boreait.com\/hu\/wp-json\/wp\/v2\/product_cat?post=7540"},{"taxonomy":"product_tag","embeddable":true,"href":"https:\/\/boreait.com\/hu\/wp-json\/wp\/v2\/product_tag?post=7540"}],"curies":[{"name":"wp","href":"https:\/\/api.w.org\/{rel}","templated":true}]}}