{"id":7535,"date":"2025-09-17T11:51:50","date_gmt":"2025-09-17T09:51:50","guid":{"rendered":"https:\/\/boreait.com\/hu\/?post_type=product&#038;p=7535"},"modified":"2025-09-17T11:52:19","modified_gmt":"2025-09-17T09:52:19","slug":"eredeti-lenovo-tab4-10-plus-kamera-sc28c18370-oem-cserealkatresz","status":"publish","type":"product","link":"https:\/\/boreait.com\/hu\/termek\/eredeti-lenovo-tab4-10-plus-kamera-sc28c18370-oem-cserealkatresz\/","title":{"rendered":"Eredeti Lenovo Tab4 10 Plus kamera SC28C18370 &#8211; OEM cserealkatr\u00e9sz"},"content":{"rendered":"<p>Friss\u00edtse Lenovo Tab4 10 Plus t\u00e1blag\u00e9p\u00e9nek kamer\u00e1j\u00e1t az eredeti SC28C18370 kamer\u00e1val. A kompatibilit\u00e1sra \u00e9s min\u0151s\u00e9gre tervezett f\u00e9nyk\u00e9pez\u0151g\u00e9p tiszta \u00e9s \u00e9les f\u00e9nyk\u00e9peket k\u00e9sz\u00edt, lehet\u0151v\u00e9 t\u00e9ve az eml\u00e9kek k\u00f6nny\u0171 meg\u00f6r\u00f6k\u00edt\u00e9s\u00e9t.<\/p>\n<p><strong>F\u0151bb jellemz\u0151k:<\/strong><\/p>\n<p><strong>Eredeti Lenovo csere:<\/strong> Ez a kamera egy hiteles Lenovo alkatr\u00e9sz, amely kompatibilit\u00e1st \u00e9s optim\u00e1lis teljes\u00edtm\u00e9nyt biztos\u00edt Tab4 10 Plus t\u00e1blag\u00e9pe sz\u00e1m\u00e1ra.<\/p>\n<p><strong>Kiv\u00e1l\u00f3 min\u0151s\u00e9g\u0171 k\u00e9palkot\u00e1s:<\/strong> K\u00e9sz\u00edtsen leny\u0171g\u00f6z\u0151 f\u00e9nyk\u00e9peket \u00e9s vide\u00f3kat ezzel a kiv\u00e1l\u00f3 min\u0151s\u00e9g\u0171 kamer\u00e1val, amely tiszta \u00e9s \u00e9les k\u00e9peket biztos\u00edt.<\/p>\n<p><strong>Egyszer\u0171 telep\u00edt\u00e9s:<\/strong> Az egyszer\u0171 telep\u00edt\u00e9shez tervezt\u00e9k, a f\u00e9nyk\u00e9pez\u0151g\u00e9p cser\u00e9je gyors \u00e9s probl\u00e9mamentes, \u00edgy pillanatok alatt \u00e9lvezheti a tov\u00e1bbfejlesztett f\u00e9nyk\u00e9pez\u00e9si lehet\u0151s\u00e9geket.<\/p>\n<p><strong>Megb\u00edzhat\u00f3 teljes\u00edtm\u00e9ny:<\/strong> A Lenovo magas min\u0151s\u00e9gi \u00e9s megb\u00edzhat\u00f3s\u00e1gi k\u00f6vetelm\u00e9nyei szerint k\u00e9sz\u00fclt f\u00e9nyk\u00e9pez\u0151g\u00e9p egyenletes teljes\u00edtm\u00e9nyt biztos\u00edt minden f\u00e9nyk\u00e9pez\u00e9si ig\u00e9nyhez.<\/p>\n<p>Magabiztosan friss\u00edtse Lenovo Tab4 10 Plus t\u00e1blag\u00e9pe kamer\u00e1j\u00e1t \u2013 rendelje meg eredeti SC28C18370 kamer\u00e1j\u00e1t a Siggm\u00f3t\u00f3l m\u00e9g ma. Val\u00f3di fot\u00f3kat k\u00e9sz\u00edt\u00fcnk pontosan arr\u00f3l a f\u00e9nyk\u00e9pez\u0151g\u00e9pr\u0151l, amelyet kap, \u00e9s a min\u0151s\u00e9g ir\u00e1nti elk\u00f6telezetts\u00e9g\u00fcnk biztos\u00edtja, hogy minden v\u00e1s\u00e1rl\u00e1skor el\u00e9gedett legyen.<\/p>\n<p><strong>Megjegyz\u00e9s:<\/strong> B\u00e1r nem adunk r\u00e9szletes telep\u00edt\u00e9si utas\u00edt\u00e1sokat, \u00fcgyf\u00e9lszolg\u00e1lati csapatunk k\u00e9szs\u00e9ggel \u00e1ll rendelkez\u00e9s\u00e9re, hogy seg\u00edtsen b\u00e1rmilyen k\u00e9rd\u00e9se vagy agg\u00e1lya eset\u00e9n. B\u00edzzon a Siggm\u00f3ban az eredeti Lenovo t\u00e1blag\u00e9p-alkatr\u00e9szek\u00e9rt, \u00e9s fokozza t\u00e1blag\u00e9pe f\u00e9nyk\u00e9pez\u00e9si k\u00e9pess\u00e9geit.<\/p>\n","protected":false},"excerpt":{"rendered":"<p>Cser\u00e9lje le Lenovo Tab4 10 Plus kamer\u00e1j\u00e1t erre az eredeti SC28C18370 kamer\u00e1ra. A kompatibilit\u00e1s \u00e9s a min\u0151s\u00e9g \u00e9rdek\u00e9ben k\u00e9sz\u00fclt f\u00e9nyk\u00e9pez\u0151g\u00e9p tiszta \u00e9s \u00e9les f\u00e9nyk\u00e9peket biztos\u00edt. B\u00edzzon a Siggm\u00f3ban a min\u0151s\u00e9gi t\u00e1blag\u00e9palkatr\u00e9szek\u00e9rt.<\/p>\n","protected":false},"featured_media":7581,"template":"","meta":[],"product_brand":[],"product_cat":[27],"product_tag":[26],"class_list":{"0":"post-7535","1":"product","2":"type-product","3":"status-publish","4":"has-post-thumbnail","6":"product_cat-motherboards-board-parts","7":"product_tag-lenovo","9":"first","10":"instock","11":"taxable","12":"shipping-taxable","13":"purchasable","14":"product-type-simple"},"_links":{"self":[{"href":"https:\/\/boreait.com\/hu\/wp-json\/wp\/v2\/product\/7535","targetHints":{"allow":["GET"]}}],"collection":[{"href":"https:\/\/boreait.com\/hu\/wp-json\/wp\/v2\/product"}],"about":[{"href":"https:\/\/boreait.com\/hu\/wp-json\/wp\/v2\/types\/product"}],"wp:featuredmedia":[{"embeddable":true,"href":"https:\/\/boreait.com\/hu\/wp-json\/wp\/v2\/media\/7581"}],"wp:attachment":[{"href":"https:\/\/boreait.com\/hu\/wp-json\/wp\/v2\/media?parent=7535"}],"wp:term":[{"taxonomy":"product_brand","embeddable":true,"href":"https:\/\/boreait.com\/hu\/wp-json\/wp\/v2\/product_brand?post=7535"},{"taxonomy":"product_cat","embeddable":true,"href":"https:\/\/boreait.com\/hu\/wp-json\/wp\/v2\/product_cat?post=7535"},{"taxonomy":"product_tag","embeddable":true,"href":"https:\/\/boreait.com\/hu\/wp-json\/wp\/v2\/product_tag?post=7535"}],"curies":[{"name":"wp","href":"https:\/\/api.w.org\/{rel}","templated":true}]}}