{"id":7513,"date":"2025-09-17T11:51:28","date_gmt":"2025-09-17T09:51:28","guid":{"rendered":"https:\/\/boreait.com\/hu\/?post_type=product&#038;p=7513"},"modified":"2026-01-27T10:04:58","modified_gmt":"2026-01-27T09:04:58","slug":"sk-hynix-2-gb-1rx8-pc3l-12800s-11-12-b2-hmt325s6cfr8a-pb-no-aa-laptop-memoria-eredeti-oem","status":"publish","type":"product","link":"https:\/\/boreait.com\/hu\/termek\/sk-hynix-2-gb-1rx8-pc3l-12800s-11-12-b2-hmt325s6cfr8a-pb-no-aa-laptop-memoria-eredeti-oem\/","title":{"rendered":"SK Hynix 2 GB 1Rx8 PC3L-12800S-11-12-B2 HMT325S6CFR8A-PB NO AA Laptop mem\u00f3ria &#8211; Eredeti OEM"},"content":{"rendered":"<p>N\u00f6velje laptopja teljes\u00edtm\u00e9ny\u00e9t az eredeti SK Hynix 2GB 1Rx8 PC3L-12800S-11-12-B2 HMT325S6CFR8A-PB NO AA laptop mem\u00f3ria RAM seg\u00edts\u00e9g\u00e9vel. A gyorsas\u00e1gra, megb\u00edzhat\u00f3s\u00e1gra \u00e9s hat\u00e9konys\u00e1gra tervezett mem\u00f3riamodul fokozza a t\u00f6bbfeladatos munkav\u00e9gz\u00e9st \u00e9s jav\u00edtja a rendszer \u00e1ltal\u00e1nos v\u00e1laszk\u00e9szs\u00e9g\u00e9t, lehet\u0151v\u00e9 t\u00e9ve a k\u00f6nny\u0171 munk\u00e1t \u00e9s j\u00e1t\u00e9kot.<\/p>\n<p><strong>F\u0151bb jellemz\u0151k:<\/strong><\/p>\n<p><strong>Eredeti SK Hynix mem\u00f3ria:<\/strong> Ez a DDR3 mem\u00f3riamodul egy hiteles SK Hynix term\u00e9k, amely kompatibilit\u00e1st \u00e9s optim\u00e1lis teljes\u00edtm\u00e9nyt biztos\u00edt laptopja sz\u00e1m\u00e1ra.<\/p>\n<p><strong>Tov\u00e1bbfejlesztett teljes\u00edtm\u00e9ny:<\/strong> 2 GB kapacit\u00e1s\u00e1val \u00e9s PC3L-12800S sebess\u00e9g\u00e9vel ez a mem\u00f3riamodul gyors \u00e9s \u00e9rz\u00e9keny teljes\u00edtm\u00e9nyt ny\u00fajt, cs\u00f6kkenti a k\u00e9s\u00e9st \u00e9s n\u00f6veli a termel\u00e9kenys\u00e9get az ig\u00e9nyes feladatokn\u00e1l.<\/p>\n<p><strong>Alacsony energiafogyaszt\u00e1s:<\/strong> Alacsony fesz\u00fclts\u00e9ggel m\u0171k\u00f6d\u0151 mem\u00f3riamodul cs\u00f6kkenti az energiafogyaszt\u00e1st, meghosszabb\u00edtja az akkumul\u00e1tor \u00e9lettartam\u00e1t \u00e9s cs\u00f6kkenti a h\u0151termel\u00e9st a jobb rendszerstabilit\u00e1s \u00e9rdek\u00e9ben.<\/p>\n<p><strong>Egyszer\u0171 telep\u00edt\u00e9s:<\/strong> A plug-and-play kompatibilit\u00e1sra tervezve ennek a mem\u00f3riamodulnak a telep\u00edt\u00e9se gyors \u00e9s egyszer\u0171, \u00edgy k\u00f6nnyed\u00e9n b\u0151v\u00edtheti laptopja mem\u00f3ri\u00e1j\u00e1t.<\/p>\n<p>Biztosan b\u0151v\u00edtse laptopja mem\u00f3ri\u00e1j\u00e1t \u2013 rendelje meg eredeti SK Hynix 2 GB 1Rx8 PC3L-12800S RAM-j\u00e1t a Siggm\u00f3t\u00f3l m\u00e9g ma. Val\u00f3di fot\u00f3kat adunk a kapott mem\u00f3riamodulr\u00f3l, \u00e9s min\u0151s\u00e9g ir\u00e1nti elk\u00f6telezetts\u00e9g\u00fcnk garant\u00e1lja, hogy minden v\u00e1s\u00e1rl\u00e1skor el\u00e9gedett legyen.<\/p>\n<p><strong>Megjegyz\u00e9s:<\/strong> B\u00e1r nem adunk r\u00e9szletes telep\u00edt\u00e9si utas\u00edt\u00e1sokat, \u00fcgyf\u00e9lszolg\u00e1lati csapatunk k\u00e9szs\u00e9ggel \u00e1ll rendelkez\u00e9s\u00e9re, hogy seg\u00edtsen b\u00e1rmilyen k\u00e9rd\u00e9se vagy agg\u00e1lya eset\u00e9n. B\u00edzzon a Siggm\u00f3ban az eredeti SK Hynix mem\u00f3riamodulokban, \u00e9s n\u00f6velje laptopja teljes\u00edtm\u00e9ny\u00e9t.<\/p>\n","protected":false},"excerpt":{"rendered":"<p>B\u0151v\u00edtse laptopja mem\u00f3ri\u00e1j\u00e1t ezzel az eredeti SK Hynix 2 GB PC3L-12800S RAM-mal. A teljes\u00edtm\u00e9nyre \u00e9s megb\u00edzhat\u00f3s\u00e1gra tervezett mem\u00f3riamodul z\u00f6kken\u0151mentes t\u00f6bbfeladatos munkav\u00e9gz\u00e9st \u00e9s hat\u00e9kony sz\u00e1m\u00edt\u00e1stechnik\u00e1t biztos\u00edt. B\u00edzzon a Siggm\u00f3ban a min\u0151s\u00e9gi laptop alkatr\u00e9szek\u00e9rt.<\/p>\n","protected":false},"featured_media":7577,"template":"","meta":[],"product_brand":[],"product_cat":[37,36],"product_tag":[],"class_list":{"0":"post-7513","1":"product","2":"type-product","3":"status-publish","4":"has-post-thumbnail","6":"product_cat-ddr3-ddr3l","7":"product_cat-ram-memory","9":"first","10":"instock","11":"taxable","12":"shipping-taxable","13":"purchasable","14":"product-type-simple"},"_links":{"self":[{"href":"https:\/\/boreait.com\/hu\/wp-json\/wp\/v2\/product\/7513","targetHints":{"allow":["GET"]}}],"collection":[{"href":"https:\/\/boreait.com\/hu\/wp-json\/wp\/v2\/product"}],"about":[{"href":"https:\/\/boreait.com\/hu\/wp-json\/wp\/v2\/types\/product"}],"wp:featuredmedia":[{"embeddable":true,"href":"https:\/\/boreait.com\/hu\/wp-json\/wp\/v2\/media\/7577"}],"wp:attachment":[{"href":"https:\/\/boreait.com\/hu\/wp-json\/wp\/v2\/media?parent=7513"}],"wp:term":[{"taxonomy":"product_brand","embeddable":true,"href":"https:\/\/boreait.com\/hu\/wp-json\/wp\/v2\/product_brand?post=7513"},{"taxonomy":"product_cat","embeddable":true,"href":"https:\/\/boreait.com\/hu\/wp-json\/wp\/v2\/product_cat?post=7513"},{"taxonomy":"product_tag","embeddable":true,"href":"https:\/\/boreait.com\/hu\/wp-json\/wp\/v2\/product_tag?post=7513"}],"curies":[{"name":"wp","href":"https:\/\/api.w.org\/{rel}","templated":true}]}}