{"id":7510,"date":"2025-09-17T11:51:28","date_gmt":"2025-09-17T09:51:28","guid":{"rendered":"https:\/\/boreait.com\/hu\/?post_type=product&#038;p=7510"},"modified":"2025-09-17T11:52:10","modified_gmt":"2025-09-17T09:52:10","slug":"hp-elitebook-830-g5-g6-laptop-rj-45-ajto-konzollal-ezust-l19425-001-eredeti-csere","status":"publish","type":"product","link":"https:\/\/boreait.com\/hu\/termek\/hp-elitebook-830-g5-g6-laptop-rj-45-ajto-konzollal-ezust-l19425-001-eredeti-csere\/","title":{"rendered":"HP EliteBook 830 G5 G6 laptop RJ-45 ajt\u00f3 konzollal ez\u00fcst L19425-001 \u2013 Eredeti csere"},"content":{"rendered":"<p>N\u00f6velje a HP EliteBook 830 G5 G6 Ethernet-portj\u00e1nak v\u00e9delm\u00e9t \u00e9s stabilit\u00e1s\u00e1t az eredeti ez\u00fcst RJ-45 ajt\u00f3 \u00e9s konzol szerelv\u00e9nnyel, cikksz\u00e1m: L19425-001. A tart\u00f3ss\u00e1gra \u00e9s kompatibilit\u00e1sra tervezett szerelv\u00e9ny megb\u00edzhat\u00f3 v\u00e9delmet \u00e9s stabilit\u00e1st biztos\u00edt, z\u00f6kken\u0151mentes csatlakoz\u00e1st biztos\u00edtva laptopja sz\u00e1m\u00e1ra.<\/p>\n<p><strong>F\u0151bb jellemz\u0151k:<\/strong><\/p>\n<p><strong>Eredeti HP csere:<\/strong> Ez az RJ-45 ajt\u00f3 \u00e9s konzol szerelv\u00e9ny egy hiteles HP alkatr\u00e9sz, amely kompatibilit\u00e1st \u00e9s optim\u00e1lis teljes\u00edtm\u00e9nyt biztos\u00edt EliteBook 830 G5 G6-j\u00e1hoz.<\/p>\n<p><strong>Tov\u00e1bbfejlesztett v\u00e9delem:<\/strong> A kiv\u00e1l\u00f3 min\u0151s\u00e9g\u0171 anyagoknak \u00e9s a prec\u00edz tervez\u00e9snek k\u00f6sz\u00f6nhet\u0151en ez az \u00f6ssze\u00e1ll\u00edt\u00e1s megv\u00e9di az Ethernet-portot a port\u00f3l, t\u00f6rmel\u00e9kt\u0151l \u00e9s s\u00e9r\u00fcl\u00e9sekt\u0151l, \u00edgy megb\u00edzhat\u00f3 kapcsolatot biztos\u00edt.<\/p>\n<p><strong>Stabil kapcsolat:<\/strong> A massz\u00edv tart\u00f3szerkezettel rendelkez\u0151 szerelv\u00e9ny stabilit\u00e1st biztos\u00edt az Ethernet-port sz\u00e1m\u00e1ra, minim\u00e1lisra cs\u00f6kkenti a lev\u00e1laszt\u00e1s kock\u00e1zat\u00e1t \u00e9s biztos\u00edtja a megszak\u00edt\u00e1s n\u00e9lk\u00fcli h\u00e1l\u00f3zati hozz\u00e1f\u00e9r\u00e9st.<\/p>\n<p><strong>Egyszer\u0171 telep\u00edt\u00e9s:<\/strong> A felhaszn\u00e1l\u00f3bar\u00e1t kialak\u00edt\u00e1snak k\u00f6sz\u00f6nhet\u0151en az RJ-45 ajt\u00f3- \u00e9s konzolszerelv\u00e9ny cser\u00e9je gyors \u00e9s egyszer\u0171, lehet\u0151v\u00e9 t\u00e9ve a laptop csatlakoztathat\u00f3s\u00e1g\u00e1nak egyszer\u0171 karbantart\u00e1s\u00e1t.<\/p>\n<p>Friss\u00edtse HP EliteBook 830 G5 G6 k\u00e9sz\u00fcl\u00e9k\u00e9t magabiztosan \u2013 rendelje meg eredeti ez\u00fcst RJ-45 ajt\u00f3- \u00e9s konzolszerelv\u00e9ny\u00e9t a Siggm\u00f3t\u00f3l m\u00e9g ma. Val\u00f3di f\u00e9nyk\u00e9peket biztos\u00edtunk a pontos \u00f6sszeszerel\u00e9sr\u0151l, amelyet megkap, \u00e9s a min\u0151s\u00e9g ir\u00e1nti elk\u00f6telezetts\u00e9g\u00fcnk biztos\u00edtja, hogy minden v\u00e1s\u00e1rl\u00e1skor el\u00e9gedett legyen.<\/p>\n<p><strong>Megjegyz\u00e9s:<\/strong> B\u00e1r nem adunk r\u00e9szletes telep\u00edt\u00e9si utas\u00edt\u00e1sokat, \u00fcgyf\u00e9lszolg\u00e1lati csapatunk k\u00e9szs\u00e9ggel \u00e1ll rendelkez\u00e9s\u00e9re, hogy seg\u00edtsen b\u00e1rmilyen k\u00e9rd\u00e9se vagy agg\u00e1lya eset\u00e9n. B\u00edzzon a Siggm\u00f3ban az eredeti HP laptop-alkatr\u00e9szekben, \u00e9s fokozza EliteBook Ethernet-portj\u00e1nak v\u00e9delm\u00e9t \u00e9s stabilit\u00e1s\u00e1t.<\/p>\n","protected":false},"excerpt":{"rendered":"<p>Cser\u00e9lje ki HP EliteBook 830 G5 G6 RJ-45 ajtaj\u00e1t erre az eredeti ez\u00fcst ajt\u00f3ra \u00e9s konzolra. Ez a tart\u00f3ss\u00e1g \u00e9s kompatibilit\u00e1s jegy\u00e9ben k\u00e9sz\u00fclt szerelv\u00e9ny v\u00e9delmet \u00e9s stabilit\u00e1st biztos\u00edt laptopja Ethernet-portja sz\u00e1m\u00e1ra. B\u00edzzon a Siggm\u00f3ban a min\u0151s\u00e9gi laptop alkatr\u00e9szek\u00e9rt.<\/p>\n","protected":false},"featured_media":7561,"template":"","meta":[],"product_brand":[],"product_cat":[16],"product_tag":[25],"class_list":{"0":"post-7510","1":"product","2":"type-product","3":"status-publish","4":"has-post-thumbnail","6":"product_cat-laptop-housing","7":"product_tag-hp","9":"first","10":"instock","11":"taxable","12":"shipping-taxable","13":"purchasable","14":"product-type-simple"},"_links":{"self":[{"href":"https:\/\/boreait.com\/hu\/wp-json\/wp\/v2\/product\/7510","targetHints":{"allow":["GET"]}}],"collection":[{"href":"https:\/\/boreait.com\/hu\/wp-json\/wp\/v2\/product"}],"about":[{"href":"https:\/\/boreait.com\/hu\/wp-json\/wp\/v2\/types\/product"}],"wp:featuredmedia":[{"embeddable":true,"href":"https:\/\/boreait.com\/hu\/wp-json\/wp\/v2\/media\/7561"}],"wp:attachment":[{"href":"https:\/\/boreait.com\/hu\/wp-json\/wp\/v2\/media?parent=7510"}],"wp:term":[{"taxonomy":"product_brand","embeddable":true,"href":"https:\/\/boreait.com\/hu\/wp-json\/wp\/v2\/product_brand?post=7510"},{"taxonomy":"product_cat","embeddable":true,"href":"https:\/\/boreait.com\/hu\/wp-json\/wp\/v2\/product_cat?post=7510"},{"taxonomy":"product_tag","embeddable":true,"href":"https:\/\/boreait.com\/hu\/wp-json\/wp\/v2\/product_tag?post=7510"}],"curies":[{"name":"wp","href":"https:\/\/api.w.org\/{rel}","templated":true}]}}