{"id":7503,"date":"2025-09-17T11:51:27","date_gmt":"2025-09-17T09:51:27","guid":{"rendered":"https:\/\/boreait.com\/hu\/?post_type=product&#038;p=7503"},"modified":"2025-09-17T11:52:01","modified_gmt":"2025-09-17T09:52:01","slug":"intel-ketsavos-vezetek-nelkuli-ac-01ax702-8265ngw-g86c0007j510-eredeti-laptop-wi-fi-kartya","status":"publish","type":"product","link":"https:\/\/boreait.com\/hu\/termek\/intel-ketsavos-vezetek-nelkuli-ac-01ax702-8265ngw-g86c0007j510-eredeti-laptop-wi-fi-kartya\/","title":{"rendered":"INTEL k\u00e9ts\u00e1vos vezet\u00e9k n\u00e9lk\u00fcli AC 01AX702 8265NGW G86C0007J510 \u2013 Eredeti laptop Wi-Fi k\u00e1rtya"},"content":{"rendered":"<p>B\u0151v\u00edtse laptopja vezet\u00e9k n\u00e9lk\u00fcli kapcsolat\u00e1t az INTEL Dual Band Wireless-AC 01AX702 8265NGW G86C0007J510 Wi-Fi k\u00e1rty\u00e1val. A sebess\u00e9gre, megb\u00edzhat\u00f3s\u00e1gra \u00e9s kompatibilit\u00e1sra tervezett eredeti Intel k\u00e1rtya gyors \u00e9s stabil vezet\u00e9k n\u00e9lk\u00fcli kapcsolatot biztos\u00edt, z\u00f6kken\u0151mentes internetes b\u00f6ng\u00e9sz\u00e9st, streamel\u00e9st \u00e9s online j\u00e1t\u00e9k\u00e9lm\u00e9nyt biztos\u00edtva.<\/p>\n<p><strong>F\u0151bb jellemz\u0151k:<\/strong><\/p>\n<p><strong>Gyors vezet\u00e9k n\u00e9lk\u00fcli sebess\u00e9g:<\/strong> A k\u00e9ts\u00e1vos Wi-Fi \u00e9s a fejlett 802.11ac technol\u00f3gia t\u00e1mogat\u00e1s\u00e1val ez a Wi-Fi-k\u00e1rtya vill\u00e1mgyors vezet\u00e9k n\u00e9lk\u00fcli sebess\u00e9get biztos\u00edt, cs\u00f6kkenti a k\u00e9s\u00e9st \u00e9s a pufferel\u00e9st a sim\u00e1bb online \u00e9lm\u00e9ny \u00e9rdek\u00e9ben.<\/p>\n<p><strong>Megb\u00edzhat\u00f3 kapcsolat:<\/strong> Az Intel elismert megb\u00edzhat\u00f3s\u00e1g\u00e1val \u00e9s min\u0151s\u00e9g\u00e9vel \u00e9p\u00edtett Wi-Fi-k\u00e1rtya konzisztens \u00e9s stabil vezet\u00e9k n\u00e9lk\u00fcli kapcsolatokat biztos\u00edt, \u00e9s b\u00e1rhov\u00e1 is megy, kapcsolatban marad.<\/p>\n<p><strong>B\u0151v\u00edtett hat\u00f3t\u00e1vols\u00e1g:<\/strong> Ez a fejlett antennatechnol\u00f3gi\u00e1val rendelkez\u0151 Wi-Fi-k\u00e1rtya nagyobb hat\u00f3t\u00e1vols\u00e1got \u00e9s lefedetts\u00e9get k\u00edn\u00e1l, \u00edgy m\u00e9g gyenge jel\u0171 ter\u00fcleteken is kapcsolatban maradhat.<\/p>\n<p><strong>Egyszer\u0171 telep\u00edt\u00e9s:<\/strong> A plug-and-play kompatibilit\u00e1sra tervezve ennek a Wi-Fi-k\u00e1rty\u00e1nak a telep\u00edt\u00e9se gyors \u00e9s egyszer\u0171, \u00edgy k\u00f6nnyed\u00e9n friss\u00edtheti laptopja vezet\u00e9k n\u00e9lk\u00fcli k\u00e9pess\u00e9geit.<\/p>\n<p>Magabiztosan b\u0151v\u00edtheti laptopja vezet\u00e9k n\u00e9lk\u00fcli kapcsolat\u00e1t \u2013 rendelje meg INTEL Dual Band Wireless-AC 01AX702 8265NGW G86C0007J510 Wi-Fi k\u00e1rty\u00e1j\u00e1t m\u00e9g ma a Siggm\u00f3t\u00f3l. Val\u00f3di f\u00e9nyk\u00e9peket k\u00e9sz\u00edt\u00fcnk arr\u00f3l, hogy pontosan melyik Wi-Fi-k\u00e1rty\u00e1t kapja, \u00e9s a min\u0151s\u00e9g ir\u00e1nti elk\u00f6telezetts\u00e9g\u00fcnk biztos\u00edtja, hogy minden v\u00e1s\u00e1rl\u00e1skor el\u00e9gedett legyen.<\/p>\n<p><strong>Megjegyz\u00e9s:<\/strong> B\u00e1r nem adunk r\u00e9szletes telep\u00edt\u00e9si utas\u00edt\u00e1sokat, \u00fcgyf\u00e9lszolg\u00e1lati csapatunk k\u00e9szs\u00e9ggel \u00e1ll rendelkez\u00e9s\u00e9re, hogy seg\u00edtsen b\u00e1rmilyen k\u00e9rd\u00e9se vagy agg\u00e1lya eset\u00e9n. B\u00edzzon a Siggm\u00f3ban az eredeti Intel Wi-Fi k\u00e1rty\u00e1kban, \u00e9s n\u00f6velje laptopja vezet\u00e9k n\u00e9lk\u00fcli teljes\u00edtm\u00e9ny\u00e9t.<\/p>\n","protected":false},"excerpt":{"rendered":"<p>Fokozza laptopja csatlakoztathat\u00f3s\u00e1g\u00e1t az INTEL Dual Band Wireless-AC 01AX702 8265NGW Wi-Fi k\u00e1rty\u00e1val. A sebess\u00e9gre \u00e9s megb\u00edzhat\u00f3s\u00e1gra tervezett eredeti Intel k\u00e1rtya gyors \u00e9s stabil vezet\u00e9k n\u00e9lk\u00fcli kapcsolatot biztos\u00edt. B\u00edzzon a Siggm\u00f3ban a min\u0151s\u00e9gi laptop alkatr\u00e9szek\u00e9rt.<\/p>\n","protected":false},"featured_media":7553,"template":"","meta":[],"product_brand":[],"product_cat":[27],"product_tag":[],"class_list":{"0":"post-7503","1":"product","2":"type-product","3":"status-publish","4":"has-post-thumbnail","6":"product_cat-motherboards-board-parts","8":"first","9":"instock","10":"taxable","11":"shipping-taxable","12":"purchasable","13":"product-type-simple"},"_links":{"self":[{"href":"https:\/\/boreait.com\/hu\/wp-json\/wp\/v2\/product\/7503","targetHints":{"allow":["GET"]}}],"collection":[{"href":"https:\/\/boreait.com\/hu\/wp-json\/wp\/v2\/product"}],"about":[{"href":"https:\/\/boreait.com\/hu\/wp-json\/wp\/v2\/types\/product"}],"wp:featuredmedia":[{"embeddable":true,"href":"https:\/\/boreait.com\/hu\/wp-json\/wp\/v2\/media\/7553"}],"wp:attachment":[{"href":"https:\/\/boreait.com\/hu\/wp-json\/wp\/v2\/media?parent=7503"}],"wp:term":[{"taxonomy":"product_brand","embeddable":true,"href":"https:\/\/boreait.com\/hu\/wp-json\/wp\/v2\/product_brand?post=7503"},{"taxonomy":"product_cat","embeddable":true,"href":"https:\/\/boreait.com\/hu\/wp-json\/wp\/v2\/product_cat?post=7503"},{"taxonomy":"product_tag","embeddable":true,"href":"https:\/\/boreait.com\/hu\/wp-json\/wp\/v2\/product_tag?post=7503"}],"curies":[{"name":"wp","href":"https:\/\/api.w.org\/{rel}","templated":true}]}}