{"id":7498,"date":"2025-09-17T11:51:26","date_gmt":"2025-09-17T09:51:26","guid":{"rendered":"https:\/\/boreait.com\/hu\/?post_type=product&#038;p=7498"},"modified":"2026-01-27T10:04:24","modified_gmt":"2026-01-27T09:04:24","slug":"ts-l633f-eredeti-toshiba-dvd-meghajto-sata-laptop-optikai-meghajto","status":"publish","type":"product","link":"https:\/\/boreait.com\/hu\/termek\/ts-l633f-eredeti-toshiba-dvd-meghajto-sata-laptop-optikai-meghajto\/","title":{"rendered":"TS-L633F Eredeti Toshiba DVD meghajt\u00f3 SATA Laptop Optikai Meghajt\u00f3"},"content":{"rendered":"<p>Fokozza laptopja funkcionalit\u00e1s\u00e1t az eredeti TS-L633F Toshiba DVD-meghajt\u00f3val. A kompatibilit\u00e1sra \u00e9s tart\u00f3ss\u00e1gra tervezett SATA optikai lemezmeghajt\u00f3 lehet\u0151v\u00e9 teszi CD-k \u00e9s DVD-k egyszer\u0171 olvas\u00e1s\u00e1t \u00e9s \u00edr\u00e1s\u00e1t, megb\u00edzhat\u00f3 teljes\u00edtm\u00e9nyt ny\u00fajtva multim\u00e9di\u00e1s ig\u00e9nyeinek.<\/p>\n<p><strong>F\u0151bb jellemz\u0151k:<\/strong><\/p>\n<p><strong>Eredeti Toshiba csere:<\/strong> Ez a DVD-meghajt\u00f3 egy hiteles Toshiba-alkatr\u00e9sz, amely kompatibilit\u00e1st \u00e9s optim\u00e1lis teljes\u00edtm\u00e9nyt biztos\u00edt laptopja sz\u00e1m\u00e1ra.<\/p>\n<p><strong>Sokoldal\u00fa funkcionalit\u00e1s:<\/strong> A CD- \u00e9s DVD-form\u00e1tumok t\u00e1mogat\u00e1s\u00e1val ez az optikai meghajt\u00f3 alkalmas filmek n\u00e9z\u00e9s\u00e9re, szoftverek telep\u00edt\u00e9s\u00e9re, lemezek \u00edr\u00e1s\u00e1ra stb.<\/p>\n<p><strong>Egyszer\u0171 telep\u00edt\u00e9s:<\/strong> Az egyszer\u0171 telep\u00edt\u00e9sre tervezt\u00e9k, laptopja optikai meghajt\u00f3j\u00e1nak cser\u00e9je a TS-L633F-re gyors \u00e9s egyszer\u0171, lehet\u0151v\u00e9 t\u00e9ve a rendszer egyszer\u0171 friss\u00edt\u00e9s\u00e9t.<\/p>\n<p><strong>Megb\u00edzhat\u00f3 teljes\u00edtm\u00e9ny:<\/strong> \u00c9lvezze a z\u00f6kken\u0151mentes lemezolvas\u00e1si \u00e9s -\u00edr\u00e1si k\u00e9pess\u00e9geket a Toshiba DVD-meghajt\u00f3 megb\u00edzhat\u00f3 teljes\u00edtm\u00e9ny\u00e9nek k\u00f6sz\u00f6nhet\u0151en.<\/p>\n<p>Biztosan friss\u00edtse laptopja optikai meghajt\u00f3j\u00e1t \u2013 rendelje meg eredeti TS-L633F Toshiba DVD-meghajt\u00f3j\u00e1t m\u00e9g ma a Siggm\u00f3t\u00f3l. Val\u00f3di fot\u00f3kat adunk a pontos meghajt\u00f3r\u00f3l, \u00e9s a min\u0151s\u00e9g ir\u00e1nti elk\u00f6telezetts\u00e9g\u00fcnk garant\u00e1lja, hogy minden v\u00e1s\u00e1rl\u00e1skor el\u00e9gedett legyen.<\/p>\n<p><strong>Megjegyz\u00e9s:<\/strong> B\u00e1r nem adunk r\u00e9szletes telep\u00edt\u00e9si utas\u00edt\u00e1sokat, \u00fcgyf\u00e9lszolg\u00e1lati csapatunk k\u00e9szs\u00e9ggel \u00e1ll rendelkez\u00e9s\u00e9re, hogy seg\u00edtsen b\u00e1rmilyen k\u00e9rd\u00e9se vagy agg\u00e1lya eset\u00e9n. B\u00edzzon a Siggm\u00f3ban az eredeti Toshiba laptop-alkatr\u00e9szek\u00e9rt, \u00e9s fokozza a multim\u00e9di\u00e1s \u00e9lm\u00e9nyt laptopj\u00e1val.<\/p>\n","protected":false},"excerpt":{"rendered":"<p>B\u0151v\u00edtse laptopja optikai meghajt\u00f3j\u00e1t az eredeti TS-L633F Toshiba DVD-meghajt\u00f3val. Ez a SATA DVD-meghajt\u00f3 kompatibilit\u00e1st \u00e9s megb\u00edzhat\u00f3 teljes\u00edtm\u00e9nyt biztos\u00edt a lemezek olvas\u00e1s\u00e1hoz \u00e9s \u00edr\u00e1s\u00e1hoz. B\u00edzzon a Siggm\u00f3ban a min\u0151s\u00e9gi laptop alkatr\u00e9szek\u00e9rt.<\/p>\n","protected":false},"featured_media":7532,"template":"","meta":[],"product_brand":[],"product_cat":[27],"product_tag":[34],"class_list":{"0":"post-7498","1":"product","2":"type-product","3":"status-publish","4":"has-post-thumbnail","6":"product_cat-motherboards-board-parts","7":"product_tag-toshiba","9":"first","10":"instock","11":"taxable","12":"shipping-taxable","13":"purchasable","14":"product-type-simple"},"_links":{"self":[{"href":"https:\/\/boreait.com\/hu\/wp-json\/wp\/v2\/product\/7498","targetHints":{"allow":["GET"]}}],"collection":[{"href":"https:\/\/boreait.com\/hu\/wp-json\/wp\/v2\/product"}],"about":[{"href":"https:\/\/boreait.com\/hu\/wp-json\/wp\/v2\/types\/product"}],"wp:featuredmedia":[{"embeddable":true,"href":"https:\/\/boreait.com\/hu\/wp-json\/wp\/v2\/media\/7532"}],"wp:attachment":[{"href":"https:\/\/boreait.com\/hu\/wp-json\/wp\/v2\/media?parent=7498"}],"wp:term":[{"taxonomy":"product_brand","embeddable":true,"href":"https:\/\/boreait.com\/hu\/wp-json\/wp\/v2\/product_brand?post=7498"},{"taxonomy":"product_cat","embeddable":true,"href":"https:\/\/boreait.com\/hu\/wp-json\/wp\/v2\/product_cat?post=7498"},{"taxonomy":"product_tag","embeddable":true,"href":"https:\/\/boreait.com\/hu\/wp-json\/wp\/v2\/product_tag?post=7498"}],"curies":[{"name":"wp","href":"https:\/\/api.w.org\/{rel}","templated":true}]}}