{"id":7464,"date":"2025-09-17T11:51:04","date_gmt":"2025-09-17T09:51:04","guid":{"rendered":"https:\/\/boreait.com\/hu\/?post_type=product&#038;p=7464"},"modified":"2026-01-27T10:02:20","modified_gmt":"2026-01-27T09:02:20","slug":"fujitsu-lifebook-ah531-hdd-fedel-cp515946-01-eredeti-laptop-alkatreszek","status":"publish","type":"product","link":"https:\/\/boreait.com\/hu\/termek\/fujitsu-lifebook-ah531-hdd-fedel-cp515946-01-eredeti-laptop-alkatreszek\/","title":{"rendered":"Fujitsu LifeBook AH531 HDD fed\u00e9l CP515946-01 eredeti laptop alkatr\u00e9szek"},"content":{"rendered":"<p>V\u00e9dje \u00e9s biztos\u00edtsa Fujitsu LifeBook AH531 merevlemez\u00e9t az eredeti CP515946-01 HDD-fed\u00e9llel. Ez a z\u00f6kken\u0151mentesen illeszked\u0151 \u00e9s megb\u00edzhat\u00f3 v\u00e9delmet ny\u00fajt\u00f3 burkolat elengedhetetlen az \u00e9rt\u00e9kes adatok v\u00e9delm\u00e9hez.<\/p>\n<p><strong>F\u0151bb jellemz\u0151k:<\/strong><\/p>\n<p><strong>Eredeti Fujitsu csere:<\/strong> Ez a HDD-bor\u00edt\u00f3 egy eredeti Fujitsu cserealkatr\u00e9sz, amely biztos\u00edtja a kompatibilit\u00e1st \u00e9s az optim\u00e1lis illeszked\u00e9st LifeBook AH531-hez.<\/p>\n<p><strong>Tart\u00f3s konstrukci\u00f3:<\/strong> A napi haszn\u00e1latnak ellen\u00e1ll\u00f3 burkolat tart\u00f3s v\u00e9delmet ny\u00fajt merevlemeze sz\u00e1m\u00e1ra, meg\u00f3vja a port\u00f3l, t\u00f6rmel\u00e9kt\u0151l \u00e9s a v\u00e9letlen s\u00e9r\u00fcl\u00e9sekt\u0151l.<\/p>\n<p><strong>K\u00f6nny\u0171 telep\u00edt\u00e9s:<\/strong> felhaszn\u00e1l\u00f3bar\u00e1t kialak\u00edt\u00e1s\u00e1nak k\u00f6sz\u00f6nhet\u0151en a HDD fedel\u00e9nek cser\u00e9je gyors \u00e9s egyszer\u0171, \u00edgy k\u00f6nnyed\u00e9n meg\u0151rizheti laptopja t\u00e1rol\u00f3rendszer\u00e9nek integrit\u00e1s\u00e1t.<\/p>\n<p>Gondoskodjon arr\u00f3l, hogy Fujitsu LifeBook AH531 merevlemeze v\u00e9dve \u00e9s biztons\u00e1gosan maradjon \u2013 rendelje meg eredeti CP515946-01 HDD-bor\u00edt\u00f3j\u00e1t a Siggm\u00f3t\u00f3l m\u00e9g ma. Val\u00f3di fot\u00f3kat k\u00e9sz\u00edt\u00fcnk arr\u00f3l, hogy pontosan milyen bor\u00edt\u00f3t kap, \u00e9s a min\u0151s\u00e9g ir\u00e1nti elk\u00f6telezetts\u00e9g\u00fcnk biztos\u00edtja, hogy minden v\u00e1s\u00e1rl\u00e1skor el\u00e9gedett legyen.<\/p>\n<p><strong>Megjegyz\u00e9s:<\/strong> B\u00e1r nem adunk r\u00e9szletes telep\u00edt\u00e9si utas\u00edt\u00e1sokat, \u00fcgyf\u00e9lszolg\u00e1lati csapatunk k\u00e9szs\u00e9ggel \u00e1ll rendelkez\u00e9s\u00e9re, hogy seg\u00edtsen b\u00e1rmilyen k\u00e9rd\u00e9se vagy agg\u00e1lya eset\u00e9n. B\u00edzza a Siggm\u00f3ban az eredeti Fujitsu laptop alkatr\u00e9szeket, \u00e9s n\u00f6velje LifeBook AH531 \u00e9lettartam\u00e1t.<\/p>\n","protected":false},"excerpt":{"rendered":"<p>Cser\u00e9lje ki Fujitsu LifeBook AH531 HDD fedel\u00e9t az eredeti CP515946-01 alkatr\u00e9szre. A kompatibilit\u00e1sra \u00e9s a tart\u00f3ss\u00e1gra tervezett burkolat v\u00e9delmet ny\u00fajt merevlemeze sz\u00e1m\u00e1ra. B\u00edzzon a Siggm\u00f3ban a min\u0151s\u00e9gi laptop alkatr\u00e9szek\u00e9rt<\/p>\n","protected":false},"featured_media":7528,"template":"","meta":[],"product_brand":[],"product_cat":[16],"product_tag":[28],"class_list":{"0":"post-7464","1":"product","2":"type-product","3":"status-publish","4":"has-post-thumbnail","6":"product_cat-laptop-housing","7":"product_tag-fujitsu","9":"first","10":"instock","11":"taxable","12":"shipping-taxable","13":"purchasable","14":"product-type-simple"},"_links":{"self":[{"href":"https:\/\/boreait.com\/hu\/wp-json\/wp\/v2\/product\/7464","targetHints":{"allow":["GET"]}}],"collection":[{"href":"https:\/\/boreait.com\/hu\/wp-json\/wp\/v2\/product"}],"about":[{"href":"https:\/\/boreait.com\/hu\/wp-json\/wp\/v2\/types\/product"}],"wp:featuredmedia":[{"embeddable":true,"href":"https:\/\/boreait.com\/hu\/wp-json\/wp\/v2\/media\/7528"}],"wp:attachment":[{"href":"https:\/\/boreait.com\/hu\/wp-json\/wp\/v2\/media?parent=7464"}],"wp:term":[{"taxonomy":"product_brand","embeddable":true,"href":"https:\/\/boreait.com\/hu\/wp-json\/wp\/v2\/product_brand?post=7464"},{"taxonomy":"product_cat","embeddable":true,"href":"https:\/\/boreait.com\/hu\/wp-json\/wp\/v2\/product_cat?post=7464"},{"taxonomy":"product_tag","embeddable":true,"href":"https:\/\/boreait.com\/hu\/wp-json\/wp\/v2\/product_tag?post=7464"}],"curies":[{"name":"wp","href":"https:\/\/api.w.org\/{rel}","templated":true}]}}