{"id":7462,"date":"2025-09-17T11:51:04","date_gmt":"2025-09-17T09:51:04","guid":{"rendered":"https:\/\/boreait.com\/hu\/?post_type=product&#038;p=7462"},"modified":"2026-01-27T10:02:02","modified_gmt":"2026-01-27T09:02:02","slug":"oem-intel-centrino-wireless-n-1030-11230bnhmw-bgn-bluetooth-pcie-eredeti-laptop-alkatreszek","status":"publish","type":"product","link":"https:\/\/boreait.com\/hu\/termek\/oem-intel-centrino-wireless-n-1030-11230bnhmw-bgn-bluetooth-pcie-eredeti-laptop-alkatreszek\/","title":{"rendered":"OEM Intel Centrino Wireless-N 1030 11230BNHMW bgn Bluetooth PCIe \u2013 Eredeti laptop-alkatr\u00e9szek"},"content":{"rendered":"<p>Tapasztalja meg a tov\u00e1bbfejlesztett vezet\u00e9k n\u00e9lk\u00fcli kapcsolatot az OEM Intel Centrino Wireless-N 1030 11230BNHMW PCIe k\u00e1rty\u00e1val. A megb\u00edzhat\u00f3 Wi-Fi \u00e9s Bluetooth k\u00e9pess\u00e9gek biztos\u00edt\u00e1s\u00e1ra kialak\u00edtott eredeti Intel k\u00e1rtya z\u00f6kken\u0151mentes internetb\u00f6ng\u00e9sz\u00e9st \u00e9s eszk\u00f6zp\u00e1ros\u00edt\u00e1st tesz lehet\u0151v\u00e9 laptopja sz\u00e1m\u00e1ra.<\/p>\n<p><strong>F\u0151bb jellemz\u0151k:<\/strong><\/p>\n<p><strong>Eredeti Intel csere:<\/strong> Ez a PCIe k\u00e1rtya egy hiteles Intel cserealkatr\u00e9sz, amely biztos\u00edtja a kompatibilit\u00e1st \u00e9s az optim\u00e1lis teljes\u00edtm\u00e9nyt.<\/p>\n<p><strong>Kett\u0151s kapcsolat:<\/strong> \u00c9lvezze a megb\u00edzhat\u00f3 Wi-Fi (b\/g\/n) \u00e9s Bluetooth-kapcsolatot, amely lehet\u0151v\u00e9 teszi az internet b\u00f6ng\u00e9sz\u00e9s\u00e9t \u00e9s az eszk\u00f6z\u00f6k k\u00f6nny\u0171 p\u00e1ros\u00edt\u00e1s\u00e1t.<\/p>\n<p><strong>Tov\u00e1bbfejlesztett teljes\u00edtm\u00e9ny:<\/strong> Tapasztalja meg a gyors \u00e9s stabil vezet\u00e9k n\u00e9lk\u00fcli kapcsolatokat, ak\u00e1r HD vide\u00f3kat streamel, online j\u00e1tszik, ak\u00e1r t\u00e1volr\u00f3l dolgozik.<\/p>\n<p><strong>Plug-and-Play telep\u00edt\u00e9s:<\/strong> PCIe interf\u00e9sz\u00e9nek k\u00f6sz\u00f6nhet\u0151en az Intel Centrino Wireless-N 1030 k\u00e1rtya telep\u00edt\u00e9se gyors \u00e9s egyszer\u0171, \u00edgy laptopja pillanatok alatt csatlakoztathat\u00f3.<\/p>\n<p>Magabiztosan b\u0151v\u00edtheti laptopja vezet\u00e9k n\u00e9lk\u00fcli k\u00e9pess\u00e9geit, tudva, hogy a Siggmo val\u00f3s f\u00e9nyk\u00e9peket k\u00e9sz\u00edt pontosan arr\u00f3l a PCIe-k\u00e1rty\u00e1r\u00f3l, amelyet kap. A min\u0151s\u00e9g ir\u00e1nti elk\u00f6telezetts\u00e9g\u00fcnk biztos\u00edtja, hogy minden v\u00e1s\u00e1rl\u00e1ssal el\u00e9gedett legyen.<\/p>\n<p><strong>Megjegyz\u00e9s:<\/strong> B\u00e1r nem adunk r\u00e9szletes telep\u00edt\u00e9si utas\u00edt\u00e1sokat, \u00fcgyf\u00e9lszolg\u00e1lati csapatunk k\u00e9szs\u00e9ggel \u00e1ll rendelkez\u00e9s\u00e9re, hogy seg\u00edtsen b\u00e1rmilyen k\u00e9rd\u00e9se vagy agg\u00e1lya eset\u00e9n. B\u00edzzon a Siggm\u00f3ban az eredeti Intel laptop-alkatr\u00e9szek\u00e9rt, \u00e9s m\u00e9g ma fokozza vezet\u00e9k n\u00e9lk\u00fcli \u00e9lm\u00e9ny\u00e9t.<\/p>\n<p>Friss\u00edtse laptopja vezet\u00e9k n\u00e9lk\u00fcli kapcsolat\u00e1t \u2013 rendelje meg az OEM Intel Centrino Wireless-N 1030 11230BNHMW PCIe k\u00e1rty\u00e1t most. Siggmo \u2013 A min\u0151s\u00e9gi laptop-alkatr\u00e9szek megb\u00edzhat\u00f3 forr\u00e1sa vil\u00e1gszerte<\/p>\n","protected":false},"excerpt":{"rendered":"<p>B\u0151v\u00edtse laptopja vezet\u00e9k n\u00e9lk\u00fcli kapcsolat\u00e1t az OEM Intel Centrino Wireless-N 1030 11230BNHMW PCIe k\u00e1rty\u00e1val. \u00c9lvezze a megb\u00edzhat\u00f3 Wi-Fi- \u00e9s Bluetooth-kapcsolatokat a z\u00f6kken\u0151mentes b\u00f6ng\u00e9sz\u00e9s \u00e9s eszk\u00f6zp\u00e1ros\u00edt\u00e1s \u00e9rdek\u00e9ben. B\u00edzzon a Siggm\u00f3ban a min\u0151s\u00e9gi laptop alkatr\u00e9szek\u00e9rt.<\/p>\n","protected":false},"featured_media":7525,"template":"","meta":[],"product_brand":[],"product_cat":[27],"product_tag":[],"class_list":{"0":"post-7462","1":"product","2":"type-product","3":"status-publish","4":"has-post-thumbnail","6":"product_cat-motherboards-board-parts","8":"first","9":"instock","10":"taxable","11":"shipping-taxable","12":"purchasable","13":"product-type-simple"},"_links":{"self":[{"href":"https:\/\/boreait.com\/hu\/wp-json\/wp\/v2\/product\/7462","targetHints":{"allow":["GET"]}}],"collection":[{"href":"https:\/\/boreait.com\/hu\/wp-json\/wp\/v2\/product"}],"about":[{"href":"https:\/\/boreait.com\/hu\/wp-json\/wp\/v2\/types\/product"}],"wp:featuredmedia":[{"embeddable":true,"href":"https:\/\/boreait.com\/hu\/wp-json\/wp\/v2\/media\/7525"}],"wp:attachment":[{"href":"https:\/\/boreait.com\/hu\/wp-json\/wp\/v2\/media?parent=7462"}],"wp:term":[{"taxonomy":"product_brand","embeddable":true,"href":"https:\/\/boreait.com\/hu\/wp-json\/wp\/v2\/product_brand?post=7462"},{"taxonomy":"product_cat","embeddable":true,"href":"https:\/\/boreait.com\/hu\/wp-json\/wp\/v2\/product_cat?post=7462"},{"taxonomy":"product_tag","embeddable":true,"href":"https:\/\/boreait.com\/hu\/wp-json\/wp\/v2\/product_tag?post=7462"}],"curies":[{"name":"wp","href":"https:\/\/api.w.org\/{rel}","templated":true}]}}