{"id":746,"date":"2025-09-17T09:31:21","date_gmt":"2025-09-17T07:31:21","guid":{"rendered":"https:\/\/boreait.com\/hu\/?post_type=product&#038;p=746"},"modified":"2026-01-07T14:38:58","modified_gmt":"2026-01-07T13:38:58","slug":"intel-pentium-g3250-sr1k7-320-ghz-3m-5gt-s-foglalat-1150-ketmagos-processzor-cpu","status":"publish","type":"product","link":"https:\/\/boreait.com\/hu\/termek\/intel-pentium-g3250-sr1k7-320-ghz-3m-5gt-s-foglalat-1150-ketmagos-processzor-cpu\/","title":{"rendered":"Intel Pentium G3250 SR1K7 3,20 GHz 3M 5GT\/s foglalat 1150 k\u00e9tmagos processzor \/ CPU"},"content":{"rendered":"<p>Az Intel Pentium G3250 SR1K7 3,20 GHz-es processzort \u00fagy tervezt\u00e9k, hogy megb\u00edzhat\u00f3 \u00e9s hat\u00e9kony teljes\u00edtm\u00e9nyt ny\u00fajtson a mindennapi sz\u00e1m\u00edt\u00e1stechnikai ig\u00e9nyekhez. A k\u00e9t maggal \u00e9s a 3,20 GHz-es alap \u00f3rajellel ez a k\u00e9tmagos processzor biztos\u00edtja a mindennapi feladatok, p\u00e9ld\u00e1ul a webb\u00f6ng\u00e9sz\u00e9s, a dokumentumszerkeszt\u00e9s \u00e9s a multim\u00e9di\u00e1s lej\u00e1tsz\u00e1shoz sz\u00fcks\u00e9ges teljes\u00edtm\u00e9nyt. Ak\u00e1r dolgozik, ak\u00e1r tanul, vagy egyszer\u0171en csak \u00e9lvezi a sz\u00f3rakoz\u00e1st, ez a processzor egyenletes \u00e9s \u00e9rz\u00e9keny teljes\u00edtm\u00e9nyt biztos\u00edt.<\/p>\n<p>A G3250 SR1K7 processzor 3 MB gyors\u00edt\u00f3t\u00e1rral rendelkezik, amely seg\u00edt az adatel\u00e9r\u00e9si sebess\u00e9g \u00e9s a rendszer \u00e1ltal\u00e1nos teljes\u00edtm\u00e9ny\u00e9nek jav\u00edt\u00e1s\u00e1ban. A gyorsabb adatlek\u00e9r\u00e9ssel gyorsabban ind\u00edthat\u00f3 alkalmaz\u00e1sok, g\u00f6rd\u00fcl\u00e9kenyebb t\u00f6bbfeladatos munkav\u00e9gz\u00e9s \u00e9s jobb \u00e1ltal\u00e1nos v\u00e1laszk\u00e9szs\u00e9g. Ez\u00e1ltal a processzor sokf\u00e9le feladatra alkalmas, az alapvet\u0151 irodai munk\u00e1t\u00f3l a k\u00f6nny\u0171 j\u00e1t\u00e9kig \u00e9s a multim\u00e9di\u00e1s lej\u00e1tsz\u00e1sig.<\/p>\n<p>A Socket 1150 kompatibilit\u00e1snak k\u00f6sz\u00f6nhet\u0151en a Pentium G3250 processzor k\u00f6nnyen telep\u00edthet\u0151, \u00e9s sz\u00e1mos alaplappal kompatibilis. Ez biztos\u00edtja a probl\u00e9mamentes friss\u00edt\u00e9si folyamatot, lehet\u0151v\u00e9 t\u00e9ve a rendszer teljes\u00edtm\u00e9ny\u00e9nek jav\u00edt\u00e1s\u00e1t an\u00e9lk\u00fcl, hogy bonyolult telep\u00edt\u00e9sekre vagy hardverm\u00f3dos\u00edt\u00e1sokra lenne sz\u00fcks\u00e9g.<\/p>\n<p>Az Intel Pentium G3250 SR1K7 processzor a hat\u00e9konys\u00e1got szem el\u0151tt tartva k\u00e9sz\u00fclt. Az Intel fejlett gy\u00e1rt\u00e1si folyamat\u00e1t haszn\u00e1lja fel, ami energiahat\u00e9kony m\u0171k\u00f6d\u00e9st \u00e9s cs\u00f6kkentett energiafogyaszt\u00e1st eredm\u00e9nyez. Ez seg\u00edt a rendszer h\u0171v\u00f6s \u00e9s csendes m\u0171k\u00f6d\u00e9s\u00e9ben, mik\u00f6zben minimaliz\u00e1lja az energiak\u00f6lts\u00e9geket.<\/p>\n<p>N\u00f6velje sz\u00e1m\u00edt\u00f3g\u00e9pe teljes\u00edtm\u00e9ny\u00e9t az Intel Pentium G3250 SR1K7 3,20 GHz-es k\u00e9tmagos processzorral. \u00c9lvezze a megb\u00edzhat\u00f3 \u00e9s hat\u00e9kony teljes\u00edtm\u00e9nyt a mindennapi sz\u00e1m\u00edt\u00e1stechnikai feladatokhoz, a webb\u00f6ng\u00e9sz\u00e9st\u0151l a dokumentumszerkeszt\u00e9sig. Megfizethet\u0151 \u00e1r\u00e1nak \u00e9s a Socket 1150 alaplapokkal val\u00f3 kompatibilit\u00e1s\u00e1nak k\u00f6sz\u00f6nhet\u0151en ez az Intel processzor kiv\u00e1l\u00f3 v\u00e1laszt\u00e1s azok sz\u00e1m\u00e1ra, akik p\u00e9nzt\u00f6r\u00e9s n\u00e9lk\u00fcl szeretn\u00e9nek friss\u00edteni.<\/p>\n","protected":false},"excerpt":{"rendered":"<p>N\u00f6velje sz\u00e1m\u00edt\u00f3g\u00e9pe teljes\u00edtm\u00e9ny\u00e9t az Intel Pentium G3250 SR1K7 3,20 GHz-es k\u00e9tmagos processzorral. 3,20 GHz-es alap \u00f3rajel\u00e9vel \u00e9s 3 MB gyors\u00edt\u00f3t\u00e1r\u00e1val ez a CPU megb\u00edzhat\u00f3 \u00e9s hat\u00e9kony teljes\u00edtm\u00e9nyt ny\u00fajt a mindennapi sz\u00e1m\u00edt\u00e1stechnikai feladatokhoz. Socket 1150 kompatibilit\u00e1sa egyszer\u0171 telep\u00edt\u00e9st \u00e9s kompatibilit\u00e1st biztos\u00edt az alaplapok sz\u00e9les sk\u00e1l\u00e1j\u00e1val. Friss\u00edtse rendszer\u00e9t ezzel a megfizethet\u0151 \u00e9s megfelel\u0151 Intel processzorral.<\/p>\n","protected":false},"featured_media":809,"template":"","meta":[],"product_brand":[],"product_cat":[39],"product_tag":[],"class_list":{"0":"post-746","1":"product","2":"type-product","3":"status-publish","4":"has-post-thumbnail","6":"product_cat-processors-cpu","8":"first","9":"instock","10":"taxable","11":"shipping-taxable","12":"purchasable","13":"product-type-simple"},"_links":{"self":[{"href":"https:\/\/boreait.com\/hu\/wp-json\/wp\/v2\/product\/746","targetHints":{"allow":["GET"]}}],"collection":[{"href":"https:\/\/boreait.com\/hu\/wp-json\/wp\/v2\/product"}],"about":[{"href":"https:\/\/boreait.com\/hu\/wp-json\/wp\/v2\/types\/product"}],"wp:featuredmedia":[{"embeddable":true,"href":"https:\/\/boreait.com\/hu\/wp-json\/wp\/v2\/media\/809"}],"wp:attachment":[{"href":"https:\/\/boreait.com\/hu\/wp-json\/wp\/v2\/media?parent=746"}],"wp:term":[{"taxonomy":"product_brand","embeddable":true,"href":"https:\/\/boreait.com\/hu\/wp-json\/wp\/v2\/product_brand?post=746"},{"taxonomy":"product_cat","embeddable":true,"href":"https:\/\/boreait.com\/hu\/wp-json\/wp\/v2\/product_cat?post=746"},{"taxonomy":"product_tag","embeddable":true,"href":"https:\/\/boreait.com\/hu\/wp-json\/wp\/v2\/product_tag?post=746"}],"curies":[{"name":"wp","href":"https:\/\/api.w.org\/{rel}","templated":true}]}}