{"id":7455,"date":"2025-09-17T11:51:03","date_gmt":"2025-09-17T09:51:03","guid":{"rendered":"https:\/\/boreait.com\/hu\/?post_type=product&#038;p=7455"},"modified":"2025-09-17T11:51:25","modified_gmt":"2025-09-17T09:51:25","slug":"eredeti-dell-latitude-e5530-laptop-also-tok-also-burkolat-haz-053fcf","status":"publish","type":"product","link":"https:\/\/boreait.com\/hu\/termek\/eredeti-dell-latitude-e5530-laptop-also-tok-also-burkolat-haz-053fcf\/","title":{"rendered":"Eredeti Dell Latitude E5530 laptop als\u00f3 tok als\u00f3 burkolat h\u00e1z 053FCF"},"content":{"rendered":"<p>N\u00f6velje Dell Latitude E5530 laptopja v\u00e9delm\u00e9t \u00e9s eszt\u00e9tik\u00e1j\u00e1t az eredeti als\u00f3 alaph\u00e1z als\u00f3 burkolattal. A pontoss\u00e1g \u00e9s a tart\u00f3ss\u00e1g szem el\u0151tt tart\u00e1s\u00e1val k\u00e9sz\u00fclt ez az eredeti cserealkatr\u00e9sz, amely fokozott v\u00e9delmet ny\u00fajt a k\u00e9sz\u00fcl\u00e9k alj\u00e1nak, mik\u00f6zben jav\u00edtja annak \u00e1ltal\u00e1nos megjelen\u00e9s\u00e9t. Dell cikksz\u00e1m: 053FCF.<\/p>\n<p>F\u0151bb jellemz\u0151k:<\/p>\n<ul>\n<li>Eredeti Dell csere: A kompatibilit\u00e1s \u00e9s a megb\u00edzhat\u00f3s\u00e1g biztos\u00edt\u00e1sa hiteles cserealkatr\u00e9szekkel.<\/li>\n<li>Tov\u00e1bbfejlesztett v\u00e9delem: \u00d3vja meg Dell Latitude E5530 alj\u00e1t a karcol\u00e1sokt\u00f3l, port\u00f3l \u00e9s egy\u00e9b s\u00e9r\u00fcl\u00e9sekt\u0151l ezzel az er\u0151s als\u00f3 burkolattal.<\/li>\n<li>K\u00f6nny\u0171 telep\u00edt\u00e9s: k\u00f6nnyed\u00e9n friss\u00edtheti laptopj\u00e1t an\u00e9lk\u00fcl, hogy professzion\u00e1lis seg\u00edts\u00e9gre lenne sz\u00fcks\u00e9ge.<\/li>\n<li>Tov\u00e1bbfejlesztett eszt\u00e9tika: Jav\u00edtsa laptopja megjelen\u00e9s\u00e9t ezzel a karcs\u00fa \u00e9s tart\u00f3s als\u00f3 alaptokkal.<\/li>\n<\/ul>\n<p>Friss\u00edtse laptopja v\u00e9delm\u00e9t: Tapasztalja meg a nagyobb tart\u00f3ss\u00e1got \u00e9s a nyugalmat ezzel az eredeti als\u00f3 alaph\u00e1z als\u00f3 burkolattal. V\u00e9dje k\u00e9sz\u00fcl\u00e9k\u00e9t a mindennapi elhaszn\u00e1l\u00f3d\u00e1st\u00f3l, mik\u00f6zben meg\u0151rzi karcs\u00fa megjelen\u00e9s\u00e9t.<\/p>\n<p>Egyszer\u0171 telep\u00edt\u00e9s: Egyszer\u0171 telep\u00edt\u00e9ssel k\u00f6nnyed\u00e9n friss\u00edtheti laptopj\u00e1t, nincs sz\u00fcks\u00e9g szakmai seg\u00edts\u00e9gre. \u00c9lvezze eszk\u00f6ze v\u00e9delm\u00e9nek \u00e9s eszt\u00e9tik\u00e1j\u00e1nak probl\u00e9mamentes jav\u00edt\u00e1s\u00e1t.<\/p>\n<p>Min\u0151s\u00e9gbiztos\u00edt\u00e1s: Biztos lehet benne, hogy egy kiv\u00e1l\u00f3 min\u0151s\u00e9g\u0171, eredeti Dell cserealkatr\u00e9szbe fektet be, amelyet a megb\u00edzhat\u00f3s\u00e1g \u00e9s a hossz\u00fa \u00e9lettartam \u00e9rdek\u00e9ben terveztek.<\/p>\n<p>K\u00e9rj\u00fck, vegye figyelembe, hogy b\u00e1r a r\u00e9szletes telep\u00edt\u00e9si utas\u00edt\u00e1sokat nem adjuk meg, nyugodtan forduljon hozz\u00e1nk, ha k\u00e9rd\u00e9se van, vagy seg\u00edts\u00e9gre van sz\u00fcks\u00e9ge. A list\u00e1n szerepl\u0151 val\u00f3di term\u00e9kfot\u00f3k pontosan le\u00edrj\u00e1k, hogy mit fog kapni, t\u00fckr\u00f6zve az \u00e1tl\u00e1that\u00f3s\u00e1g \u00e9s az \u00fcgyfelek el\u00e9gedetts\u00e9ge ir\u00e1nti elk\u00f6telezetts\u00e9g\u00fcnket.<\/p>\n<p>Friss\u00edtse Dell Latitude E5530 laptopj\u00e1t m\u00e9g ma az eredeti als\u00f3 alaph\u00e1z als\u00f3 burkolattal. V\u00e1s\u00e1roljon bizalommal, tudva, hogy laptopja min\u0151s\u00e9gi cserealkatr\u00e9sz\u00e9be fektet be. Ha k\u00e9rd\u00e9se van, vagy tov\u00e1bbi seg\u00edts\u00e9gre van sz\u00fcks\u00e9ge, ne habozzon kapcsolatba l\u00e9pni vel\u00fcnk. Az\u00e9rt vagyunk itt, hogy seg\u00edts\u00fcnk eszk\u00f6ze v\u00e9delm\u00e9nek \u00e9s eszt\u00e9tik\u00e1j\u00e1nak fokoz\u00e1s\u00e1ban.<\/p>\n","protected":false},"excerpt":{"rendered":"<p>Fokozza a Dell Latitude E5530 v\u00e9delm\u00e9t \u00e9s eszt\u00e9tik\u00e1j\u00e1t ezzel az eredeti als\u00f3 alaph\u00e1z als\u00f3 burkolattal. Az \u00d6n k\u00e9sz\u00fcl\u00e9k\u00e9vel kompatibilis ez a cserealkatr\u00e9sz biztos\u00edtja a tart\u00f3ss\u00e1got \u00e9s a megb\u00edzhat\u00f3s\u00e1got. Friss\u00edtse laptopj\u00e1t m\u00e9g ma!<\/p>\n","protected":false},"featured_media":7495,"template":"","meta":[],"product_brand":[],"product_cat":[16],"product_tag":[17],"class_list":{"0":"post-7455","1":"product","2":"type-product","3":"status-publish","4":"has-post-thumbnail","6":"product_cat-laptop-housing","7":"product_tag-dell","9":"first","10":"instock","11":"taxable","12":"shipping-taxable","13":"purchasable","14":"product-type-simple"},"_links":{"self":[{"href":"https:\/\/boreait.com\/hu\/wp-json\/wp\/v2\/product\/7455","targetHints":{"allow":["GET"]}}],"collection":[{"href":"https:\/\/boreait.com\/hu\/wp-json\/wp\/v2\/product"}],"about":[{"href":"https:\/\/boreait.com\/hu\/wp-json\/wp\/v2\/types\/product"}],"wp:featuredmedia":[{"embeddable":true,"href":"https:\/\/boreait.com\/hu\/wp-json\/wp\/v2\/media\/7495"}],"wp:attachment":[{"href":"https:\/\/boreait.com\/hu\/wp-json\/wp\/v2\/media?parent=7455"}],"wp:term":[{"taxonomy":"product_brand","embeddable":true,"href":"https:\/\/boreait.com\/hu\/wp-json\/wp\/v2\/product_brand?post=7455"},{"taxonomy":"product_cat","embeddable":true,"href":"https:\/\/boreait.com\/hu\/wp-json\/wp\/v2\/product_cat?post=7455"},{"taxonomy":"product_tag","embeddable":true,"href":"https:\/\/boreait.com\/hu\/wp-json\/wp\/v2\/product_tag?post=7455"}],"curies":[{"name":"wp","href":"https:\/\/api.w.org\/{rel}","templated":true}]}}