{"id":7454,"date":"2025-09-17T11:51:03","date_gmt":"2025-09-17T09:51:03","guid":{"rendered":"https:\/\/boreait.com\/hu\/?post_type=product&#038;p=7454"},"modified":"2026-01-27T10:00:36","modified_gmt":"2026-01-27T09:00:36","slug":"eredeti-6017b0128401-laptop-lcd-kepernyo-kabel-a-hp-compaq-550-540-6520s-6720s-keszulekhez","status":"publish","type":"product","link":"https:\/\/boreait.com\/hu\/termek\/eredeti-6017b0128401-laptop-lcd-kepernyo-kabel-a-hp-compaq-550-540-6520s-6720s-keszulekhez\/","title":{"rendered":"Eredeti 6017B0128401 laptop LCD k\u00e9perny\u0151 k\u00e1bel a HP Compaq 550 540 6520S 6720S k\u00e9sz\u00fcl\u00e9khez"},"content":{"rendered":"<p>N\u00f6velje HP Compaq laptopja megjelen\u00edt\u00e9si teljes\u00edtm\u00e9ny\u00e9t az eredeti 6017B0128401 LCD-k\u00e9perny\u0151 k\u00e1bellel. Ez a prec\u00edzen \u00e9s megb\u00edzhat\u00f3an megalkotott hiteles cserealkatr\u00e9sz optim\u00e1lis kapcsolatot biztos\u00edt az LCD-k\u00e9perny\u0151 \u00e9s az alaplap k\u00f6z\u00f6tt, tiszta \u00e9s \u00e9les k\u00e9pet biztos\u00edtva.<\/p>\n<p>F\u0151bb jellemz\u0151k:<\/p>\n<ul>\n<li>Eredeti HP Compaq csere: Biztos\u00edtsa a kompatibilit\u00e1st \u00e9s a megb\u00edzhat\u00f3s\u00e1got az eredeti cserealkatr\u00e9szekkel.<\/li>\n<li>Egyszer\u0171 telep\u00edt\u00e9s: Egyszer\u0171 telep\u00edt\u00e9ssel k\u00f6nnyed\u00e9n friss\u00edtheti laptopja kijelz\u0151j\u00e9t, nincs sz\u00fcks\u00e9g szakmai seg\u00edts\u00e9gre.<\/li>\n<li>Tov\u00e1bbfejlesztett megjelen\u00edt\u00e9si teljes\u00edtm\u00e9ny: \u00c9lvezze a tiszta \u00e9s \u00e9les k\u00e9pet az LCD-k\u00e9perny\u0151 \u00e9s az alaplap k\u00f6z\u00f6tti megb\u00edzhat\u00f3 kapcsolat r\u00e9v\u00e9n.<\/li>\n<li>Kompatibilit\u00e1s: Kompatibilis a HP Compaq 550, 540, 6520S \u00e9s 6720S modellekkel.<\/li>\n<\/ul>\n<p>Friss\u00edtse HP Compaq laptopj\u00e1t m\u00e9g ma az eredeti 6017B0128401 LCD-k\u00e9perny\u0151 k\u00e1bellel. V\u00e1s\u00e1roljon bizalommal, tudva, hogy laptopja min\u0151s\u00e9gi cserealkatr\u00e9sz\u00e9be fektet be. K\u00e9rj\u00fck, vegye figyelembe, hogy b\u00e1r r\u00e9szletes telep\u00edt\u00e9si utas\u00edt\u00e1sokat nem adunk meg, nyugodtan forduljon bizalommal, ha k\u00e9rd\u00e9se van, vagy seg\u00edts\u00e9gre van sz\u00fcks\u00e9ge. A list\u00e1n szerepl\u0151 val\u00f3di term\u00e9kfot\u00f3k pontosan le\u00edrj\u00e1k, hogy mit fog kapni, t\u00fckr\u00f6zve az \u00e1tl\u00e1that\u00f3s\u00e1g \u00e9s az \u00fcgyfelek el\u00e9gedetts\u00e9ge ir\u00e1nti elk\u00f6telezetts\u00e9g\u00fcnket. Ha k\u00e9rd\u00e9se van, vagy tov\u00e1bbi seg\u00edts\u00e9gre van sz\u00fcks\u00e9ge, ne habozzon kapcsolatba l\u00e9pni vel\u00fcnk. Az\u00e9rt vagyunk itt, hogy seg\u00edts\u00fcnk laptopja kijelz\u0151i teljes\u00edtm\u00e9ny\u00e9nek jav\u00edt\u00e1s\u00e1ban.<\/p>\n","protected":false},"excerpt":{"rendered":"<p>N\u00f6velje HP Compaq laptopja megjelen\u00edt\u00e9si teljes\u00edtm\u00e9ny\u00e9t ezzel az eredeti 6017B0128401 LCD-k\u00e9perny\u0151 k\u00e1bellel. Kompatibilis az 550, 540, 6520S \u00e9s 6720S modellekkel. Friss\u00edtse laptopja kijelz\u0151j\u00e9t m\u00e9g ma!<\/p>\n","protected":false},"featured_media":7494,"template":"","meta":[],"product_brand":[],"product_cat":[20],"product_tag":[],"class_list":{"0":"post-7454","1":"product","2":"type-product","3":"status-publish","4":"has-post-thumbnail","6":"product_cat-cables","8":"first","9":"instock","10":"taxable","11":"shipping-taxable","12":"purchasable","13":"product-type-simple"},"_links":{"self":[{"href":"https:\/\/boreait.com\/hu\/wp-json\/wp\/v2\/product\/7454","targetHints":{"allow":["GET"]}}],"collection":[{"href":"https:\/\/boreait.com\/hu\/wp-json\/wp\/v2\/product"}],"about":[{"href":"https:\/\/boreait.com\/hu\/wp-json\/wp\/v2\/types\/product"}],"wp:featuredmedia":[{"embeddable":true,"href":"https:\/\/boreait.com\/hu\/wp-json\/wp\/v2\/media\/7494"}],"wp:attachment":[{"href":"https:\/\/boreait.com\/hu\/wp-json\/wp\/v2\/media?parent=7454"}],"wp:term":[{"taxonomy":"product_brand","embeddable":true,"href":"https:\/\/boreait.com\/hu\/wp-json\/wp\/v2\/product_brand?post=7454"},{"taxonomy":"product_cat","embeddable":true,"href":"https:\/\/boreait.com\/hu\/wp-json\/wp\/v2\/product_cat?post=7454"},{"taxonomy":"product_tag","embeddable":true,"href":"https:\/\/boreait.com\/hu\/wp-json\/wp\/v2\/product_tag?post=7454"}],"curies":[{"name":"wp","href":"https:\/\/api.w.org\/{rel}","templated":true}]}}