{"id":7453,"date":"2025-09-17T11:51:03","date_gmt":"2025-09-17T09:51:03","guid":{"rendered":"https:\/\/boreait.com\/hu\/?post_type=product&#038;p=7453"},"modified":"2025-09-17T11:51:22","modified_gmt":"2025-09-17T09:51:22","slug":"eredeti-hp-compaq-presario-6720s-laptop-lcd-elulso-burkolat-456807-001","status":"publish","type":"product","link":"https:\/\/boreait.com\/hu\/termek\/eredeti-hp-compaq-presario-6720s-laptop-lcd-elulso-burkolat-456807-001\/","title":{"rendered":"Eredeti HP Compaq Presario 6720S laptop LCD el\u00fcls\u0151 burkolat 456807-001"},"content":{"rendered":"<p>Emelje fel HP Compaq Presario 6720S laptopja megjelen\u00e9s\u00e9t \u00e9s v\u00e9delm\u00e9t az eredeti LCD el\u00fcls\u0151 burkolattal, cikksz\u00e1m: 456807-001. Ez a prec\u00edzen \u00e9s megb\u00edzhat\u00f3an megalkotott hiteles cserealkatr\u00e9sz nemcsak laptopja megjelen\u00e9s\u00e9t jav\u00edtja, hanem az LCD-k\u00e9perny\u0151t is v\u00e9di.<\/p>\n<p>F\u0151bb jellemz\u0151k:<\/p>\n<ul>\n<li>Eredeti HP csere: Biztos\u00edtsa a kompatibilit\u00e1st \u00e9s a megb\u00edzhat\u00f3s\u00e1got az eredeti cserealkatr\u00e9szekkel.<\/li>\n<li>Egyszer\u0171 telep\u00edt\u00e9s: Egyszer\u0171 telep\u00edt\u00e9ssel k\u00f6nnyed\u00e9n jav\u00edthatja laptopja megjelen\u00e9s\u00e9t, nincs sz\u00fcks\u00e9g szakmai seg\u00edts\u00e9gre.<\/li>\n<li>Tov\u00e1bbfejlesztett v\u00e9delem: V\u00e9dje meg az LCD-k\u00e9perny\u0151t a port\u00f3l, t\u00f6rmel\u00e9kt\u0151l \u00e9s az esetleges s\u00e9r\u00fcl\u00e9sekt\u0151l ezzel a massz\u00edv el\u0151lap bor\u00edt\u00e1ssal.<\/li>\n<\/ul>\n<p>Friss\u00edtse laptopja megjelen\u00e9s\u00e9t: Tapasztalja meg a jobb eszt\u00e9tikai megjelen\u00e9st azzal, hogy tov\u00e1bbfejleszti laptopja megjelen\u00e9s\u00e9t ezzel az eleg\u00e1ns el\u0151lapi bor\u00edt\u00e1ssal.<\/p>\n<p>Min\u0151s\u00e9gbiztos\u00edt\u00e1s: Biztos lehet benne, hogy egy kiv\u00e1l\u00f3 min\u0151s\u00e9g\u0171, eredeti HP cserealkatr\u00e9szbe fektet be, amelyet a megb\u00edzhat\u00f3s\u00e1g \u00e9s a hossz\u00fa \u00e9lettartam \u00e9rdek\u00e9ben terveztek.<\/p>\n<p>K\u00e9rj\u00fck, vegye figyelembe, hogy b\u00e1r a r\u00e9szletes telep\u00edt\u00e9si utas\u00edt\u00e1sokat nem adjuk meg, nyugodtan forduljon hozz\u00e1nk, ha k\u00e9rd\u00e9se van, vagy seg\u00edts\u00e9gre van sz\u00fcks\u00e9ge. A list\u00e1n szerepl\u0151 val\u00f3di term\u00e9kfot\u00f3k pontosan le\u00edrj\u00e1k, hogy mit fog kapni, t\u00fckr\u00f6zve az \u00e1tl\u00e1that\u00f3s\u00e1g \u00e9s az \u00fcgyfelek el\u00e9gedetts\u00e9ge ir\u00e1nti elk\u00f6telezetts\u00e9g\u00fcnket.<\/p>\n<p>Friss\u00edtse HP Compaq Presario 6720S laptopj\u00e1t m\u00e9g ma az eredeti LCD el\u0151lap bor\u00edt\u00e1s\u00e1val. V\u00e1s\u00e1roljon bizalommal, tudva, hogy laptopja min\u0151s\u00e9gi cserealkatr\u00e9sz\u00e9be fektet be. Ha k\u00e9rd\u00e9se van, vagy tov\u00e1bbi seg\u00edts\u00e9gre van sz\u00fcks\u00e9ge, ne habozzon kapcsolatba l\u00e9pni vel\u00fcnk. Az\u00e9rt vagyunk itt, hogy seg\u00edts\u00fcnk eszk\u00f6ze eszt\u00e9tik\u00e1j\u00e1nak \u00e9s v\u00e9delm\u00e9nek jav\u00edt\u00e1s\u00e1ban.<\/p>\n","protected":false},"excerpt":{"rendered":"<p>N\u00f6velje HP Compaq Presario 6720S laptopja megjelen\u00e9s\u00e9t ezzel az eredeti LCD el\u0151lap bor\u00edt\u00e1ssal. K\u00f6nnyen telep\u00edthet\u0151 \u00e9s kompatibilis a 456807-001 cikksz\u00e1mmal. Friss\u00edtse laptopja eszt\u00e9tik\u00e1j\u00e1t m\u00e9g ma!<\/p>\n","protected":false},"featured_media":7492,"template":"","meta":[],"product_brand":[],"product_cat":[16],"product_tag":[25],"class_list":{"0":"post-7453","1":"product","2":"type-product","3":"status-publish","4":"has-post-thumbnail","6":"product_cat-laptop-housing","7":"product_tag-hp","9":"first","10":"instock","11":"taxable","12":"shipping-taxable","13":"purchasable","14":"product-type-simple"},"_links":{"self":[{"href":"https:\/\/boreait.com\/hu\/wp-json\/wp\/v2\/product\/7453","targetHints":{"allow":["GET"]}}],"collection":[{"href":"https:\/\/boreait.com\/hu\/wp-json\/wp\/v2\/product"}],"about":[{"href":"https:\/\/boreait.com\/hu\/wp-json\/wp\/v2\/types\/product"}],"wp:featuredmedia":[{"embeddable":true,"href":"https:\/\/boreait.com\/hu\/wp-json\/wp\/v2\/media\/7492"}],"wp:attachment":[{"href":"https:\/\/boreait.com\/hu\/wp-json\/wp\/v2\/media?parent=7453"}],"wp:term":[{"taxonomy":"product_brand","embeddable":true,"href":"https:\/\/boreait.com\/hu\/wp-json\/wp\/v2\/product_brand?post=7453"},{"taxonomy":"product_cat","embeddable":true,"href":"https:\/\/boreait.com\/hu\/wp-json\/wp\/v2\/product_cat?post=7453"},{"taxonomy":"product_tag","embeddable":true,"href":"https:\/\/boreait.com\/hu\/wp-json\/wp\/v2\/product_tag?post=7453"}],"curies":[{"name":"wp","href":"https:\/\/api.w.org\/{rel}","templated":true}]}}